{"id":137066,"date":"2024-01-30T18:18:15","date_gmt":"2024-01-30T18:18:15","guid":{"rendered":"https:\/\/staging.nbg.eu\/product\/geissele-gfr-6mm-arc-maritime-reconnaissance-18-rifle-ddc\/"},"modified":"2025-01-09T10:24:06","modified_gmt":"2025-01-09T10:24:06","slug":"geissele-gfr-6mm-arc-maritime-reconnaissance-18-puska-ddc","status":"publish","type":"product","link":"https:\/\/staging.nbg.eu\/sl\/izdelek\/geissele-gfr-6mm-arc-maritime-reconnaissance-18-puska-ddc\/","title":{"rendered":"Geissele GFR 6MM ARC Maritime Reconnaissance, 18&#8243;, pu\u0161ka &#8211; DDC"},"content":{"rendered":"<div class=\"product-description\">\n<h2>Geissele GFR 6MM ARC Pomorska Izvidni\u0161ka Pu\u0161ka &#8211; DDC<\/h2>\n<p>Geissele Freedom Rifle (GFR) 18&#8243; Pomorska Izvidni\u0161ka Pu\u0161ka je AR15 pu\u0161ka. Ta strelno oro\u017eje zdru\u017euje in\u017eeniring in tehnologijo za doseganje zmogljivosti.<\/p>\n<h2>Klju\u010dne zna\u010dilnosti:<\/h2>\n<ul>\n<li>18&#8243; kromirana cev, kovana na hladno (1:7.5 zavoj)<\/li>\n<li>Kaliber 6MM ARC za natan\u010dnost na dolge razdalje<\/li>\n<li>GFR-E spro\u017eilec z Nanoweapon prevleko<\/li>\n<li>Zanesljiv nosilec zaklepa (REBCG) z Nanoweapon prevleko<\/li>\n<li>16.5&#8243; MK16 modularna tirnica s sredinskim poravnalnim jezi\u010dkom<\/li>\n<li>HUXWRX bla\u017eilec plamena-QD 6MM ARC pripravljeno za du\u0161ilec zvoka<\/li>\n<li>Geissele Super ro\u010dica za napenjanje in pomorski lovilec zaklepa<\/li>\n<li>Geissele SBS kopito s \u0161tirimi QD priklju\u010dki za jermen<\/li>\n<li>Super 42 bla\u017eilni sistem<\/li>\n<li>Barva pu\u0161\u010davskega peska (DDC)<\/li>\n<\/ul>\n<h2>Tehni\u010dne specifikacije:<\/h2>\n<ul>\n<li>Dol\u017eina (skr\u010dena): 36 1\/8&#8243;<\/li>\n<li>Dol\u017eina (raztegnjena): 39 3\/8&#8243;<\/li>\n<li>Te\u017ea: Pribli\u017eno 7.8 lbs<\/li>\n<li>Plinski sistem: Pu\u0161kina dol\u017eina +1<\/li>\n<li>Plinski blok: Kompaktni plinski blok<\/li>\n<\/ul>\n<p>GFR Pomorska Izvidni\u0161ka Pu\u0161ka ima Geissele Nanoweapon prevleko, ki nudi odpornost proti koroziji, obrabi in abraziji. Ta povr\u0161ina omogo\u010da enostavno \u010di\u0161\u010denje in zanesljivo delovanje z minimalnim mazanjem.<\/p>\n<p>Geissele GFR 6MM ARC Pomorska Izvidni\u0161ka Pu\u0161ka zdru\u017euje inovacije in natan\u010dnost.<\/p>\n<\/div>\n","protected":false},"excerpt":{"rendered":"<p>Natan\u010dno izdelana 18-pal\u010dna (45,7 cm) pu\u0161ka kalibra 6MM ARC z naprednimi funkcijami za pomorsko uporabo.<\/p>\n","protected":false},"featured_media":81530,"template":"","meta":{"_acf_changed":false},"product_brand":[11389],"product_cat":[13480,13483],"product_tag":[],"class_list":{"0":"post-137066","1":"product","2":"type-product","3":"status-publish","4":"has-post-thumbnail","6":"product_brand-geissele","7":"product_cat-karabinke","8":"product_cat-puska","10":"first","11":"instock","12":"taxable","13":"shipping-taxable","14":"product-type-simple"},"acf":[],"_links":{"self":[{"href":"https:\/\/staging.nbg.eu\/sl\/wp-json\/wp\/v2\/product\/137066","targetHints":{"allow":["GET"]}}],"collection":[{"href":"https:\/\/staging.nbg.eu\/sl\/wp-json\/wp\/v2\/product"}],"about":[{"href":"https:\/\/staging.nbg.eu\/sl\/wp-json\/wp\/v2\/types\/product"}],"wp:featuredmedia":[{"embeddable":true,"href":"https:\/\/staging.nbg.eu\/sl\/wp-json\/wp\/v2\/media\/81530"}],"wp:attachment":[{"href":"https:\/\/staging.nbg.eu\/sl\/wp-json\/wp\/v2\/media?parent=137066"}],"wp:term":[{"taxonomy":"product_brand","embeddable":true,"href":"https:\/\/staging.nbg.eu\/sl\/wp-json\/wp\/v2\/product_brand?post=137066"},{"taxonomy":"product_cat","embeddable":true,"href":"https:\/\/staging.nbg.eu\/sl\/wp-json\/wp\/v2\/product_cat?post=137066"},{"taxonomy":"product_tag","embeddable":true,"href":"https:\/\/staging.nbg.eu\/sl\/wp-json\/wp\/v2\/product_tag?post=137066"}],"curies":[{"name":"wp","href":"https:\/\/api.w.org\/{rel}","templated":true}]}}