{"id":136714,"date":"2024-11-26T18:21:35","date_gmt":"2025-01-09T09:44:43","guid":{"rendered":"https:\/\/staging.nbg.eu\/product\/geissele-border-patrol-pistol-11-5-5-56mm-black\/"},"modified":"2025-02-04T09:19:01","modified_gmt":"2025-02-04T09:19:01","slug":"geissele-border-patrol-pistola-115-556mm-crna","status":"publish","type":"product","link":"https:\/\/staging.nbg.eu\/sl\/izdelek\/geissele-border-patrol-pistola-115-556mm-crna\/","title":{"rendered":"Geissele Border Patrol pi\u0161tola, 11,5&#8243;, 5,56MM &#8211; \u010drna"},"content":{"rendered":"<h2>Geissele Border Patrol pu\u0161ka, 11,5&#8243;, 5,56MM &#8211; \u010crna<\/h2>\n<p>Geissele Border Patrol pu\u0161ka je AR-15 pu\u0161ka, zasnovana za zanesljivo delovanje v zahtevnih pogojih. To lahko in okretno strelno oro\u017eje ponuja izjemno zmogljivost in trpe\u017enost.<\/p>\n<h2>Klju\u010dne lastnosti:<\/h2>\n<ul>\n<li>11,5&#8243; hladno kovano cev s kromiranim vrtanjem in korakom navoja 1:7<\/li>\n<li>Plinski sistem karabinske dol\u017eine s plinskim blokom iz nerjave\u010dega jekla 17-4<\/li>\n<li>9,6&#8243; MK20 Super Modular Rail z M-Lok re\u017eami<\/li>\n<li>Super Duty kovani zgornji in spodnji sprejemnik iz aluminija 7075 T6<\/li>\n<li>Geissele Government ro\u010dica za napenjanje za obojestransko uporabo<\/li>\n<li>H2 bla\u017eilnik s pleteno \u017ei\u010dno vzmetjo za ve\u010djo zanesljivost<\/li>\n<li>ALG Defense Advanced Combat spro\u017eilec z nikelj-borovim premazom<\/li>\n<li>SB Tactical SBA3 pi\u0161tolska opora<\/li>\n<\/ul>\n<h2>Tehni\u010dne specifikacije:<\/h2>\n<ul>\n<li>Kaliber: 5,56MM NATO<\/li>\n<li>Te\u017ea: Pribli\u017eno 2,7 kg<\/li>\n<li>Dol\u017eina: 69,9 cm (zlo\u017eena) do 76,2 cm (raztegnjena)<\/li>\n<li>Skupina nosilca zaklepa: Geissele BCG s prevleko iz manganovega fosfata<\/li>\n<li>Naprava na ustju cevi: A2 Zaviralec bliska<\/li>\n<\/ul>\n<p>Border Patrol pi\u0161tola zdru\u017euje voja\u0161ke specifikacije z izbolj\u0161avami zmogljivosti, kar jo naredi odli\u010dno izbiro za tiste, ki i\u0161\u010dejo zanesljivo in trpe\u017eno AR-15 pi\u0161tolo za dolgotrajno uporabo v te\u017ekih pogojih.<\/p>\n","protected":false},"excerpt":{"rendered":"<p>Kompaktna 11,5-pal\u010dna AR pu\u0161ka z vrhunskimi komponentami za zanesljivost in zmogljivost.<\/p>\n","protected":false},"featured_media":191311,"template":"","meta":{"_acf_changed":false},"product_brand":[11389],"product_cat":[13480,13483],"product_tag":[],"class_list":{"0":"post-136714","1":"product","2":"type-product","3":"status-publish","4":"has-post-thumbnail","6":"product_brand-geissele","7":"product_cat-karabinke","8":"product_cat-puska","10":"first","11":"instock","12":"taxable","13":"shipping-taxable","14":"product-type-simple"},"acf":[],"_links":{"self":[{"href":"https:\/\/staging.nbg.eu\/sl\/wp-json\/wp\/v2\/product\/136714","targetHints":{"allow":["GET"]}}],"collection":[{"href":"https:\/\/staging.nbg.eu\/sl\/wp-json\/wp\/v2\/product"}],"about":[{"href":"https:\/\/staging.nbg.eu\/sl\/wp-json\/wp\/v2\/types\/product"}],"wp:featuredmedia":[{"embeddable":true,"href":"https:\/\/staging.nbg.eu\/sl\/wp-json\/wp\/v2\/media\/191311"}],"wp:attachment":[{"href":"https:\/\/staging.nbg.eu\/sl\/wp-json\/wp\/v2\/media?parent=136714"}],"wp:term":[{"taxonomy":"product_brand","embeddable":true,"href":"https:\/\/staging.nbg.eu\/sl\/wp-json\/wp\/v2\/product_brand?post=136714"},{"taxonomy":"product_cat","embeddable":true,"href":"https:\/\/staging.nbg.eu\/sl\/wp-json\/wp\/v2\/product_cat?post=136714"},{"taxonomy":"product_tag","embeddable":true,"href":"https:\/\/staging.nbg.eu\/sl\/wp-json\/wp\/v2\/product_tag?post=136714"}],"curies":[{"name":"wp","href":"https:\/\/api.w.org\/{rel}","templated":true}]}}