{"id":136594,"date":"2024-11-26T10:16:42","date_gmt":"2024-11-26T10:16:42","guid":{"rendered":"https:\/\/staging.nbg.eu\/product\/geissele-alg-defense-barrel-nut-wrench\/"},"modified":"2025-01-09T09:21:31","modified_gmt":"2025-01-09T09:21:31","slug":"geissele-alg-defense-kljuc-za-matico-cevi","status":"publish","type":"product","link":"https:\/\/staging.nbg.eu\/sl\/izdelek\/geissele-alg-defense-kljuc-za-matico-cevi\/","title":{"rendered":"Geissele ALG Defense klju\u010d za matico cevi"},"content":{"rendered":"<div class=\"product-description\">\n<h2>ALG Defense klju\u010d za matico cevi<\/h2>\n<p>ALG Defense klju\u010d za matico cevi je orodje za ljubitelje strelnega oro\u017eja in pu\u0161karje. Ta klju\u010d vam omogo\u010da:<\/p>\n<ul>\n<li>Pravilno zategniti matico cevi<\/li>\n<li>Isto\u010dasno nastaviti matico cevi glede na plinsko cev<\/li>\n<li>Sestaviti ALG Defense sisteme vodil brez momentnega klju\u010da<\/li>\n<\/ul>\n<p>Ta klju\u010d poenostavlja postopek namestitve. Njegova zasnova zagotavlja dosledne rezultate pri vsaki uporabi.<\/p>\n<p>ALG Defense klju\u010d za matico cevi je uporaben za sestavljanje in vzdr\u017eevanje strelnega oro\u017eja.<\/p>\n<\/div>\n","protected":false},"excerpt":{"rendered":"<p>ALG Defense klju\u010d za matico cevi: Enostavno navijanje in indeksiranje, brez dodatne opreme.<\/p>\n","protected":false},"featured_media":81250,"template":"","meta":{"_acf_changed":false},"product_brand":[11389],"product_cat":[13432],"product_tag":[],"class_list":{"0":"post-136594","1":"product","2":"type-product","3":"status-publish","4":"has-post-thumbnail","6":"product_brand-geissele","7":"product_cat-nastavitve-puske","9":"first","10":"instock","11":"taxable","12":"shipping-taxable","13":"product-type-simple"},"acf":[],"_links":{"self":[{"href":"https:\/\/staging.nbg.eu\/sl\/wp-json\/wp\/v2\/product\/136594","targetHints":{"allow":["GET"]}}],"collection":[{"href":"https:\/\/staging.nbg.eu\/sl\/wp-json\/wp\/v2\/product"}],"about":[{"href":"https:\/\/staging.nbg.eu\/sl\/wp-json\/wp\/v2\/types\/product"}],"wp:featuredmedia":[{"embeddable":true,"href":"https:\/\/staging.nbg.eu\/sl\/wp-json\/wp\/v2\/media\/81250"}],"wp:attachment":[{"href":"https:\/\/staging.nbg.eu\/sl\/wp-json\/wp\/v2\/media?parent=136594"}],"wp:term":[{"taxonomy":"product_brand","embeddable":true,"href":"https:\/\/staging.nbg.eu\/sl\/wp-json\/wp\/v2\/product_brand?post=136594"},{"taxonomy":"product_cat","embeddable":true,"href":"https:\/\/staging.nbg.eu\/sl\/wp-json\/wp\/v2\/product_cat?post=136594"},{"taxonomy":"product_tag","embeddable":true,"href":"https:\/\/staging.nbg.eu\/sl\/wp-json\/wp\/v2\/product_tag?post=136594"}],"curies":[{"name":"wp","href":"https:\/\/api.w.org\/{rel}","templated":true}]}}