{"id":134544,"date":"2024-11-26T10:10:26","date_gmt":"2025-01-08T18:01:18","guid":{"rendered":"https:\/\/staging.nbg.eu\/product\/geissele-ak-braided-spring\/"},"modified":"2025-01-08T18:02:58","modified_gmt":"2025-01-08T18:02:58","slug":"geissele-ak-pletena-vzmet","status":"publish","type":"product","link":"https:\/\/staging.nbg.eu\/sl\/izdelek\/geissele-ak-pletena-vzmet\/","title":{"rendered":"Geissele AK pletena vzmet"},"content":{"rendered":"<div class=\"product-description\">\n<h2>Geissele AK pletena vzmet<\/h2>\n<p>Nadgradite svojo AK47\/74 pu\u0161ko z ALG AK pleteno glavno vzmetjo, nadomestno vzmetjo za standardno povratno vzmet. Ta vzmet, izdelana v ZDA, ima naslednje lastnosti:<\/p>\n<ul>\n<li>Tri niti kakovostne \u017eice za vzmeti<\/li>\n<li>Pletena konstrukcija za ve\u010djo trpe\u017enost<\/li>\n<li>Izbolj\u0161ano delovanje in zanesljivost<\/li>\n<li>Zdru\u017eljiva z razli\u010dicami AK47 in AK74<\/li>\n<\/ul>\n<p>Ta vzmet omogo\u010da bolj teko\u010de delovanje in konstantno zmogljivost. Pletena zasnova nudi dalj\u0161o \u017eivljenjsko dobo v primerjavi s tradicionalnimi vzmetmi iz ene \u017eice, kar zagotavlja, da va\u0161a AK ohranja optimalno zmogljivost ve\u010d let. Ta nadgradnja izbolj\u0161a funkcionalnost va\u0161e pu\u0161ke.<\/p>\n<\/div>\n","protected":false},"excerpt":{"rendered":"<p>Izbolj\u0161ajte zmogljivost AK47\/74 z glavno vzmetjo, pleteno v ZDA.<\/p>\n","protected":false},"featured_media":81110,"template":"","meta":{"_acf_changed":false},"product_brand":[11389],"product_cat":[13417],"product_tag":[],"class_list":{"0":"post-134544","1":"product","2":"type-product","3":"status-publish","4":"has-post-thumbnail","6":"product_brand-geissele","7":"product_cat-ak-nastavitve","9":"first","10":"instock","11":"taxable","12":"shipping-taxable","13":"product-type-simple"},"acf":[],"_links":{"self":[{"href":"https:\/\/staging.nbg.eu\/sl\/wp-json\/wp\/v2\/product\/134544","targetHints":{"allow":["GET"]}}],"collection":[{"href":"https:\/\/staging.nbg.eu\/sl\/wp-json\/wp\/v2\/product"}],"about":[{"href":"https:\/\/staging.nbg.eu\/sl\/wp-json\/wp\/v2\/types\/product"}],"wp:featuredmedia":[{"embeddable":true,"href":"https:\/\/staging.nbg.eu\/sl\/wp-json\/wp\/v2\/media\/81110"}],"wp:attachment":[{"href":"https:\/\/staging.nbg.eu\/sl\/wp-json\/wp\/v2\/media?parent=134544"}],"wp:term":[{"taxonomy":"product_brand","embeddable":true,"href":"https:\/\/staging.nbg.eu\/sl\/wp-json\/wp\/v2\/product_brand?post=134544"},{"taxonomy":"product_cat","embeddable":true,"href":"https:\/\/staging.nbg.eu\/sl\/wp-json\/wp\/v2\/product_cat?post=134544"},{"taxonomy":"product_tag","embeddable":true,"href":"https:\/\/staging.nbg.eu\/sl\/wp-json\/wp\/v2\/product_tag?post=134544"}],"curies":[{"name":"wp","href":"https:\/\/api.w.org\/{rel}","templated":true}]}}