{"id":134253,"date":"2024-11-17T08:22:03","date_gmt":"2025-01-08T17:29:55","guid":{"rendered":"https:\/\/staging.nbg.eu\/product\/geissele-ak-recoil-spring\/"},"modified":"2025-01-08T17:31:40","modified_gmt":"2025-01-08T17:31:40","slug":"geissele-ak-povratna-vzmet","status":"publish","type":"product","link":"https:\/\/staging.nbg.eu\/sl\/izdelek\/geissele-ak-povratna-vzmet\/","title":{"rendered":"Geissele AK povratna vzmet"},"content":{"rendered":"<div class=\"product-description\">\n<h2>Geissele AK povratna vzmet<\/h2>\n<p>ALG AK povratna vzmet za AK pu\u0161ko. Ta zasnova ponuja vzdr\u017eljivost in zanesljivost za va\u0161e oro\u017eje.<\/p>\n<ul>\n<li>Izdelano iz krom-silicijevega jekla<\/li>\n<li>Odpornost proti udarnim \u0161okom in relaksaciji<\/li>\n<li>Zasnova z 2-3 mrtvimi navoji v sredi\u0161\u010du<\/li>\n<li>Prepre\u010duje \u0161kodo zaradi harmonike in ohranja prosto dol\u017eino<\/li>\n<\/ul>\n<p>Ta vzmet ima zasnovo, ki spremeni svojo naravno frekvenco, kar zagotavlja doslednost delovanja in dalj\u0161o \u017eivljenjsko dobo. Ta povratna vzmet izbolj\u0161a stabilnost streljanja in zmanj\u0161a obrabo va\u0161ega oro\u017eja.<\/p>\n<\/div>\n","protected":false},"excerpt":{"rendered":"<p>Geissele AK povratna vzmet: Trpe\u017ena, odporna na udarce, zmanj\u0161uje harmoni\u010dne vibracije.<\/p>\n","protected":false},"featured_media":81063,"template":"","meta":{"_acf_changed":false},"product_brand":[11389],"product_cat":[13417],"product_tag":[],"class_list":{"0":"post-134253","1":"product","2":"type-product","3":"status-publish","4":"has-post-thumbnail","6":"product_brand-geissele","7":"product_cat-ak-nastavitve","9":"first","10":"instock","11":"taxable","12":"shipping-taxable","13":"product-type-simple"},"acf":[],"_links":{"self":[{"href":"https:\/\/staging.nbg.eu\/sl\/wp-json\/wp\/v2\/product\/134253","targetHints":{"allow":["GET"]}}],"collection":[{"href":"https:\/\/staging.nbg.eu\/sl\/wp-json\/wp\/v2\/product"}],"about":[{"href":"https:\/\/staging.nbg.eu\/sl\/wp-json\/wp\/v2\/types\/product"}],"wp:featuredmedia":[{"embeddable":true,"href":"https:\/\/staging.nbg.eu\/sl\/wp-json\/wp\/v2\/media\/81063"}],"wp:attachment":[{"href":"https:\/\/staging.nbg.eu\/sl\/wp-json\/wp\/v2\/media?parent=134253"}],"wp:term":[{"taxonomy":"product_brand","embeddable":true,"href":"https:\/\/staging.nbg.eu\/sl\/wp-json\/wp\/v2\/product_brand?post=134253"},{"taxonomy":"product_cat","embeddable":true,"href":"https:\/\/staging.nbg.eu\/sl\/wp-json\/wp\/v2\/product_cat?post=134253"},{"taxonomy":"product_tag","embeddable":true,"href":"https:\/\/staging.nbg.eu\/sl\/wp-json\/wp\/v2\/product_tag?post=134253"}],"curies":[{"name":"wp","href":"https:\/\/api.w.org\/{rel}","templated":true}]}}