{"id":134131,"date":"2024-11-27T16:45:20","date_gmt":"2025-01-08T17:18:39","guid":{"rendered":"https:\/\/staging.nbg.eu\/product\/area-419-remington-700-short-action-improved-scope-rail-isr-sa\/"},"modified":"2025-01-08T17:20:28","modified_gmt":"2025-01-08T17:20:28","slug":"area-419-remington-700-kratka-izvedba-izboljsana-montazna-letev-za-optiko-isr-sa","status":"publish","type":"product","link":"https:\/\/staging.nbg.eu\/sl\/izdelek\/area-419-remington-700-kratka-izvedba-izboljsana-montazna-letev-za-optiko-isr-sa\/","title":{"rendered":"Area 419 &#8211; Remington 700 kratka izvedba izbolj\u0161ana monta\u017ena letev za optiko (ISR-SA)"},"content":{"rendered":"<div class=\"product-description\">\n<h2>Area 419 &#8211; Izbolj\u0161ana monta\u017ena letev za daljnogled za Remington 700 s kratkim zaklepom (ISR-SA)<\/h2>\n<p>Area 419 ISR-SA je monta\u017ena letev za daljnogled za pu\u0161ke Remington 700 s kratkim zaklepom. Izdelana iz aluminija 7075 s slede\u010dimi lastnostmi:<\/p>\n<ul>\n<li>Vgrajen strojno obdelan naslon za odsun za bolj\u0161o stabilnost<\/li>\n<li>Na voljo v razli\u010dicah s polnimi re\u017eami in ARC zgornjim delom<\/li>\n<li>Zdru\u017eljiva z vijaki #6 in #8 (prilo\u017eeni)<\/li>\n<li>1:1 strojna obdelava povr\u0161ine za natan\u010dno prileganje<\/li>\n<li>Skladno s standardom MIL-STD-1913<\/li>\n<li>\u010crna anodizirana povr\u0161ina tipa III Hardcoat<\/li>\n<li>Izrez za izmetno okno za la\u017eje polnjenje od zgoraj<\/li>\n<\/ul>\n<p>Izbirate lahko med mo\u017enostma 20 MOA in 30 MOA. Te\u017ea: 0,09 kg. Dimenzije: 21 \u00d7 2,54 \u00d7 2,54 cm.<\/p>\n<\/div>\n","protected":false},"excerpt":{"rendered":"<p>Precizno obdelana monta\u017ena letev za strelni daljnogled iz aluminija 7075 za pu\u0161ko Remington 700 SA<\/p>\n","protected":false},"featured_media":108114,"template":"","meta":{"_acf_changed":false},"product_brand":[11052],"product_cat":[13483,13431],"product_tag":[],"class_list":{"0":"post-134131","1":"product","2":"type-product","3":"status-publish","4":"has-post-thumbnail","6":"product_brand-area-419","7":"product_cat-puska","8":"product_cat-tirnice","10":"first","11":"instock","12":"taxable","13":"shipping-taxable","14":"purchasable","15":"product-type-variable","16":"wvs-archive-product-wrapper"},"acf":[],"_links":{"self":[{"href":"https:\/\/staging.nbg.eu\/sl\/wp-json\/wp\/v2\/product\/134131","targetHints":{"allow":["GET"]}}],"collection":[{"href":"https:\/\/staging.nbg.eu\/sl\/wp-json\/wp\/v2\/product"}],"about":[{"href":"https:\/\/staging.nbg.eu\/sl\/wp-json\/wp\/v2\/types\/product"}],"wp:featuredmedia":[{"embeddable":true,"href":"https:\/\/staging.nbg.eu\/sl\/wp-json\/wp\/v2\/media\/108114"}],"wp:attachment":[{"href":"https:\/\/staging.nbg.eu\/sl\/wp-json\/wp\/v2\/media?parent=134131"}],"wp:term":[{"taxonomy":"product_brand","embeddable":true,"href":"https:\/\/staging.nbg.eu\/sl\/wp-json\/wp\/v2\/product_brand?post=134131"},{"taxonomy":"product_cat","embeddable":true,"href":"https:\/\/staging.nbg.eu\/sl\/wp-json\/wp\/v2\/product_cat?post=134131"},{"taxonomy":"product_tag","embeddable":true,"href":"https:\/\/staging.nbg.eu\/sl\/wp-json\/wp\/v2\/product_tag?post=134131"}],"curies":[{"name":"wp","href":"https:\/\/api.w.org\/{rel}","templated":true}]}}