{"id":133964,"date":"2025-01-01T20:54:41","date_gmt":"2025-01-08T17:05:40","guid":{"rendered":"https:\/\/staging.nbg.eu\/product\/area-419-offset-mounts-for-match-attachment-points\/"},"modified":"2025-01-08T17:07:35","modified_gmt":"2025-01-08T17:07:35","slug":"area-419-offset-montaze-za-match-pritrdilne-tocke","status":"publish","type":"product","link":"https:\/\/staging.nbg.eu\/sl\/izdelek\/area-419-offset-montaze-za-match-pritrdilne-tocke\/","title":{"rendered":"Area 419 offset monta\u017ee za MATCH pritrdilne to\u010dke"},"content":{"rendered":"<h2>Area 419 odmaknjeni nosilci za MATCH pritrdilne to\u010dke<\/h2>\n<p>Area 419 ponuja odmaknjene nosilce za MATCH pritrdilne to\u010dke. Ti nosilci imajo naslednje lastnosti:<\/p>\n<ul>\n<li>Izbirate lahko med 35\u00b0 in 45\u00b0 koti odmika<\/li>\n<li>Ve\u010d pritrdilnih lokacij za prilagodljivost<\/li>\n<li>Te\u017ea: 25 funtov<\/li>\n<li>Mere: 6 \u00d7 4 \u00d7 1 palcev<\/li>\n<\/ul>\n<p>Ti nosilci vam omogo\u010dajo prilagajanje polo\u017eaja rde\u010de pike, kar zagotavlja optimalno delovanje in udobje v razli\u010dnih strelskih situacijah.<\/p>\n","protected":false},"excerpt":{"rendered":"<p>Prilagodljivi 35\u00b0\/45\u00b0 odmaknjeni nosilci za MATCH to\u010dke. Vsestranska nastavitev.<\/p>\n","protected":false},"featured_media":109217,"template":"","meta":{"_acf_changed":false},"product_brand":[11052],"product_cat":[13459,13416,13483],"product_tag":[],"class_list":{"0":"post-133964","1":"product","2":"type-product","3":"status-publish","4":"has-post-thumbnail","6":"product_brand-area-419","7":"product_cat-meritev","8":"product_cat-pribor-za-meritev","9":"product_cat-puska","11":"first","12":"instock","13":"taxable","14":"shipping-taxable","15":"purchasable","16":"product-type-variable","17":"wvs-archive-product-wrapper"},"acf":[],"_links":{"self":[{"href":"https:\/\/staging.nbg.eu\/sl\/wp-json\/wp\/v2\/product\/133964","targetHints":{"allow":["GET"]}}],"collection":[{"href":"https:\/\/staging.nbg.eu\/sl\/wp-json\/wp\/v2\/product"}],"about":[{"href":"https:\/\/staging.nbg.eu\/sl\/wp-json\/wp\/v2\/types\/product"}],"wp:featuredmedia":[{"embeddable":true,"href":"https:\/\/staging.nbg.eu\/sl\/wp-json\/wp\/v2\/media\/109217"}],"wp:attachment":[{"href":"https:\/\/staging.nbg.eu\/sl\/wp-json\/wp\/v2\/media?parent=133964"}],"wp:term":[{"taxonomy":"product_brand","embeddable":true,"href":"https:\/\/staging.nbg.eu\/sl\/wp-json\/wp\/v2\/product_brand?post=133964"},{"taxonomy":"product_cat","embeddable":true,"href":"https:\/\/staging.nbg.eu\/sl\/wp-json\/wp\/v2\/product_cat?post=133964"},{"taxonomy":"product_tag","embeddable":true,"href":"https:\/\/staging.nbg.eu\/sl\/wp-json\/wp\/v2\/product_tag?post=133964"}],"curies":[{"name":"wp","href":"https:\/\/api.w.org\/{rel}","templated":true}]}}