{"id":132011,"date":"2025-01-01T20:52:41","date_gmt":"2025-01-07T16:59:56","guid":{"rendered":"https:\/\/staging.nbg.eu\/product\/area-419-match-scope-rings\/"},"modified":"2025-01-07T17:01:52","modified_gmt":"2025-01-07T17:01:52","slug":"area-419-match-obrocki-za-optiko","status":"publish","type":"product","link":"https:\/\/staging.nbg.eu\/sl\/izdelek\/area-419-match-obrocki-za-optiko\/","title":{"rendered":"Area 419 MATCH obro\u010dki za optiko"},"content":{"rendered":"<div class=\"product-description\">\n<h2>Area 419 MATCH obro\u010di za strelne daljnoglede<\/h2>\n<p>Area 419 MATCH obro\u010di za strelne daljnoglede so natan\u010dno izdelani za zanesljivo pritrditev va\u0161e optike.<\/p>\n<ul>\n<li>Serializirani obro\u010di, kon\u010dno vrtani v parih za natan\u010dnost<\/li>\n<li>Notranjost iz surovega aluminija za bolj\u0161i oprijem optike<\/li>\n<li>Natan\u010dno vrtani v parih v obdelovalnih centrih<\/li>\n<li>Lasersko ozna\u010deni kot ujemajo\u010di se pari<\/li>\n<li>Izdelani iz 7075 letalskega aluminija<\/li>\n<li>Tip 3 trdo anodiziran premaz (notranja izvrtina iz surovega aluminija)<\/li>\n<li>Na voljo za cevi premera 30mm, 34mm, 35mm in 36mm<\/li>\n<li>Nizka (24mm), srednja (28mm) in visoka (32mm) vi\u0161ina monta\u017ee<\/li>\n<\/ul>\n<p>Area 419 MATCH obro\u010di za strelne daljnoglede so napredna tehnologija za pritrditev optike.<\/p>\n<\/div>\n","protected":false},"excerpt":{"rendered":"<p>Natan\u010dno usklajeni, o\u0161tevil\u010deni obro\u010dki za daljnogled za najbolj\u0161o opti\u010dno stabilnost.<\/p>\n","protected":false},"featured_media":109101,"template":"","meta":{"_acf_changed":false},"product_brand":[11052],"product_cat":[13459],"product_tag":[],"class_list":{"0":"post-132011","1":"product","2":"type-product","3":"status-publish","4":"has-post-thumbnail","6":"product_brand-area-419","7":"product_cat-meritev","9":"first","10":"instock","11":"taxable","12":"shipping-taxable","13":"purchasable","14":"product-type-variable","15":"wvs-archive-product-wrapper"},"acf":[],"_links":{"self":[{"href":"https:\/\/staging.nbg.eu\/sl\/wp-json\/wp\/v2\/product\/132011","targetHints":{"allow":["GET"]}}],"collection":[{"href":"https:\/\/staging.nbg.eu\/sl\/wp-json\/wp\/v2\/product"}],"about":[{"href":"https:\/\/staging.nbg.eu\/sl\/wp-json\/wp\/v2\/types\/product"}],"wp:featuredmedia":[{"embeddable":true,"href":"https:\/\/staging.nbg.eu\/sl\/wp-json\/wp\/v2\/media\/109101"}],"wp:attachment":[{"href":"https:\/\/staging.nbg.eu\/sl\/wp-json\/wp\/v2\/media?parent=132011"}],"wp:term":[{"taxonomy":"product_brand","embeddable":true,"href":"https:\/\/staging.nbg.eu\/sl\/wp-json\/wp\/v2\/product_brand?post=132011"},{"taxonomy":"product_cat","embeddable":true,"href":"https:\/\/staging.nbg.eu\/sl\/wp-json\/wp\/v2\/product_cat?post=132011"},{"taxonomy":"product_tag","embeddable":true,"href":"https:\/\/staging.nbg.eu\/sl\/wp-json\/wp\/v2\/product_tag?post=132011"}],"curies":[{"name":"wp","href":"https:\/\/api.w.org\/{rel}","templated":true}]}}