{"id":130873,"date":"2025-01-01T20:50:51","date_gmt":"2025-01-07T14:17:19","guid":{"rendered":"https:\/\/staging.nbg.eu\/product\/low-profile-red-dot-plates-for-area-419-tactical-mounts\/"},"modified":"2025-01-07T14:19:10","modified_gmt":"2025-01-07T14:19:10","slug":"nizkoprofilne-plosce-za-rdeco-piko-za-area-419-takticne-montaze","status":"publish","type":"product","link":"https:\/\/staging.nbg.eu\/sl\/izdelek\/nizkoprofilne-plosce-za-rdeco-piko-za-area-419-takticne-montaze\/","title":{"rendered":"Nizkoprofilne plo\u0161\u010de za rde\u010do piko za Area 419 takti\u010dne monta\u017ee"},"content":{"rendered":"<div class=\"product-description\">\n<h2>Nizko profilne plo\u0161\u010de za rde\u010de pike za Area 419 takti\u010dne nosilce<\/h2>\n<p>Nizko profilne plo\u0161\u010de za rde\u010de pike, oblikovane za funkcionalnost in natan\u010dnost. Te CNC rezkane plo\u0161\u010de imajo:<\/p>\n<ul>\n<li>Tip III trdo \u010drno anodizirano povr\u0161ino<\/li>\n<li>Pritrdilne vijake za enostavno namestitev<\/li>\n<li>Izdelane v ZDA iz 7075 aluminija<\/li>\n<li>Patentiran dvojni konusni sistem pritrditve<\/li>\n<li>Trpe\u017enost in togost za bolj\u0161o vrnitev na ni\u010dlo<\/li>\n<\/ul>\n<p>Na voljo v RMR, ACRO in DPP izvedbah, zdru\u017eljive s \u0161tevilnimi opti\u010dnimi napravami. Tehtajo 0,11 kg, mere plo\u0161\u010d so 15,2 cm \u00d7 10,2 cm \u00d7 2,5 cm.<\/p>\n<p>Area 419 plo\u0161\u010de za rde\u010de pike za takti\u010dne nosilce.<\/p>\n<\/div>\n","protected":false},"excerpt":{"rendered":"<p>Varne, vsestranske plo\u0161\u010de za rde\u010de pike za takti\u010dne nosilce Area 419.<\/p>\n","protected":false},"featured_media":109008,"template":"","meta":{"_acf_changed":false},"product_brand":[11052],"product_cat":[13459,13416],"product_tag":[],"class_list":{"0":"post-130873","1":"product","2":"type-product","3":"status-publish","4":"has-post-thumbnail","6":"product_brand-area-419","7":"product_cat-meritev","8":"product_cat-pribor-za-meritev","10":"first","11":"instock","12":"taxable","13":"shipping-taxable","14":"purchasable","15":"product-type-variable","16":"wvs-archive-product-wrapper"},"acf":[],"_links":{"self":[{"href":"https:\/\/staging.nbg.eu\/sl\/wp-json\/wp\/v2\/product\/130873","targetHints":{"allow":["GET"]}}],"collection":[{"href":"https:\/\/staging.nbg.eu\/sl\/wp-json\/wp\/v2\/product"}],"about":[{"href":"https:\/\/staging.nbg.eu\/sl\/wp-json\/wp\/v2\/types\/product"}],"wp:featuredmedia":[{"embeddable":true,"href":"https:\/\/staging.nbg.eu\/sl\/wp-json\/wp\/v2\/media\/109008"}],"wp:attachment":[{"href":"https:\/\/staging.nbg.eu\/sl\/wp-json\/wp\/v2\/media?parent=130873"}],"wp:term":[{"taxonomy":"product_brand","embeddable":true,"href":"https:\/\/staging.nbg.eu\/sl\/wp-json\/wp\/v2\/product_brand?post=130873"},{"taxonomy":"product_cat","embeddable":true,"href":"https:\/\/staging.nbg.eu\/sl\/wp-json\/wp\/v2\/product_cat?post=130873"},{"taxonomy":"product_tag","embeddable":true,"href":"https:\/\/staging.nbg.eu\/sl\/wp-json\/wp\/v2\/product_tag?post=130873"}],"curies":[{"name":"wp","href":"https:\/\/api.w.org\/{rel}","templated":true}]}}