{"id":130637,"date":"2024-11-02T06:44:40","date_gmt":"2025-01-07T14:09:16","guid":{"rendered":"https:\/\/staging.nbg.eu\/product\/sons-of-liberty-gun-worksar-15-castle-nuts\/"},"modified":"2025-01-07T14:10:52","modified_gmt":"2025-01-07T14:10:52","slug":"sons-of-liberty-gun-works-ar-15-matica-ohisja","status":"publish","type":"product","link":"https:\/\/staging.nbg.eu\/sl\/izdelek\/sons-of-liberty-gun-works-ar-15-matica-ohisja\/","title":{"rendered":"SONS OF LIBERTY GUN WORKS AR-15 matica ohi\u0161ja"},"content":{"rendered":"<div class=\"product-description\">\n<h2>SONS OF LIBERTY GUN WORKS AR-15 matica zaklepa<\/h2>\n<p>Nadgradite svoj AR-15 z maticami zaklepa SONS OF LIBERTY GUN WORKS (SOLGW). Ti nadomestni deli so pomembni za vzdr\u017eevanje funkcije va\u0161ega strelnega oro\u017eja.<\/p>\n<ul>\n<li>Izdelano po natan\u010dnih tolerancah<\/li>\n<li>Zdru\u017eljivo z vsemi modeli AR-15<\/li>\n<li>Zagotavlja pravilno monta\u017eo in zanesljivost<\/li>\n<li>Te\u017ea 28 gramov<\/li>\n<li>Kompaktna 2,54 cm zasnova<\/li>\n<\/ul>\n<p>SOLGW proizvaja te trpe\u017ene matice zaklepa. Za nadomestne dele AR-15 izberite SOLGW.<\/p>\n<p><strong>Nasvet:<\/strong> Za dodatno varnost in dolgotrajnost matice zaklepajte.<\/p>\n<\/div>\n","protected":false},"excerpt":{"rendered":"<p>Natan\u010dno izdelana AR-15 matica za cev (Castle Nut). Trpe\u017ena, univerzalno prileganje. Velikost 1&#8243;.<\/p>\n","protected":false},"featured_media":76427,"template":"","meta":{"_acf_changed":false},"product_brand":[],"product_cat":[13432],"product_tag":[],"class_list":{"0":"post-130637","1":"product","2":"type-product","3":"status-publish","4":"has-post-thumbnail","6":"product_cat-nastavitve-puske","8":"first","9":"instock","10":"taxable","11":"shipping-taxable","12":"purchasable","13":"product-type-simple"},"acf":[],"_links":{"self":[{"href":"https:\/\/staging.nbg.eu\/sl\/wp-json\/wp\/v2\/product\/130637","targetHints":{"allow":["GET"]}}],"collection":[{"href":"https:\/\/staging.nbg.eu\/sl\/wp-json\/wp\/v2\/product"}],"about":[{"href":"https:\/\/staging.nbg.eu\/sl\/wp-json\/wp\/v2\/types\/product"}],"wp:featuredmedia":[{"embeddable":true,"href":"https:\/\/staging.nbg.eu\/sl\/wp-json\/wp\/v2\/media\/76427"}],"wp:attachment":[{"href":"https:\/\/staging.nbg.eu\/sl\/wp-json\/wp\/v2\/media?parent=130637"}],"wp:term":[{"taxonomy":"product_brand","embeddable":true,"href":"https:\/\/staging.nbg.eu\/sl\/wp-json\/wp\/v2\/product_brand?post=130637"},{"taxonomy":"product_cat","embeddable":true,"href":"https:\/\/staging.nbg.eu\/sl\/wp-json\/wp\/v2\/product_cat?post=130637"},{"taxonomy":"product_tag","embeddable":true,"href":"https:\/\/staging.nbg.eu\/sl\/wp-json\/wp\/v2\/product_tag?post=130637"}],"curies":[{"name":"wp","href":"https:\/\/api.w.org\/{rel}","templated":true}]}}