{"id":130250,"date":"2024-01-30T18:12:20","date_gmt":"2025-01-07T13:16:27","guid":{"rendered":"https:\/\/staging.nbg.eu\/product\/area-419-cantilevered-tactical-one-piece-scope-mount\/"},"modified":"2025-01-07T13:18:20","modified_gmt":"2025-01-07T13:18:20","slug":"area-419-konzolna-takticna-enodelna-montaza-za-optiko","status":"publish","type":"product","link":"https:\/\/staging.nbg.eu\/sl\/izdelek\/area-419-konzolna-takticna-enodelna-montaza-za-optiko\/","title":{"rendered":"Area 419 konzolna takti\u010dna enodelna monta\u017ea za optiko"},"content":{"rendered":"<div class=\"product-description\">\n<h2>Area 419 Konzolni takti\u010dni enodelni nosilec za strelni daljnogled<\/h2>\n<p>Area 419 Konzolni takti\u010dni enodelni nosilec za strelni daljnogled. Ta nosilec nudi zanesljiv oprijem optike.<\/p>\n<h2>Proizvodni postopek<\/h2>\n<ul>\n<li>CNC rezkano v Ameriki iz aluminija 7075<\/li>\n<li>Kon\u010dno vrtanje v kompletih za popolno poravnavo<\/li>\n<li>Surove aluminijaste, natan\u010dno vrtane kontaktne povr\u0161ine za daljnogled<\/li>\n<li>Po vrtanju ni nikoli popolnoma razstavljen<\/li>\n<\/ul>\n<h2>Klju\u010dne lastnosti<\/h2>\n<ul>\n<li>Lahka zasnova: 226-255 g na nosilec<\/li>\n<li>Ve\u010d pritrdilnih to\u010dk za dodatke<\/li>\n<li>Lo\u010dene pri\u017eemne letve za oprijem na picatinny vodilu<\/li>\n<li>Vgreznjene pri\u017eemne noge za maksimalno prilagoditev monta\u017ee<\/li>\n<li>Jekleni vodilni zati\u010di med podstavkom in pokrov\u010dki<\/li>\n<li>Nitridirano nerjavno okovje<\/li>\n<li>Patentirana pritrditev za dodatke na vrhu<\/li>\n<\/ul>\n<h2>Specifikacije<\/h2>\n<ul>\n<li>Te\u017ea: 680 g<\/li>\n<li>Dimenzije: 24,1 \u00d7 14,7 \u00d7 7,1 cm<\/li>\n<li>Mo\u017enosti premera cevi: 30mm, 34mm, 35mm, 36mm<\/li>\n<li>Mo\u017enosti vi\u0161ine: 34mm, 39mm<\/li>\n<li>Mo\u017enosti nagiba: 0 MOA, 20 MOA (5,8 MIL)<\/li>\n<\/ul>\n<p>Na\u0161 proizvodni postopek ustvarja nosilec za strelni daljnogled, ki izpolnjuje najvi\u0161je standarde kakovosti in zmogljivosti.<\/p>\n<\/div>\n","protected":false},"excerpt":{"rendered":"<p>Natan\u010dno izdelano ogrodje za daljnogled: robustno, lahkotno, s kon\u010dnimi obro\u010di, prilagojenimi vrtini za vrhunsko natan\u010dnost.<\/p>\n","protected":false},"featured_media":108748,"template":"","meta":{"_acf_changed":false},"product_brand":[11052],"product_cat":[13459],"product_tag":[],"class_list":{"0":"post-130250","1":"product","2":"type-product","3":"status-publish","4":"has-post-thumbnail","6":"product_brand-area-419","7":"product_cat-meritev","9":"first","10":"instock","11":"taxable","12":"shipping-taxable","13":"purchasable","14":"product-type-variable","15":"wvs-archive-product-wrapper"},"acf":[],"_links":{"self":[{"href":"https:\/\/staging.nbg.eu\/sl\/wp-json\/wp\/v2\/product\/130250","targetHints":{"allow":["GET"]}}],"collection":[{"href":"https:\/\/staging.nbg.eu\/sl\/wp-json\/wp\/v2\/product"}],"about":[{"href":"https:\/\/staging.nbg.eu\/sl\/wp-json\/wp\/v2\/types\/product"}],"wp:featuredmedia":[{"embeddable":true,"href":"https:\/\/staging.nbg.eu\/sl\/wp-json\/wp\/v2\/media\/108748"}],"wp:attachment":[{"href":"https:\/\/staging.nbg.eu\/sl\/wp-json\/wp\/v2\/media?parent=130250"}],"wp:term":[{"taxonomy":"product_brand","embeddable":true,"href":"https:\/\/staging.nbg.eu\/sl\/wp-json\/wp\/v2\/product_brand?post=130250"},{"taxonomy":"product_cat","embeddable":true,"href":"https:\/\/staging.nbg.eu\/sl\/wp-json\/wp\/v2\/product_cat?post=130250"},{"taxonomy":"product_tag","embeddable":true,"href":"https:\/\/staging.nbg.eu\/sl\/wp-json\/wp\/v2\/product_tag?post=130250"}],"curies":[{"name":"wp","href":"https:\/\/api.w.org\/{rel}","templated":true}]}}