{"id":129819,"date":"2024-01-30T18:11:57","date_gmt":"2025-01-07T12:21:26","guid":{"rendered":"https:\/\/staging.nbg.eu\/product\/area-419-tactical-one-piece-scope-mount\/"},"modified":"2025-01-07T12:23:18","modified_gmt":"2025-01-07T12:23:18","slug":"area-419-takticna-enodelna-montaza-za-optiko","status":"publish","type":"product","link":"https:\/\/staging.nbg.eu\/sl\/izdelek\/area-419-takticna-enodelna-montaza-za-optiko\/","title":{"rendered":"Area 419 takti\u010dna enodelna monta\u017ea za optiko"},"content":{"rendered":"<div class=\"product-description\">\n<h2>Area 419 Enodelno takti\u010dno dr\u017ealo za strelni daljnogled<\/h2>\n<p>Dr\u017ealo za strelni daljnogled z obro\u010di, prilagojenimi kon\u010dnemu izvrtku, in notranjimi deli iz surovega aluminija. To dr\u017ealo nudi dober oprijem optike brez nepotrebne te\u017ee.<\/p>\n<ul>\n<li>CNC rezkano v Ameriki iz aluminija 7075<\/li>\n<li>Surove aluminijaste, precizno izvrtane kontaktne povr\u0161ine za daljnogled<\/li>\n<li>Ve\u010d pritrdilnih to\u010dk za dodatke<\/li>\n<li>Lo\u010dene vpenjalne letve za maksimalen oprijem<\/li>\n<li>Jekleni vodilni zati\u010di za poravnavo<\/li>\n<li>Okovje po meri iz nitridiranega nerjave\u010dega jekla<\/li>\n<li>Patentiran sistem za pritrditev dodatkov na vrhu<\/li>\n<\/ul>\n<p>Na voljo v razli\u010dnih premerih cevi in vi\u0161inah, z mo\u017enostmi 0 MOA ali 20 MOA naklona. Te\u017ea: 0,68 kg. Dimenzije: 24,1 \u00d7 14,7 \u00d7 7,1 cm.<\/p>\n<\/div>\n","protected":false},"excerpt":{"rendered":"<p>Precizno izvrtano, izjemno togo ogrodje za daljnogled za neprimerljivo zanesljivost.<\/p>\n","protected":false},"featured_media":108376,"template":"","meta":{"_acf_changed":false},"product_brand":[11052],"product_cat":[13459],"product_tag":[],"class_list":{"0":"post-129819","1":"product","2":"type-product","3":"status-publish","4":"has-post-thumbnail","6":"product_brand-area-419","7":"product_cat-meritev","9":"first","10":"instock","11":"taxable","12":"shipping-taxable","13":"purchasable","14":"product-type-variable","15":"wvs-archive-product-wrapper"},"acf":[],"_links":{"self":[{"href":"https:\/\/staging.nbg.eu\/sl\/wp-json\/wp\/v2\/product\/129819","targetHints":{"allow":["GET"]}}],"collection":[{"href":"https:\/\/staging.nbg.eu\/sl\/wp-json\/wp\/v2\/product"}],"about":[{"href":"https:\/\/staging.nbg.eu\/sl\/wp-json\/wp\/v2\/types\/product"}],"wp:featuredmedia":[{"embeddable":true,"href":"https:\/\/staging.nbg.eu\/sl\/wp-json\/wp\/v2\/media\/108376"}],"wp:attachment":[{"href":"https:\/\/staging.nbg.eu\/sl\/wp-json\/wp\/v2\/media?parent=129819"}],"wp:term":[{"taxonomy":"product_brand","embeddable":true,"href":"https:\/\/staging.nbg.eu\/sl\/wp-json\/wp\/v2\/product_brand?post=129819"},{"taxonomy":"product_cat","embeddable":true,"href":"https:\/\/staging.nbg.eu\/sl\/wp-json\/wp\/v2\/product_cat?post=129819"},{"taxonomy":"product_tag","embeddable":true,"href":"https:\/\/staging.nbg.eu\/sl\/wp-json\/wp\/v2\/product_tag?post=129819"}],"curies":[{"name":"wp","href":"https:\/\/api.w.org\/{rel}","templated":true}]}}