{"id":129490,"date":"2024-11-06T20:46:32","date_gmt":"2024-11-06T20:46:32","guid":{"rendered":"https:\/\/staging.nbg.eu\/product\/vortex-optics-defender-stmicro-red-dot\/"},"modified":"2025-01-07T10:55:49","modified_gmt":"2025-01-07T10:55:49","slug":"vortex-optics-defender-st-mikro-rdeca-pika","status":"publish","type":"product","link":"https:\/\/staging.nbg.eu\/sl\/izdelek\/vortex-optics-defender-st-mikro-rdeca-pika\/","title":{"rendered":"Vortex Optics &#8211; Defender-ST mikro rde\u010da pika"},"content":{"rendered":"<h2>Vortex Optics &#8211; Defender-ST\u2122 Micro rde\u010da pika<\/h2>\n<p>Vortex Optics Defender-ST\u2122 Micro rde\u010da pika je optika, namenjena za pi\u0161tole, \u0161ibrenice in kot odmik na karabinkah, primerna za vadbo na streli\u0161\u010du ali zahtevno slu\u017ebeno uporabo.<\/p>\n<h2>Klju\u010dne lastnosti:<\/h2>\n<ul>\n<li>Monta\u017eni odtis DeltaPoint\u00ae Pro<\/li>\n<li>6 MOA svetla rde\u010da pika<\/li>\n<li>1x pove\u010dava z neomejenim o\u010desnim razmakom<\/li>\n<li>25.000 ur \u017eivljenjske dobe baterije s CR2032 baterijo<\/li>\n<li>Aktivacija z gibanjem in 10-minutni samodejni izklop<\/li>\n<li>ShockShield\u2122 tehnologija za izbolj\u0161ano trpe\u017enost<\/li>\n<li>Fast-Rack\u2122 tekstura za la\u017eje napenjanje zaklopa<\/li>\n<li>Baterija na vrhu za enostavno menjavo<\/li>\n<li>10 nastavitev svetlosti, vklju\u010dno z 2 mo\u017enostma, zdru\u017eljivima z no\u010dnim vidom<\/li>\n<\/ul>\n<h2>Opti\u010dna zmogljivost:<\/h2>\n<p>Defender-ST\u2122 ima veliko asferi\u010dno le\u010do s trdo prevleko za sliko brez popa\u010denja. Zasnova brez paralakse in osvetljena sredi\u0161\u010dna pika omogo\u010data hitrej\u0161e zajemanje tar\u010de v razli\u010dnih svetlobnih pogojih.<\/p>\n<h2>Trpe\u017enost in konstrukcija:<\/h2>\n<p>Ta optika je vodoodporna, odporna na meglo in udarce. Ohi\u0161je iz aluminija 7075 z vstavkom iz polimera ShockShield\u2122 zagotavlja izjemno trpe\u017enost, mat \u010drna anodizirana povr\u0161ina pa zagotavlja odpornost proti koroziji.<\/p>\n<h2>Vsestranskost in priro\u010dnost:<\/h2>\n<p>S kompaktno velikostjo (dol\u017eina 1,8&#8243;) in lahko zasnovo (1,48 oz) je Defender-ST\u2122 primeren za razli\u010dne aplikacije. Baterija na vrhu omogo\u010da enostavno menjavo brez izgube ni\u010dle, Fast-Rack\u2122 tekstura pa omogo\u010da napenjanje zaklopa na kateri koli povr\u0161ini.<\/p>\n<p>Vortex Optics Defender-ST\u2122 Micro rde\u010da pika je zanesljiv partner za vse strelske scenarije.<\/p>\n","protected":false},"excerpt":{"rendered":"<p>Vzdr\u017eljiv, natan\u010den mikro rde\u010di pik za pi\u0161tole, \u0161ibrenice in karabinke.<\/p>\n","protected":false},"featured_media":78394,"template":"","meta":{"_acf_changed":false},"product_brand":[11962],"product_cat":[13459,13493,13440,13439,13460],"product_tag":[],"class_list":{"0":"post-129490","1":"product","2":"type-product","3":"status-publish","4":"has-post-thumbnail","6":"product_brand-vortex","7":"product_cat-meritev","8":"product_cat-pistne-pike-za-puske","9":"product_cat-pistola","10":"product_cat-pistolske-pike","11":"product_cat-rdece-pike","13":"first","14":"outofstock","15":"taxable","16":"shipping-taxable","17":"purchasable","18":"product-type-simple"},"acf":[],"_links":{"self":[{"href":"https:\/\/staging.nbg.eu\/sl\/wp-json\/wp\/v2\/product\/129490","targetHints":{"allow":["GET"]}}],"collection":[{"href":"https:\/\/staging.nbg.eu\/sl\/wp-json\/wp\/v2\/product"}],"about":[{"href":"https:\/\/staging.nbg.eu\/sl\/wp-json\/wp\/v2\/types\/product"}],"wp:featuredmedia":[{"embeddable":true,"href":"https:\/\/staging.nbg.eu\/sl\/wp-json\/wp\/v2\/media\/78394"}],"wp:attachment":[{"href":"https:\/\/staging.nbg.eu\/sl\/wp-json\/wp\/v2\/media?parent=129490"}],"wp:term":[{"taxonomy":"product_brand","embeddable":true,"href":"https:\/\/staging.nbg.eu\/sl\/wp-json\/wp\/v2\/product_brand?post=129490"},{"taxonomy":"product_cat","embeddable":true,"href":"https:\/\/staging.nbg.eu\/sl\/wp-json\/wp\/v2\/product_cat?post=129490"},{"taxonomy":"product_tag","embeddable":true,"href":"https:\/\/staging.nbg.eu\/sl\/wp-json\/wp\/v2\/product_tag?post=129490"}],"curies":[{"name":"wp","href":"https:\/\/api.w.org\/{rel}","templated":true}]}}