{"id":129202,"date":"2025-01-01T20:36:12","date_gmt":"2025-01-07T10:14:32","guid":{"rendered":"https:\/\/staging.nbg.eu\/product\/high-profile-red-dot-plates-for-area-419-tactical-mounts\/"},"modified":"2025-01-07T10:16:25","modified_gmt":"2025-01-07T10:16:25","slug":"visokoprofilne-plosce-za-rdeco-piko-za-area-419-takticne-montaze","status":"publish","type":"product","link":"https:\/\/staging.nbg.eu\/sl\/izdelek\/visokoprofilne-plosce-za-rdeco-piko-za-area-419-takticne-montaze\/","title":{"rendered":"Visokoprofilne plo\u0161\u010de za rde\u010do piko za Area 419 takti\u010dne monta\u017ee"},"content":{"rendered":"<h2>Visokoprofilne plo\u0161\u010de z rde\u010do piko za Area 419 takti\u010dna dr\u017eala<\/h2>\n<p>Visokoprofilne plo\u0161\u010de z rde\u010do piko za takti\u010dno enodelno dr\u017ealo za daljnogled ponujajo funkcionalnost in trpe\u017enost.<\/p>\n<h2>Klju\u010dne lastnosti:<\/h2>\n<ul>\n<li>Patentno za\u0161\u010diteno dvojno konusno pritrjevanje za varno namestitev<\/li>\n<li>Zdru\u017eljivo z libelami, kartami za balisti\u010dne podatke, rde\u010dimi pikami in laserskimi merilniki razdalje<\/li>\n<li>Trpe\u017enost in togost za natan\u010dno vrnitev na ni\u010dlo<\/li>\n<li>Na voljo v standardni in nizki vi\u0161ini<\/li>\n<li>CNC rezkano v Ameriki iz aluminija 7075<\/li>\n<li>Tip III trdo eloksirano v \u010drni barvi<\/li>\n<\/ul>\n<p>Izbirate lahko med standardno (2,82 cm visoko) in nizko (1,78 cm visoko) vi\u0161ino. Obe imata tirnice MIL-STD-1913 in pritrdilne vijake za enostavno namestitev.<\/p>\n<p>Te\u017ea: 0,45 kg<br \/>\nDimenzije: 15,24 \u00d7 8,89 \u00d7 5,08 cm<\/p>\n","protected":false},"excerpt":{"rendered":"<p>Varna, vsestranska letev za rde\u010de pike in dodatke na takti\u010dnih namestitvah.<\/p>\n","protected":false},"featured_media":108724,"template":"","meta":{"_acf_changed":false},"product_brand":[11052],"product_cat":[13459,13416],"product_tag":[],"class_list":{"0":"post-129202","1":"product","2":"type-product","3":"status-publish","4":"has-post-thumbnail","6":"product_brand-area-419","7":"product_cat-meritev","8":"product_cat-pribor-za-meritev","10":"first","11":"instock","12":"taxable","13":"shipping-taxable","14":"purchasable","15":"product-type-variable","16":"wvs-archive-product-wrapper"},"acf":[],"_links":{"self":[{"href":"https:\/\/staging.nbg.eu\/sl\/wp-json\/wp\/v2\/product\/129202","targetHints":{"allow":["GET"]}}],"collection":[{"href":"https:\/\/staging.nbg.eu\/sl\/wp-json\/wp\/v2\/product"}],"about":[{"href":"https:\/\/staging.nbg.eu\/sl\/wp-json\/wp\/v2\/types\/product"}],"wp:featuredmedia":[{"embeddable":true,"href":"https:\/\/staging.nbg.eu\/sl\/wp-json\/wp\/v2\/media\/108724"}],"wp:attachment":[{"href":"https:\/\/staging.nbg.eu\/sl\/wp-json\/wp\/v2\/media?parent=129202"}],"wp:term":[{"taxonomy":"product_brand","embeddable":true,"href":"https:\/\/staging.nbg.eu\/sl\/wp-json\/wp\/v2\/product_brand?post=129202"},{"taxonomy":"product_cat","embeddable":true,"href":"https:\/\/staging.nbg.eu\/sl\/wp-json\/wp\/v2\/product_cat?post=129202"},{"taxonomy":"product_tag","embeddable":true,"href":"https:\/\/staging.nbg.eu\/sl\/wp-json\/wp\/v2\/product_tag?post=129202"}],"curies":[{"name":"wp","href":"https:\/\/api.w.org\/{rel}","templated":true}]}}