{"id":128322,"date":"2025-01-01T20:24:58","date_gmt":"2025-01-07T09:39:13","guid":{"rendered":"https:\/\/staging.nbg.eu\/product\/area-419-tikka-t3-standard-action-improved-scope-rail\/"},"modified":"2025-01-14T13:41:20","modified_gmt":"2025-01-14T13:41:20","slug":"area-419-tikka-t3-standardna-izvedba-izboljsana-montazna-letev-za-optiko","status":"publish","type":"product","link":"https:\/\/staging.nbg.eu\/sl\/izdelek\/area-419-tikka-t3-standardna-izvedba-izboljsana-montazna-letev-za-optiko\/","title":{"rendered":"Area 419 &#8211; Tikka T3 standardna izvedba izbolj\u0161ana monta\u017ena letev za optiko"},"content":{"rendered":"<div class=\"product-description\">\n<h2>Area 419 &#8211; Izbolj\u0161ana monta\u017ena tirnica za daljnogled za Tikka T3 Standard Action<\/h2>\n<p>Monta\u017ena tirnica za daljnogled za Tikka T3 ali T3X od Area 419. Izdelana iz aluminija 7075 s strojno obdelavo, ta tirnica vklju\u010duje:<\/p>\n<ul>\n<li>20 MOA kot za pove\u010dan doseg<\/li>\n<li>Skladnost z MIL-STD-1913<\/li>\n<li>Zaobljeni robovi<\/li>\n<li>\u010crna anodizirana povr\u0161ina Tip III Hardcoat<\/li>\n<li>Zati\u010d iz nerjave\u010dega jekla za dodatno stabilnost<\/li>\n<li>Enotni T10 Torx vijaki za enostavno namestitev<\/li>\n<\/ul>\n<p>Te\u017ea 0,2 lbs (90,7 g) in mere 8,25 \u00d7 1 \u00d7 1 palcev (20,96 \u00d7 2,54 \u00d7 2,54 cm), ta tirnica ima re\u017ee po celotni dol\u017eini. Vklju\u010duje T10 Torx klju\u010d.<\/p>\n<\/div>\n","protected":false},"excerpt":{"rendered":"<p>Je mi \u017eal, vendar v va\u0161em sporo\u010dilu ni bilo podanega besedila za prevod v sloven\u0161\u010dino. Prosim, da ponovno po\u0161ljete sporo\u010dilo z opisom izdelka, ki ga \u017eelite prevesti, in z veseljem vam ga bom prevedel v sloven\u0161\u010dino.<\/p>\n","protected":false},"featured_media":108214,"template":"","meta":{"_acf_changed":false},"product_brand":[11052],"product_cat":[13483,13431],"product_tag":[],"class_list":{"0":"post-128322","1":"product","2":"type-product","3":"status-publish","4":"has-post-thumbnail","6":"product_brand-area-419","7":"product_cat-puska","8":"product_cat-tirnice","10":"first","11":"instock","12":"taxable","13":"shipping-taxable","14":"purchasable","15":"product-type-simple"},"acf":[],"_links":{"self":[{"href":"https:\/\/staging.nbg.eu\/sl\/wp-json\/wp\/v2\/product\/128322","targetHints":{"allow":["GET"]}}],"collection":[{"href":"https:\/\/staging.nbg.eu\/sl\/wp-json\/wp\/v2\/product"}],"about":[{"href":"https:\/\/staging.nbg.eu\/sl\/wp-json\/wp\/v2\/types\/product"}],"wp:featuredmedia":[{"embeddable":true,"href":"https:\/\/staging.nbg.eu\/sl\/wp-json\/wp\/v2\/media\/108214"}],"wp:attachment":[{"href":"https:\/\/staging.nbg.eu\/sl\/wp-json\/wp\/v2\/media?parent=128322"}],"wp:term":[{"taxonomy":"product_brand","embeddable":true,"href":"https:\/\/staging.nbg.eu\/sl\/wp-json\/wp\/v2\/product_brand?post=128322"},{"taxonomy":"product_cat","embeddable":true,"href":"https:\/\/staging.nbg.eu\/sl\/wp-json\/wp\/v2\/product_cat?post=128322"},{"taxonomy":"product_tag","embeddable":true,"href":"https:\/\/staging.nbg.eu\/sl\/wp-json\/wp\/v2\/product_tag?post=128322"}],"curies":[{"name":"wp","href":"https:\/\/api.w.org\/{rel}","templated":true}]}}