{"id":106664,"date":"2024-01-30T18:13:57","date_gmt":"2024-12-30T09:39:34","guid":{"rendered":"https:\/\/staging.nbg.eu\/product\/tangent-theta-tt735p-7-35x56mm-professional\/"},"modified":"2024-12-30T09:41:30","modified_gmt":"2024-12-30T09:41:30","slug":"tangent-theta-tt735p-7-35x56mm-professional","status":"publish","type":"product","link":"https:\/\/staging.nbg.eu\/sl\/izdelek\/tangent-theta-tt735p-7-35x56mm-professional\/","title":{"rendered":"Tangent Theta TT735P (7-35x56mm Professional)"},"content":{"rendered":"<div class=\"product-description\">\n<p>Tangent Theta je bila ustanovljena leta 2013 v Novi \u0160kotski, Kanada, z edinim ciljem proizvajati objektivno najbolj\u0161e strelne daljnoglede na svetu. Daljnogledi so ro\u010dno sestavljeni, posami\u010dno preizku\u0161eni in pregledani s strani ekipe opti\u010dnih oblikovalcev, strojnih in\u017eenirjev in strelcev na dolge razdalje mednarodnega razreda.<\/p>\n<h2>Tangent Theta TT735P 7-35x56mm Profesionalni Strelni Daljnogled<\/h2>\n<p>Predstavljamo nov Tangent Theta TT735P, strelni daljnogled za profesionalne strelce. Ta 7-35x56mm strelni daljnogled zdru\u017euje najnovej\u0161o tehnologijo in vzdr\u017eljivost za zagotavljanje zmogljivosti v zahtevnih pogojih.<\/p>\n<h2>Klju\u010dne lastnosti:<\/h2>\n<ul>\n<li>7-35x pove\u010dava za identifikacijo tar\u010d na velikih razdaljah<\/li>\n<li>56mm objektiv za zbiranje svetlobe<\/li>\n<li>36mm glavna cev za strukturno celovitost in obseg prilagajanja<\/li>\n<li>Prilagoditev paralakse do 10 metrov za razli\u010dne scenarije streljanja<\/li>\n<li>11 nastavitev osvetlitve mre\u017eice za vidljivost v vseh svetlobnih pogojih<\/li>\n<li>Patentirana funkcija TOOL-LESS RE-ZERO\u00ae za hitro ni\u010denje (US Patent # 10,591,253)<\/li>\n<li>Neprevajalni gumbi z zaustavitvijo dvigovanja za natan\u010dne prilagoditve<\/li>\n<li>Dvojni obrat dvigovanja s kazalnikom obrata za pove\u010dan doseg<\/li>\n<li>Zaklepna dioptrija za hitro prilagajanje za osebno ostrenje<\/li>\n<\/ul>\n<h2>Kakovost:<\/h2>\n<p>Izdelano v Kanadi, TT735P je preizku\u0161en za vzdr\u017eljivost v zahtevnih okoljskih pogojih. Z mat zaklju\u010dkom Tipa II Anodiziranega, 4-urno vodotesnostjo pri 10 metrih in 700g odpornostjo na udarce pri 10.000 ciklih, je ta daljnogled pripravljen na vse izzive.<\/p>\n<\/div>\n<h2>Mre\u017eice:<\/h2>\n<ol>\n<li data-line-height=\"xs\">Horus Tremor3 mre\u017eica<\/li>\n<li data-line-height=\"xs\">JTAC<\/li>\n<li data-line-height=\"xs\">Gen 3 XR Fine<\/li>\n<\/ol>\n<div class=\"product-description\">\n<h2>Optika:<\/h2>\n<p>Izbirate lahko med tremi mo\u017enostmi mre\u017eice: Horus Tremor3, JTAC ali Gen 3 XR Fine. TT735P ponuja 90mm razdaljo o\u010desa in \u0161iroko vidno polje, od 5,41m pri 100m (7x) do 1,08m pri 100m (35x).<\/p>\n<h2>Profesionalne prilagoditve:<\/h2>\n<p>Lo\u010dljivost prilagoditve 0,1 mrad, skupni obseg dvigovanja 30 mrad in skupni obseg stranskega prilagajanja 14 mrad. Stranska prilagoditev paralakse in zaklepna dioptrija zagotavljata jasno sliko na vseh razdaljah.<\/p>\n<p>Tangent Theta TT735P &#8211; izbira strelcev, ki zahtevajo najbolj\u0161e.<\/p>\n<\/div>\n","protected":false},"excerpt":{"rendered":"<p>Tangent Theta 7-35x56mm Professional je strelni daljnogled, ki ga izberete za streljanje na izjemno dolge razdalje.<\/p>\n","protected":false},"featured_media":81008,"template":"","meta":{"_acf_changed":false},"product_brand":[11899,11901],"product_cat":[13459,13427],"product_tag":[],"class_list":{"0":"post-106664","1":"product","2":"type-product","3":"status-publish","4":"has-post-thumbnail","6":"product_brand-tangent-theta","8":"product_cat-meritev","9":"product_cat-povecevalne-optike","11":"first","12":"instock","13":"taxable","14":"shipping-taxable","15":"purchasable","16":"product-type-variable","17":"wvs-archive-product-wrapper"},"acf":[],"_links":{"self":[{"href":"https:\/\/staging.nbg.eu\/sl\/wp-json\/wp\/v2\/product\/106664","targetHints":{"allow":["GET"]}}],"collection":[{"href":"https:\/\/staging.nbg.eu\/sl\/wp-json\/wp\/v2\/product"}],"about":[{"href":"https:\/\/staging.nbg.eu\/sl\/wp-json\/wp\/v2\/types\/product"}],"wp:featuredmedia":[{"embeddable":true,"href":"https:\/\/staging.nbg.eu\/sl\/wp-json\/wp\/v2\/media\/81008"}],"wp:attachment":[{"href":"https:\/\/staging.nbg.eu\/sl\/wp-json\/wp\/v2\/media?parent=106664"}],"wp:term":[{"taxonomy":"product_brand","embeddable":true,"href":"https:\/\/staging.nbg.eu\/sl\/wp-json\/wp\/v2\/product_brand?post=106664"},{"taxonomy":"product_cat","embeddable":true,"href":"https:\/\/staging.nbg.eu\/sl\/wp-json\/wp\/v2\/product_cat?post=106664"},{"taxonomy":"product_tag","embeddable":true,"href":"https:\/\/staging.nbg.eu\/sl\/wp-json\/wp\/v2\/product_tag?post=106664"}],"curies":[{"name":"wp","href":"https:\/\/api.w.org\/{rel}","templated":true}]}}