{"id":84581,"date":"2024-11-17T07:25:58","date_gmt":"2024-12-18T10:05:25","guid":{"rendered":"https:\/\/staging.nbg.eu\/product\/tangent-theta-tt315m-3-15x50mm-marksman\/"},"modified":"2024-12-30T08:45:56","modified_gmt":"2024-12-30T08:45:56","slug":"tangent-theta-tt315m-3-15x50mm-marksman","status":"publish","type":"product","link":"https:\/\/staging.nbg.eu\/sk\/produkt\/tangent-theta-tt315m-3-15x50mm-marksman\/","title":{"rendered":"Tangent Theta TT315M (3-15x50mm Marksman)"},"content":{"rendered":"<div class=\"product-description\">\n<p>Tangent Theta bola zalo\u017een\u00e1 v roku 2013 v Novom \u0160k\u00f3tsku v Kanade s cie\u013eom vyr\u00e1ba\u0165 najlep\u0161ie pu\u0161kohlady na svete. Pu\u0161kohlady s\u00fa ru\u010dne montovan\u00e9, individu\u00e1lne testovan\u00e9 a kontrolovan\u00e9 t\u00edmom optick\u00fdch dizajn\u00e9rov, strojn\u00fdch in\u017einierov a strelcov na dlh\u00e9 vzdialenosti.<\/p>\n<h2>Tangent Theta TT315M 3-15x50mm Pu\u0161koh\u013ead<\/h2>\n<p>Tangent Theta TT315M je presn\u00fd zameriavac\u00ed pr\u00edstroj ur\u010den\u00fd pre pol\u00edciu a bezpe\u010dnostn\u00e9 zlo\u017eky. Tento \u013eahk\u00fd profesion\u00e1lny pu\u0161koh\u013ead kombinuje technol\u00f3giu s optick\u00fdm v\u00fdkonom.<\/p>\n<h2>Hlavn\u00e9 vlastnosti:<\/h2>\n<ul>\n<li>50mm objekt\u00edv<\/li>\n<li>30mm hlavn\u00e1 trubica<\/li>\n<li>Mechanick\u00fd indik\u00e1tor smeru vetra<\/li>\n<li>11 nastaven\u00ed osvetlenia z\u00e1mern\u00e9ho kr\u00ed\u017ea<\/li>\n<li>Bo\u010dn\u00e9 nastavenie paralaxy<\/li>\n<li>Nepohybliv\u00e9 ovl\u00e1dacie prvky s nulovou zar\u00e1\u017ekou elev\u00e1cie<\/li>\n<li>Dvojot\u00e1\u010dkov\u00e1 elev\u00e1cia s indik\u00e1torom ot\u00e1\u010dok a smeru vetra<\/li>\n<li>Rozsah zv\u00e4\u010d\u0161enia 3-15x<\/li>\n<li>Uzamykate\u013en\u00e1 r\u00fdchla korekcia dioptri\u00ed<\/li>\n<\/ul>\n<h2>Optick\u00e9 vlastnosti:<\/h2>\n<p>TT315M m\u00e1 optimalizovan\u00fa optick\u00fa dr\u00e1hu pre vysok\u00fa kvalitu obrazu.<\/p>\n<h2>Presn\u00e9 nastavenia:<\/h2>\n<p>TT315M m\u00e1 presn\u00e9 nastavovacie mechanizmy so zar\u00e1\u017ekami, indik\u00e1tormi ot\u00e1\u010dok a smeru vetra.<\/p>\n<h2>Mo\u017enosti z\u00e1mern\u00e9ho kr\u00ed\u017ea:<\/h2>\n<ul>\n<li>Gen 2XR<\/li>\n<li>MoA<\/li>\n<li>Gen 2 Mil-Dot<\/li>\n<li>Gen 3XR<\/li>\n<\/ul>\n<h2>Technick\u00e9 \u0161pecifik\u00e1cie:<\/h2>\n<ul>\n<li>D\u013a\u017eka: 351mm<\/li>\n<li>Hmotnos\u0165: 786g<\/li>\n<li>Zorn\u00e9 pole pri 3x: 7,3 stup\u0148ov (12,8m na 100m)<\/li>\n<li>Zorn\u00e9 pole pri 15x: 1,6 stup\u0148ov (2,8m na 100m)<\/li>\n<li>O\u010dn\u00e1 vzdialenos\u0165: 90mm<\/li>\n<li>Celkov\u00fd rozsah nastavenia elev\u00e1cie: 18 mrad (60 MoA)<\/li>\n<li>Celkov\u00fd rozsah nastavenia bo\u010dn\u00e9ho vetra: +\/- 12 mrad (+\/-40 MoA)<\/li>\n<li>Rozl\u00ed\u0161enie nastavenia: 0,1 mrad alebo 1\/4 MoA<\/li>\n<li>Rozsah nastavenia paralaxy: 50m a\u017e nekone\u010dno<\/li>\n<\/ul>\n<h2>Odolnos\u0165:<\/h2>\n<p>TT315M je vodotesn\u00fd do h\u013abky 10 metrov po dobu 4 hod\u00edn a odoln\u00fd proti n\u00e1razom do 700g pri 10 000 cykloch. M\u00e1 anodizovan\u00fd matn\u00fd povrch typu II.<\/p>\n<h2>Pr\u00edslu\u0161enstvo v balen\u00ed:<\/h2>\n<p>Kryty \u0161o\u0161oviek Tenebraex a ARD (Anti-Reflection Device).<\/p>\n<\/div>\n","protected":false},"excerpt":{"rendered":"<p>Presn\u00fd pu\u0161koh\u013ead 3-15x50mm pre strelcov. Optim\u00e1lny obraz, nulov\u00e1 zar\u00e1\u017eka, podsvietenie.<\/p>\n","protected":false},"featured_media":167624,"template":"","meta":{"_acf_changed":false},"product_brand":[11902],"product_cat":[13373,13341],"product_tag":[],"class_list":{"0":"post-84581","1":"product","2":"type-product","3":"status-publish","4":"has-post-thumbnail","6":"product_brand-tangent-theta","7":"product_cat-mierenie","8":"product_cat-zvaecsena-optika","10":"first","11":"instock","12":"taxable","13":"shipping-taxable","14":"purchasable","15":"product-type-variable","16":"wvs-archive-product-wrapper"},"acf":[],"_links":{"self":[{"href":"https:\/\/staging.nbg.eu\/sk\/wp-json\/wp\/v2\/product\/84581","targetHints":{"allow":["GET"]}}],"collection":[{"href":"https:\/\/staging.nbg.eu\/sk\/wp-json\/wp\/v2\/product"}],"about":[{"href":"https:\/\/staging.nbg.eu\/sk\/wp-json\/wp\/v2\/types\/product"}],"wp:featuredmedia":[{"embeddable":true,"href":"https:\/\/staging.nbg.eu\/sk\/wp-json\/wp\/v2\/media\/167624"}],"wp:attachment":[{"href":"https:\/\/staging.nbg.eu\/sk\/wp-json\/wp\/v2\/media?parent=84581"}],"wp:term":[{"taxonomy":"product_brand","embeddable":true,"href":"https:\/\/staging.nbg.eu\/sk\/wp-json\/wp\/v2\/product_brand?post=84581"},{"taxonomy":"product_cat","embeddable":true,"href":"https:\/\/staging.nbg.eu\/sk\/wp-json\/wp\/v2\/product_cat?post=84581"},{"taxonomy":"product_tag","embeddable":true,"href":"https:\/\/staging.nbg.eu\/sk\/wp-json\/wp\/v2\/product_tag?post=84581"}],"curies":[{"name":"wp","href":"https:\/\/api.w.org\/{rel}","templated":true}]}}