{"id":83676,"date":"2024-11-27T16:38:30","date_gmt":"2024-12-17T12:43:12","guid":{"rendered":"https:\/\/staging.nbg.eu\/product\/super-precision-t1-mount-absolute-co-witness-ddc\/"},"modified":"2024-12-17T12:44:59","modified_gmt":"2024-12-17T12:44:59","slug":"super-precision-t1-mount-absolute-co-witness-ddc","status":"publish","type":"product","link":"https:\/\/staging.nbg.eu\/sk\/produkt\/super-precision-t1-mount-absolute-co-witness-ddc\/","title":{"rendered":"Super Precision T1 Mount &#8211; Absolute Co-Witness &#8211; DDC"},"content":{"rendered":"<div class=\"product-description\">\n<h2>Presn\u00e1 mont\u00e1\u017e T1 &#8211; Absol\u00fatny ko-witness &#8211; DDC<\/h2>\n<p>Mont\u00e1\u017e pre Aimpoint T1 alebo podobn\u00e9 \u010derven\u00e9 bodov\u00e9 optiky. Vyroben\u00e1 z jedn\u00e9ho kusu hlin\u00edka 7075-T6, t\u00e1to mont\u00e1\u017e pon\u00faka odolnos\u0165 a v\u00fdkon.<\/p>\n<ul>\n<li>V\u00fd\u0161ka pre absol\u00fatny ko-witness<\/li>\n<li>DDC (Desert Dirt Color) typ 3 tvrd\u00e1 anodizovan\u00e1 povrchov\u00e1 \u00faprava<\/li>\n<li>Aktualizovan\u00e1 met\u00f3da upevnenia maticou a skrutkou, poskytuj\u00faca 1 400 libier up\u00ednacej sily<\/li>\n<li>3 strihacie v\u00fdstupky pre maxim\u00e1lnu pevnos\u0165 a n\u00e1vrat do nulovej polohy<\/li>\n<li>\u013dahk\u00e1 kon\u0161trukcia s hmotnos\u0165ou len 2 unce<\/li>\n<\/ul>\n<p>Mont\u00e1\u017ene rie\u0161enie od Geissele s d\u00f4razom na detail a kvalitu.<\/p>\n<\/div>\n","protected":false},"excerpt":{"rendered":"<p>Presn\u00fd dr\u017eiak pre T1 optiku, absol\u00fatne spolusledovanie, DDC povrch, ultra-bezpe\u010dn\u00fd<\/p>\n","protected":false},"featured_media":82848,"template":"","meta":{"_acf_changed":false},"product_brand":[11391],"product_cat":[13373],"product_tag":[],"class_list":{"0":"post-83676","1":"product","2":"type-product","3":"status-publish","4":"has-post-thumbnail","6":"product_brand-geissele","7":"product_cat-mierenie","9":"first","10":"instock","11":"taxable","12":"shipping-taxable","13":"product-type-simple"},"acf":[],"_links":{"self":[{"href":"https:\/\/staging.nbg.eu\/sk\/wp-json\/wp\/v2\/product\/83676","targetHints":{"allow":["GET"]}}],"collection":[{"href":"https:\/\/staging.nbg.eu\/sk\/wp-json\/wp\/v2\/product"}],"about":[{"href":"https:\/\/staging.nbg.eu\/sk\/wp-json\/wp\/v2\/types\/product"}],"wp:featuredmedia":[{"embeddable":true,"href":"https:\/\/staging.nbg.eu\/sk\/wp-json\/wp\/v2\/media\/82848"}],"wp:attachment":[{"href":"https:\/\/staging.nbg.eu\/sk\/wp-json\/wp\/v2\/media?parent=83676"}],"wp:term":[{"taxonomy":"product_brand","embeddable":true,"href":"https:\/\/staging.nbg.eu\/sk\/wp-json\/wp\/v2\/product_brand?post=83676"},{"taxonomy":"product_cat","embeddable":true,"href":"https:\/\/staging.nbg.eu\/sk\/wp-json\/wp\/v2\/product_cat?post=83676"},{"taxonomy":"product_tag","embeddable":true,"href":"https:\/\/staging.nbg.eu\/sk\/wp-json\/wp\/v2\/product_tag?post=83676"}],"curies":[{"name":"wp","href":"https:\/\/api.w.org\/{rel}","templated":true}]}}