{"id":83654,"date":"2024-11-02T06:43:16","date_gmt":"2024-11-02T06:43:16","guid":{"rendered":"https:\/\/staging.nbg.eu\/product\/sons-of-liberty-gun-works-ar-15-buffer-h3\/"},"modified":"2024-12-17T13:06:11","modified_gmt":"2024-12-17T13:06:11","slug":"sons-of-liberty-gun-works-ar-15-buffer-h3","status":"publish","type":"product","link":"https:\/\/staging.nbg.eu\/sk\/produkt\/sons-of-liberty-gun-works-ar-15-buffer-h3\/","title":{"rendered":"Sons of Liberty Gun Works &#8211; AR 15 Buffer H3"},"content":{"rendered":"<div class=\"product-description\">\n<h2>Sons of Liberty Gun Works &#8211; AR 15 Tlmi\u010d H3<\/h2>\n<p>Tento SOLGW H3 tlmi\u010d je n\u00e1hradn\u00fd diel pre AR-15. Vyroben\u00fd je s presn\u00fdmi toleranciami a zabezpe\u010duje funk\u010dnos\u0165 zbrane.<\/p>\n<ul>\n<li>Kompatibiln\u00fd so v\u0161etk\u00fdmi modelmi AR-15<\/li>\n<li>Hmotnos\u0165: 5.4 unce<\/li>\n<li>Rozmery: 1 palec<\/li>\n<li>Ozna\u010den\u00fd pre \u013eahk\u00fa identifik\u00e1ciu hmotnosti<\/li>\n<\/ul>\n<p>Tento tlmi\u010d udr\u017eiava spo\u013eahlivos\u0165 a plynul\u00fa prev\u00e1dzku AR-15. SOLGW H3 tlmi\u010d je navrhnut\u00fd na zn\u00ed\u017eenie sp\u00e4tn\u00e9ho r\u00e1zu a zlep\u0161enie cyklu zbrane.<\/p>\n<p>Sons of Liberty Gun Works vyr\u00e1ba kvalitn\u00e9 s\u00fa\u010diastky pre zbrane.<\/p>\n<\/div>\n","protected":false},"excerpt":{"rendered":"<p>Tlmi\u010d sp\u00e4tn\u00e9ho r\u00e1zu Sons of Liberty H3 pre AR-15: Presn\u00fd, odoln\u00fd, hmotnos\u0165 153 gramov.<\/p>\n","protected":false},"featured_media":76333,"template":"","meta":{"_acf_changed":false},"product_brand":[],"product_cat":[13346],"product_tag":[],"class_list":{"0":"post-83654","1":"product","2":"type-product","3":"status-publish","4":"has-post-thumbnail","6":"product_cat-rifle-tuning","8":"first","9":"outofstock","10":"taxable","11":"shipping-taxable","12":"purchasable","13":"product-type-simple"},"acf":[],"_links":{"self":[{"href":"https:\/\/staging.nbg.eu\/sk\/wp-json\/wp\/v2\/product\/83654","targetHints":{"allow":["GET"]}}],"collection":[{"href":"https:\/\/staging.nbg.eu\/sk\/wp-json\/wp\/v2\/product"}],"about":[{"href":"https:\/\/staging.nbg.eu\/sk\/wp-json\/wp\/v2\/types\/product"}],"wp:featuredmedia":[{"embeddable":true,"href":"https:\/\/staging.nbg.eu\/sk\/wp-json\/wp\/v2\/media\/76333"}],"wp:attachment":[{"href":"https:\/\/staging.nbg.eu\/sk\/wp-json\/wp\/v2\/media?parent=83654"}],"wp:term":[{"taxonomy":"product_brand","embeddable":true,"href":"https:\/\/staging.nbg.eu\/sk\/wp-json\/wp\/v2\/product_brand?post=83654"},{"taxonomy":"product_cat","embeddable":true,"href":"https:\/\/staging.nbg.eu\/sk\/wp-json\/wp\/v2\/product_cat?post=83654"},{"taxonomy":"product_tag","embeddable":true,"href":"https:\/\/staging.nbg.eu\/sk\/wp-json\/wp\/v2\/product_tag?post=83654"}],"curies":[{"name":"wp","href":"https:\/\/api.w.org\/{rel}","templated":true}]}}