{"id":83632,"date":"2024-11-27T08:29:48","date_gmt":"2024-11-27T08:29:48","guid":{"rendered":"https:\/\/staging.nbg.eu\/product\/geissele-ak-trigger-ultimate-with-lightning-bow-akt-ul\/"},"modified":"2024-12-17T12:31:12","modified_gmt":"2024-12-17T12:31:12","slug":"geissele-ak-trigger-ultimate-s-lightning-bow-akt-ul","status":"publish","type":"product","link":"https:\/\/staging.nbg.eu\/sk\/produkt\/geissele-ak-trigger-ultimate-s-lightning-bow-akt-ul\/","title":{"rendered":"Geissele AK Trigger Ultimate s Lightning Bow (AKT-UL)"},"content":{"rendered":"<div class=\"product-description\">\n<h2>Geissele AK sp\u00fa\u0161\u0165 Ultimate s Lightning Bow (AKT-UL)<\/h2>\n<p>AKT-UL je jednof\u00e1zov\u00e1 sp\u00fa\u0161\u0165 pre AK47 alebo AK74. Pon\u00faka tieto vlastnosti:<\/p>\n<ul>\n<li>Krat\u0161\u00ed \u0165ah a r\u00fdchlej\u0161\u00ed reset<\/li>\n<li>Vyroben\u00e1 z oce\u013eovej zliatiny<\/li>\n<li>Dizajn Lightning Bow<\/li>\n<li>Vyroben\u00e1 v USA, prispieva k 922(r) zhode<\/li>\n<\/ul>\n<p>Vhodn\u00e1 pre presn\u00e9 a ter\u010dov\u00e9 stre\u013eby. Pozn\u00e1mka: Odpor\u00fa\u010da sa profesion\u00e1lna in\u0161tal\u00e1cia kv\u00f4li mo\u017enej potrebe \u00faprav. Nie je kompatibiln\u00e1 s variantmi 12 Gauge a 308 \/ 7.62x54r.<\/p>\n<\/div>\n","protected":false},"excerpt":{"rendered":"<p>Presn\u00e1 AK sp\u00fa\u0161\u0165 s technol\u00f3giou Lightning Bow pre lep\u0161iu kontrolu a cit.<\/p>\n","protected":false},"featured_media":82201,"template":"","meta":{"_acf_changed":false},"product_brand":[],"product_cat":[13331,13397,13346,13334],"product_tag":[],"class_list":{"0":"post-83632","1":"product","2":"type-product","3":"status-publish","4":"has-post-thumbnail","6":"product_cat-ak-tuning","7":"product_cat-puska","8":"product_cat-rifle-tuning","9":"product_cat-spuste","11":"first","12":"instock","13":"taxable","14":"shipping-taxable","15":"product-type-simple"},"acf":[],"_links":{"self":[{"href":"https:\/\/staging.nbg.eu\/sk\/wp-json\/wp\/v2\/product\/83632","targetHints":{"allow":["GET"]}}],"collection":[{"href":"https:\/\/staging.nbg.eu\/sk\/wp-json\/wp\/v2\/product"}],"about":[{"href":"https:\/\/staging.nbg.eu\/sk\/wp-json\/wp\/v2\/types\/product"}],"wp:featuredmedia":[{"embeddable":true,"href":"https:\/\/staging.nbg.eu\/sk\/wp-json\/wp\/v2\/media\/82201"}],"wp:attachment":[{"href":"https:\/\/staging.nbg.eu\/sk\/wp-json\/wp\/v2\/media?parent=83632"}],"wp:term":[{"taxonomy":"product_brand","embeddable":true,"href":"https:\/\/staging.nbg.eu\/sk\/wp-json\/wp\/v2\/product_brand?post=83632"},{"taxonomy":"product_cat","embeddable":true,"href":"https:\/\/staging.nbg.eu\/sk\/wp-json\/wp\/v2\/product_cat?post=83632"},{"taxonomy":"product_tag","embeddable":true,"href":"https:\/\/staging.nbg.eu\/sk\/wp-json\/wp\/v2\/product_tag?post=83632"}],"curies":[{"name":"wp","href":"https:\/\/api.w.org\/{rel}","templated":true}]}}