{"id":83610,"date":"2024-11-27T16:26:53","date_gmt":"2024-12-17T12:21:07","guid":{"rendered":"https:\/\/staging.nbg.eu\/product\/super-precision-t1-mount-absolute-co-witness-black\/"},"modified":"2024-12-17T12:22:40","modified_gmt":"2024-12-17T12:22:40","slug":"super-precision-t1-mount-absolute-co-witness-cierny","status":"publish","type":"product","link":"https:\/\/staging.nbg.eu\/sk\/produkt\/super-precision-t1-mount-absolute-co-witness-cierny\/","title":{"rendered":"Super Precision T1 Mount &#8211; Absolute Co-Witness &#8211; \u010cierny"},"content":{"rendered":"<h2>T1 Mont\u00e1\u017e &#8211; Absol\u00fatne spolusledovanie &#8211; \u010cierna<\/h2>\n<p>T1 mont\u00e1\u017e je navrhnut\u00e1 pre optiku Aimpoint T1 a podobn\u00e9 \u010derven\u00e9 bodov\u00e9 zameriava\u010de. Je vyroben\u00e1 z jedn\u00e9ho kusu hlin\u00edka 7075-T6.<\/p>\n<ul>\n<li>V\u00fd\u0161ka pre absol\u00fatne spolusledovanie<\/li>\n<li>\u010cierna anodizovan\u00e1 povrchov\u00e1 \u00faprava typu 3<\/li>\n<li>V\u00e1\u017ei 57 gramov<\/li>\n<li>Pou\u017e\u00edva aktualizovan\u00fd syst\u00e9m matice a skrutky Geissele<\/li>\n<li>635 kg up\u00ednacej sily<\/li>\n<li>3 strihov\u00e9 v\u00fdstupky pre maxim\u00e1lnu pevnos\u0165 a n\u00e1vrat do nulovej polohy<\/li>\n<\/ul>\n<p>T1 mont\u00e1\u017e zais\u0165uje stabilitu a presnos\u0165 uchytenia optiky.<\/p>\n","protected":false},"excerpt":{"rendered":"<p>Presne fr\u00e9zovan\u00e1 T1 mont\u00e1\u017e pre absol\u00fatne s\u00faosov\u00e9 zamierenie. Odoln\u00fd hlin\u00edk, pevn\u00e9 upevnenie.<\/p>\n","protected":false},"featured_media":82502,"template":"","meta":{"_acf_changed":false},"product_brand":[11391],"product_cat":[13373],"product_tag":[],"class_list":{"0":"post-83610","1":"product","2":"type-product","3":"status-publish","4":"has-post-thumbnail","6":"product_brand-geissele","7":"product_cat-mierenie","9":"first","10":"instock","11":"taxable","12":"shipping-taxable","13":"product-type-simple"},"acf":[],"_links":{"self":[{"href":"https:\/\/staging.nbg.eu\/sk\/wp-json\/wp\/v2\/product\/83610","targetHints":{"allow":["GET"]}}],"collection":[{"href":"https:\/\/staging.nbg.eu\/sk\/wp-json\/wp\/v2\/product"}],"about":[{"href":"https:\/\/staging.nbg.eu\/sk\/wp-json\/wp\/v2\/types\/product"}],"wp:featuredmedia":[{"embeddable":true,"href":"https:\/\/staging.nbg.eu\/sk\/wp-json\/wp\/v2\/media\/82502"}],"wp:attachment":[{"href":"https:\/\/staging.nbg.eu\/sk\/wp-json\/wp\/v2\/media?parent=83610"}],"wp:term":[{"taxonomy":"product_brand","embeddable":true,"href":"https:\/\/staging.nbg.eu\/sk\/wp-json\/wp\/v2\/product_brand?post=83610"},{"taxonomy":"product_cat","embeddable":true,"href":"https:\/\/staging.nbg.eu\/sk\/wp-json\/wp\/v2\/product_cat?post=83610"},{"taxonomy":"product_tag","embeddable":true,"href":"https:\/\/staging.nbg.eu\/sk\/wp-json\/wp\/v2\/product_tag?post=83610"}],"curies":[{"name":"wp","href":"https:\/\/api.w.org\/{rel}","templated":true}]}}