{"id":83588,"date":"2024-11-01T14:01:14","date_gmt":"2024-12-17T12:13:06","guid":{"rendered":"https:\/\/staging.nbg.eu\/product\/sons-of-liberty-gun-works-ar-15-buffer-h2\/"},"modified":"2024-12-17T12:59:08","modified_gmt":"2024-12-17T12:59:08","slug":"sons-of-liberty-gun-works-ar-15-buffer-h2","status":"publish","type":"product","link":"https:\/\/staging.nbg.eu\/sk\/produkt\/sons-of-liberty-gun-works-ar-15-buffer-h2\/","title":{"rendered":"Sons of Liberty Gun Works &#8211; AR 15 Buffer H2"},"content":{"rendered":"<div class=\"product-description\">\n<h2>Sons of Liberty Gun Works &#8211; AR 15 Buffer H2<\/h2>\n<p>AR-15 Buffer H2 od Sons of Liberty Gun Works (SOLGW). Tento n\u00e1hradn\u00fd diel zabezpe\u010duje optim\u00e1lnu funk\u010dnos\u0165 va\u0161ej strelnej zbrane.<\/p>\n<ul>\n<li>Kompatibiln\u00fd so v\u0161etk\u00fdmi modelmi AR-15<\/li>\n<li>Vyroben\u00fd s presn\u00fdmi toleranciami<\/li>\n<li>Ozna\u010den\u00fd pre \u013eahk\u00fa identifik\u00e1ciu hmotnosti<\/li>\n<li>Hmotnos\u0165: 4.6 unce<\/li>\n<li>Rozmery: 1 palec<\/li>\n<\/ul>\n<p>Tento H2 buffer udr\u017eiava spo\u013eahlivos\u0165 a plynul\u00fa prev\u00e1dzku v\u00e1\u0161ho AR-15. Zabezpe\u010duje konzistentn\u00fd v\u00fdkon pri ka\u017edom v\u00fdstrele.<\/p>\n<\/div>\n","protected":false},"excerpt":{"rendered":"<p>SOLGW AR-15 H2 Buffer: Prec\u00edzne vyroben\u00e1 4.6-uncov\u00e1 n\u00e1hrada pre plynul\u00fa a spo\u013eahliv\u00fa funkciu<\/p>\n","protected":false},"featured_media":76286,"template":"","meta":{"_acf_changed":false},"product_brand":[],"product_cat":[13346],"product_tag":[],"class_list":{"0":"post-83588","1":"product","2":"type-product","3":"status-publish","4":"has-post-thumbnail","6":"product_cat-rifle-tuning","8":"first","9":"instock","10":"taxable","11":"shipping-taxable","12":"purchasable","13":"product-type-simple"},"acf":[],"_links":{"self":[{"href":"https:\/\/staging.nbg.eu\/sk\/wp-json\/wp\/v2\/product\/83588","targetHints":{"allow":["GET"]}}],"collection":[{"href":"https:\/\/staging.nbg.eu\/sk\/wp-json\/wp\/v2\/product"}],"about":[{"href":"https:\/\/staging.nbg.eu\/sk\/wp-json\/wp\/v2\/types\/product"}],"wp:featuredmedia":[{"embeddable":true,"href":"https:\/\/staging.nbg.eu\/sk\/wp-json\/wp\/v2\/media\/76286"}],"wp:attachment":[{"href":"https:\/\/staging.nbg.eu\/sk\/wp-json\/wp\/v2\/media?parent=83588"}],"wp:term":[{"taxonomy":"product_brand","embeddable":true,"href":"https:\/\/staging.nbg.eu\/sk\/wp-json\/wp\/v2\/product_brand?post=83588"},{"taxonomy":"product_cat","embeddable":true,"href":"https:\/\/staging.nbg.eu\/sk\/wp-json\/wp\/v2\/product_cat?post=83588"},{"taxonomy":"product_tag","embeddable":true,"href":"https:\/\/staging.nbg.eu\/sk\/wp-json\/wp\/v2\/product_tag?post=83588"}],"curies":[{"name":"wp","href":"https:\/\/api.w.org\/{rel}","templated":true}]}}