{"id":83566,"date":"2024-11-27T08:27:04","date_gmt":"2024-12-17T12:03:51","guid":{"rendered":"https:\/\/staging.nbg.eu\/product\/geissele-ak-trigger-enhanced-with-lightning-bow-akt-el\/"},"modified":"2024-12-17T12:05:24","modified_gmt":"2024-12-17T12:05:24","slug":"geissele-ak-trigger-enhanced-s-lightning-bow-akt-el","status":"publish","type":"product","link":"https:\/\/staging.nbg.eu\/sk\/produkt\/geissele-ak-trigger-enhanced-s-lightning-bow-akt-el\/","title":{"rendered":"Geissele AK Trigger Enhanced s Lightning Bow (AKT-EL)"},"content":{"rendered":"<div class=\"product-description\">\n<h2>Geissele AK sp\u00fa\u0161\u0165 vylep\u0161en\u00e1 s Lightning Bow (AKT-EL)<\/h2>\n<p>AK sp\u00fa\u0161\u0165 vylep\u0161en\u00e1 s Lightning Bow (AKT-EL) pre AK47\/AK74. T\u00e1to jednof\u00e1zov\u00e1 sp\u00fa\u0161\u0165 pon\u00faka:<\/p>\n<ul>\n<li>Krat\u0161\u00ed chod sp\u00fa\u0161te pre lep\u0161\u00ed v\u00fdkon pri obrane<\/li>\n<li>Vyroben\u00e1 z kvalitnej ocele<\/li>\n<li>Povrchov\u00e1 \u00faprava mang\u00e1nov\u00fdm fosf\u00e1tom pre odolnos\u0165 vo\u010di kor\u00f3zii<\/li>\n<li>Dizajn Lightning Bow\u00ae pre lep\u0161iu kontrolu sp\u00fa\u0161te<\/li>\n<li>Vyroben\u00e9 v USA (North Wales, PA)<\/li>\n<li>Prispieva k 922(r) zhode s tromi s\u00fa\u010diastkami<\/li>\n<\/ul>\n<p><strong>Pozn\u00e1mka:<\/strong> Nie je kompatibiln\u00e1 s variantmi 12 Gauge a 308 \/ 7.62x54r. Odpor\u00fa\u010da sa profesion\u00e1lna in\u0161tal\u00e1cia pre optim\u00e1lny v\u00fdkon a bezpe\u010dnos\u0165.<\/p>\n<\/div>\n","protected":false},"excerpt":{"rendered":"<p>Vylep\u0161en\u00e1 AK sp\u00fa\u0161\u0165 s Lightning Bow pre hlad\u0161\u00ed a krat\u0161\u00ed \u0165ah.<\/p>\n","protected":false},"featured_media":82131,"template":"","meta":{"_acf_changed":false},"product_brand":[11391],"product_cat":[13331,13346,13334],"product_tag":[],"class_list":{"0":"post-83566","1":"product","2":"type-product","3":"status-publish","4":"has-post-thumbnail","6":"product_brand-geissele","7":"product_cat-ak-tuning","8":"product_cat-rifle-tuning","9":"product_cat-spuste","11":"first","12":"instock","13":"taxable","14":"shipping-taxable","15":"product-type-simple"},"acf":[],"_links":{"self":[{"href":"https:\/\/staging.nbg.eu\/sk\/wp-json\/wp\/v2\/product\/83566","targetHints":{"allow":["GET"]}}],"collection":[{"href":"https:\/\/staging.nbg.eu\/sk\/wp-json\/wp\/v2\/product"}],"about":[{"href":"https:\/\/staging.nbg.eu\/sk\/wp-json\/wp\/v2\/types\/product"}],"wp:featuredmedia":[{"embeddable":true,"href":"https:\/\/staging.nbg.eu\/sk\/wp-json\/wp\/v2\/media\/82131"}],"wp:attachment":[{"href":"https:\/\/staging.nbg.eu\/sk\/wp-json\/wp\/v2\/media?parent=83566"}],"wp:term":[{"taxonomy":"product_brand","embeddable":true,"href":"https:\/\/staging.nbg.eu\/sk\/wp-json\/wp\/v2\/product_brand?post=83566"},{"taxonomy":"product_cat","embeddable":true,"href":"https:\/\/staging.nbg.eu\/sk\/wp-json\/wp\/v2\/product_cat?post=83566"},{"taxonomy":"product_tag","embeddable":true,"href":"https:\/\/staging.nbg.eu\/sk\/wp-json\/wp\/v2\/product_tag?post=83566"}],"curies":[{"name":"wp","href":"https:\/\/api.w.org\/{rel}","templated":true}]}}