{"id":83466,"date":"2024-11-16T09:53:46","date_gmt":"2024-12-16T10:52:05","guid":{"rendered":"https:\/\/staging.nbg.eu\/product\/elcan-specterdr-1x-4x\/"},"modified":"2024-12-16T10:54:05","modified_gmt":"2024-12-16T10:54:05","slug":"elcan-specterdr-1x4x","status":"publish","type":"product","link":"https:\/\/staging.nbg.eu\/sk\/produkt\/elcan-specterdr-1x4x\/","title":{"rendered":"ELCAN SpecterDR 1x\/4x"},"content":{"rendered":"<h2>ELCAN SpecterDR 1x\/4x Optick\u00fd zameriava\u010d s dvojitou funkciou<\/h2>\n<p>ELCAN SpecterDR 1x\/4x \u2013 optick\u00fd zameriava\u010d s dvojit\u00fdm zorn\u00fdm po\u013eom.<\/p>\n<h2>Hlavn\u00e9 vlastnosti:<\/h2>\n<ul>\n<li>Integrovan\u00e9 li\u0161ty Picatinny<\/li>\n<li>Obojru\u010dn\u00e9 p\u00e1\u010dky na zmenu zv\u00e4\u010d\u0161enia<\/li>\n<li>Vylep\u0161en\u00e9 kryty bat\u00e9ri\u00ed<\/li>\n<li>Povrchov\u00e1 \u00faprava CERAKOTE\u00ae v \u010diernej alebo pieskovej farbe (FDE)<\/li>\n<li>Okam\u017eit\u00e9 prep\u00ednanie medzi 4x zv\u00e4\u010d\u0161en\u00edm a 1x zameriavan\u00edm<\/li>\n<li>Optimalizovan\u00e1 optick\u00e1 dr\u00e1ha a rovnak\u00e1 vzdialenos\u0165 oka v oboch re\u017eimoch<\/li>\n<li>Osvetlen\u00fd z\u00e1mern\u00fd kr\u00ed\u017e alebo \u010derven\u00e1 bodka v strede<\/li>\n<li>Zorn\u00e9 pole v re\u017eime 1x<\/li>\n<li>Obraz v re\u017eime 4x<\/li>\n<\/ul>\n<h2>Zameriavacie obrazce:<\/h2>\n<ul>\n<li>5.56 (CX5395)<\/li>\n<li>7.62 (CX5396)<\/li>\n<\/ul>\n<h2>Technick\u00e9 \u0161pecifik\u00e1cie:<\/h2>\n<ul>\n<li>Zv\u00e4\u010d\u0161enie: 4x \/ 1x<\/li>\n<li>Rozmery: 153mm x 68mm x 72mm (nomin\u00e1lne)<\/li>\n<li>Hmotnos\u0165: 655g (nomin\u00e1lne)<\/li>\n<li>Z\u00e1mern\u00fd kr\u00ed\u017e: Dvojit\u00e1 hr\u00fabka s volite\u013enou \u010dervenou bodkou<\/li>\n<li>Zorn\u00e9 pole: 26\u00b0 pri 1x, 6.5\u00b0 pri 4x<\/li>\n<li>Vzdialenos\u0165 oka: 70mm<\/li>\n<li>Bat\u00e9ria: CR2032 (3v l\u00edtiov\u00e1)<\/li>\n<li>V\u00fddr\u017e bat\u00e9rie: Do 1730 hod\u00edn<\/li>\n<li>Rozsah nastavenia: 120 uhlov\u00fdch min\u00fat<\/li>\n<\/ul>\n<h2>Volite\u013en\u00fd mikro reflexn\u00fd zameriava\u010d XOPTEK\u2122<\/h2>\n<p>XOPTEK\u2122 Micro Reflex Sight je \u013eahk\u00e9 zariadenie na r\u00fdchle zamierenie pre bl\u00edzke a\u017e stredn\u00e9 vzdialenosti.<\/p>\n<p>ELCAN SpecterDR 1x\/4x je navrhnut\u00fd pre profesion\u00e1lne pou\u017eitie, poskytuje rie\u0161enie pre stredn\u00e9 vzdialenosti a boj na bl\u00edzko.<\/p>\n","protected":false},"excerpt":{"rendered":"<p>ELCAN SpecterDR 1x\/4x: Dvoj\u00fa\u010delov\u00fd zameriava\u010d s okam\u017eit\u00fdm prep\u00ednan\u00edm zv\u00e4\u010d\u0161enia.<\/p>\n","protected":false},"featured_media":79350,"template":"","meta":{"_acf_changed":false},"product_brand":[11300],"product_cat":[13373,13341],"product_tag":[],"class_list":{"0":"post-83466","1":"product","2":"type-product","3":"status-publish","4":"has-post-thumbnail","6":"product_brand-elcan","7":"product_cat-mierenie","8":"product_cat-zvaecsena-optika","10":"first","11":"instock","12":"taxable","13":"shipping-taxable","14":"purchasable","15":"product-type-variable","16":"wvs-archive-product-wrapper"},"acf":[],"_links":{"self":[{"href":"https:\/\/staging.nbg.eu\/sk\/wp-json\/wp\/v2\/product\/83466","targetHints":{"allow":["GET"]}}],"collection":[{"href":"https:\/\/staging.nbg.eu\/sk\/wp-json\/wp\/v2\/product"}],"about":[{"href":"https:\/\/staging.nbg.eu\/sk\/wp-json\/wp\/v2\/types\/product"}],"wp:featuredmedia":[{"embeddable":true,"href":"https:\/\/staging.nbg.eu\/sk\/wp-json\/wp\/v2\/media\/79350"}],"wp:attachment":[{"href":"https:\/\/staging.nbg.eu\/sk\/wp-json\/wp\/v2\/media?parent=83466"}],"wp:term":[{"taxonomy":"product_brand","embeddable":true,"href":"https:\/\/staging.nbg.eu\/sk\/wp-json\/wp\/v2\/product_brand?post=83466"},{"taxonomy":"product_cat","embeddable":true,"href":"https:\/\/staging.nbg.eu\/sk\/wp-json\/wp\/v2\/product_cat?post=83466"},{"taxonomy":"product_tag","embeddable":true,"href":"https:\/\/staging.nbg.eu\/sk\/wp-json\/wp\/v2\/product_tag?post=83466"}],"curies":[{"name":"wp","href":"https:\/\/api.w.org\/{rel}","templated":true}]}}