{"id":83408,"date":"2024-11-05T08:15:55","date_gmt":"2024-12-16T10:07:06","guid":{"rendered":"https:\/\/staging.nbg.eu\/product\/tinck-arms-semi-automatic-carbine-perun-x17-16\/"},"modified":"2024-12-16T10:08:55","modified_gmt":"2024-12-16T10:08:55","slug":"tinck-arms-samonabijacia-karabina-perun-x17-16","status":"publish","type":"product","link":"https:\/\/staging.nbg.eu\/sk\/produkt\/tinck-arms-samonabijacia-karabina-perun-x17-16\/","title":{"rendered":"Tinck Arms samonab\u00edjacia karab\u00edna Perun X17 &#8211; 16&#8243;"},"content":{"rendered":"<div class=\"product-description\">\n<h2>Tinck Arms Perun X17 &#8211; 16&#8243; Poloautomatick\u00e1 karab\u00edna<\/h2>\n<p>Perun X17 je nov\u00e1 gener\u00e1cia strelnej zbrane, navrhnut\u00e1 pre potreby \u0161portov\u00fdch nad\u0161encov, policajn\u00fdch zlo\u017eiek a arm\u00e1dneho person\u00e1lu po celom svete. Tento syst\u00e9m je zalo\u017een\u00fd na existuj\u00facom syst\u00e9me AR10, zah\u0155\u0148a nov\u00e9 funkcie a patentovan\u00fd opera\u010dn\u00fd syst\u00e9m, ktor\u00fd stanovuje nov\u00e9 \u0161tandardy pre spo\u013eahlivos\u0165 a jednoduch\u00fa \u00fadr\u017ebu.<\/p>\n<h2>Hlavn\u00e9 vlastnosti:<\/h2>\n<ul>\n<li>Vyv\u00e1\u017eenie a ovl\u00e1danie pre zlep\u0161enie presnosti pri r\u00fdchlej stre\u013ebe<\/li>\n<li>Plynul\u00e1 stre\u013eba pre lep\u0161\u00ed v\u00fdkon<\/li>\n<li>Vysok\u00e1 modularita a kompatibilita s dielmi platformy AR10<\/li>\n<li>Obojstrann\u00e9 ovl\u00e1dacie prvky<\/li>\n<li>Mo\u017enos\u0165 skladacej pa\u017eby pre lep\u0161iu prenosnos\u0165<\/li>\n<\/ul>\n<h2>Technick\u00e9 \u0161pecifik\u00e1cie:<\/h2>\n<table>\n<tr>\n<td>Kaliber:<\/td>\n<td>7,62 x 51mm .308Win, 6,5 Creedmoor<\/td>\n<\/tr>\n<tr>\n<td>Opera\u010dn\u00fd syst\u00e9m:<\/td>\n<td>Uzamykate\u013en\u00fd rota\u010dn\u00fd z\u00e1ver hybridn\u00fd DI a kr\u00e1tky zdvih<\/td>\n<\/tr>\n<tr>\n<td>Akcia:<\/td>\n<td>Poloautomatick\u00e1<\/td>\n<\/tr>\n<tr>\n<td>D\u013a\u017eka (min\/max):<\/td>\n<td>605mm \/ 1040mm<\/td>\n<\/tr>\n<tr>\n<td>\u0160\u00edrka:<\/td>\n<td>56mm (64mm celkom s nab\u00edjacou rukov\u00e4\u0165ou)<\/td>\n<\/tr>\n<tr>\n<td>V\u00fd\u0161ka:<\/td>\n<td>210mm (s 10-n\u00e1bojov\u00fdm z\u00e1sobn\u00edkom)<\/td>\n<\/tr>\n<tr>\n<td>D\u013a\u017eka hlavne:<\/td>\n<td>16&#8243; (\u0160tandardn\u00e1 AR10 kompatibiln\u00e1)<\/td>\n<\/tr>\n<tr>\n<td>St\u00fapanie z\u00e1vitu:<\/td>\n<td>1:12<\/td>\n<\/tr>\n<tr>\n<td>Hmotnos\u0165:<\/td>\n<td>3,7kg (s 20-n\u00e1bojov\u00fdm z\u00e1sobn\u00edkom)<\/td>\n<\/tr>\n<tr>\n<td>Mieridl\u00e1:<\/td>\n<td>Sklopn\u00e9 n\u00fadzov\u00e9 mieridl\u00e1 (sekund\u00e1rne)<\/td>\n<\/tr>\n<tr>\n<td>D\u013a\u017eka mieridiel:<\/td>\n<td>300mm, 340mm<\/td>\n<\/tr>\n<tr>\n<td>Pripojenie tlmi\u010da:<\/td>\n<td>5\/8 x 24 z\u00e1vit integrovan\u00fd v \u00fas\u0165ovej brzde<\/td>\n<\/tr>\n<tr>\n<td>\u00das\u0165ov\u00e9 zariadenie:<\/td>\n<td>3-komorov\u00e1 \u00fas\u0165ov\u00e1 brzda<\/td>\n<\/tr>\n<tr>\n<td>NAR li\u0161ty:<\/td>\n<td>1+3<\/td>\n<\/tr>\n<tr>\n<td>Nab\u00edjacia rukov\u00e4\u0165:<\/td>\n<td>Nereciprok\u00e1<\/td>\n<\/tr>\n<tr>\n<td>Kapacita z\u00e1sobn\u00edka:<\/td>\n<td>10, 20, 25 n\u00e1bojov (polym\u00e9r)<\/td>\n<\/tr>\n<tr>\n<td>\n","protected":false},"excerpt":{"rendered":"<p>V\u0161estrann\u00e1, spo\u013eahliv\u00e1 7,62x51mm karab\u00edna s 16-palcovou hlav\u0148ou. Plynul\u00e1 stre\u013eba, modul\u00e1rna platforma AR10.<\/p>\n","protected":false},"featured_media":77495,"template":"","meta":{"_acf_changed":false},"product_brand":[11923],"product_cat":[13394,13397],"product_tag":[],"class_list":{"0":"post-83408","1":"product","2":"type-product","3":"status-publish","4":"has-post-thumbnail","6":"product_brand-tinck-arms","7":"product_cat-karabiny","8":"product_cat-puska","10":"first","11":"instock","12":"taxable","13":"shipping-taxable","14":"purchasable","15":"product-type-simple"},"acf":[],"_links":{"self":[{"href":"https:\/\/staging.nbg.eu\/sk\/wp-json\/wp\/v2\/product\/83408","targetHints":{"allow":["GET"]}}],"collection":[{"href":"https:\/\/staging.nbg.eu\/sk\/wp-json\/wp\/v2\/product"}],"about":[{"href":"https:\/\/staging.nbg.eu\/sk\/wp-json\/wp\/v2\/types\/product"}],"wp:featuredmedia":[{"embeddable":true,"href":"https:\/\/staging.nbg.eu\/sk\/wp-json\/wp\/v2\/media\/77495"}],"wp:attachment":[{"href":"https:\/\/staging.nbg.eu\/sk\/wp-json\/wp\/v2\/media?parent=83408"}],"wp:term":[{"taxonomy":"product_brand","embeddable":true,"href":"https:\/\/staging.nbg.eu\/sk\/wp-json\/wp\/v2\/product_brand?post=83408"},{"taxonomy":"product_cat","embeddable":true,"href":"https:\/\/staging.nbg.eu\/sk\/wp-json\/wp\/v2\/product_cat?post=83408"},{"taxonomy":"product_tag","embeddable":true,"href":"https:\/\/staging.nbg.eu\/sk\/wp-json\/wp\/v2\/product_tag?post=83408"}],"curies":[{"name":"wp","href":"https:\/\/api.w.org\/{rel}","templated":true}]}}