{"id":83386,"date":"2024-11-01T13:52:15","date_gmt":"2024-11-01T13:52:15","guid":{"rendered":"https:\/\/staging.nbg.eu\/product\/daa-target-bag-classic-ipsc-target\/"},"modified":"2024-12-16T09:56:14","modified_gmt":"2024-12-16T09:56:14","slug":"daa-taska-na-terce-classic-ipsc-terc","status":"publish","type":"product","link":"https:\/\/staging.nbg.eu\/sk\/produkt\/daa-taska-na-terce-classic-ipsc-terc\/","title":{"rendered":"DAA Ta\u0161ka na ter\u010de, Classic (IPSC) ter\u010d"},"content":{"rendered":"<h2>DAA Ta\u0161ka na ter\u010de, Klasick\u00e1 (IPSC)<\/h2>\n<p>Ta\u0161ka DAA na ter\u010de pon\u00faka nasleduj\u00face vlastnosti:<\/p>\n<ul>\n<li>Kon\u0161trukcia z text\u00edlie D6000<\/li>\n<li>Hlavn\u00fd priestor pojme 20+ klasick\u00fdch IPSC ter\u010dov plnej ve\u013ekosti<\/li>\n<li>Tri vonkaj\u0161ie vreck\u00e1:\n<ul>\n<li>Vrecko na aplik\u00e1tor r\u00fdchlych z\u00e1plat<\/li>\n<li>Vrecko na sponkova\u010dku<\/li>\n<li>Univerz\u00e1lne vrecko na p\u00e1sku, sponky a n\u00e1radie<\/li>\n<\/ul>\n<\/li>\n<li>Dva nastavite\u013en\u00e9 popruhy na h\u00e1\u010diky kovov\u00fdch ter\u010dov<\/li>\n<li>Ramenn\u00fd popruh a polstrovan\u00e1 rukov\u00e4\u0165<\/li>\n<\/ul>\n<p>Umo\u017e\u0148uje organizova\u0165 v\u0161etko vybavenie s\u00favisiace s ter\u010dmi v jednej ta\u0161ke. Uvo\u013e\u0148uje ruky pre in\u00e9 ta\u0161ky a mun\u00edciu.<\/p>\n","protected":false},"excerpt":{"rendered":"<p>DAA cie\u013eov\u00e1 ta\u0161ka: Organizujte a pren\u00e1\u0161ajte IPSC ter\u010de s \u013eahkos\u0165ou.<\/p>\n","protected":false},"featured_media":76239,"template":"","meta":{"_acf_changed":false},"product_brand":[11282],"product_cat":[13410,13364],"product_tag":[],"class_list":{"0":"post-83386","1":"product","2":"type-product","3":"status-publish","4":"has-post-thumbnail","6":"product_brand-doublealpha","7":"product_cat-tasky-na-strelnicu","8":"product_cat-vystroj","10":"first","11":"outofstock","12":"taxable","13":"shipping-taxable","14":"purchasable","15":"product-type-simple"},"acf":[],"_links":{"self":[{"href":"https:\/\/staging.nbg.eu\/sk\/wp-json\/wp\/v2\/product\/83386","targetHints":{"allow":["GET"]}}],"collection":[{"href":"https:\/\/staging.nbg.eu\/sk\/wp-json\/wp\/v2\/product"}],"about":[{"href":"https:\/\/staging.nbg.eu\/sk\/wp-json\/wp\/v2\/types\/product"}],"wp:featuredmedia":[{"embeddable":true,"href":"https:\/\/staging.nbg.eu\/sk\/wp-json\/wp\/v2\/media\/76239"}],"wp:attachment":[{"href":"https:\/\/staging.nbg.eu\/sk\/wp-json\/wp\/v2\/media?parent=83386"}],"wp:term":[{"taxonomy":"product_brand","embeddable":true,"href":"https:\/\/staging.nbg.eu\/sk\/wp-json\/wp\/v2\/product_brand?post=83386"},{"taxonomy":"product_cat","embeddable":true,"href":"https:\/\/staging.nbg.eu\/sk\/wp-json\/wp\/v2\/product_cat?post=83386"},{"taxonomy":"product_tag","embeddable":true,"href":"https:\/\/staging.nbg.eu\/sk\/wp-json\/wp\/v2\/product_tag?post=83386"}],"curies":[{"name":"wp","href":"https:\/\/api.w.org\/{rel}","templated":true}]}}