{"id":78675,"date":"2024-11-04T19:26:19","date_gmt":"2024-11-13T12:31:58","guid":{"rendered":"https:\/\/staging.nbg.eu\/product\/tinck-arms-semi-automatic-rifle-ar-x15-ms-pro-cal-5-56x45-223-rem-12-5\/"},"modified":"2024-11-13T12:33:22","modified_gmt":"2024-11-13T12:33:22","slug":"tinck-arms-samonabijacia-puska-ar-x15-ms-pro-kal-556x45-223-rem-125","status":"publish","type":"product","link":"https:\/\/staging.nbg.eu\/sk\/produkt\/tinck-arms-samonabijacia-puska-ar-x15-ms-pro-kal-556x45-223-rem-125\/","title":{"rendered":"Tinck Arms Samonab\u00edjacia pu\u0161ka AR X15-MS Pro kal. 5.56&#215;45 (.223 Rem) &#8211; 12.5&#8243;"},"content":{"rendered":"<div class=\"product-description\">\n<h2>Tinck Arms ARX15-MS Pro Kal. 5.56&#215;45 (.223 Rem) &#8211; 12.5&#8243;<\/h2>\n<p>ARX15-MS Pro je vhodn\u00fd pre presn\u00e9 aj dynamick\u00e9 stre\u013eby. Je vhodn\u00fd pre sk\u00fasen\u00fdch strelcov, po\u013eovn\u00edkov aj rekrea\u010dn\u00fdch strelcov.<\/p>\n<h2>Hlavn\u00e9 vlastnosti:<\/h2>\n<ul>\n<li>Kaliber: 5.56&#215;45 (.223 Rem)<\/li>\n<li>Poloautomatick\u00e1 prev\u00e1dzka s uzamykac\u00edm rota\u010dn\u00fdm z\u00e1verom DI syst\u00e9mu<\/li>\n<li>Kompaktn\u00fd a nastavite\u013en\u00fd dizajn (660mm &#8211; 970mm)<\/li>\n<li>Hmotnos\u0165 2,8 kg (vr\u00e1tane 30-n\u00e1bojov\u00e9ho z\u00e1sobn\u00edka)<\/li>\n<li>12.5&#8243; hlave\u0148 s pomerom st\u00fapania 1:7&#8243;<\/li>\n<li>Obojru\u010dn\u00e1 manipul\u00e1cia pre \u013eav\u00e1kov aj prav\u00e1kov<\/li>\n<li>M-LOK kompatibiln\u00e9 li\u0161ty pre mont\u00e1\u017e pr\u00edslu\u0161enstva<\/li>\n<li>Integrovan\u00fd konektor pre tlmi\u010d s z\u00e1vitom 1\/2&#8243; &#8211; 28<\/li>\n<li>Trojkomorov\u00e1 \u00fas\u0165ov\u00e1 brzda<\/li>\n<\/ul>\n<h2>V\u0161estrannos\u0165 a prisp\u00f4sobenie:<\/h2>\n<p>ARX15-MS Pro m\u00e1 nastavite\u013en\u00fa d\u013a\u017eku a obojru\u010dn\u00e9 ovl\u00e1danie. M-LOK kompatibiln\u00e9 li\u0161ty umo\u017e\u0148uj\u00fa prisp\u00f4sobenie s r\u00f4znym pr\u00edslu\u0161enstvom.<\/p>\n<h2>Presnos\u0165 a v\u00fdkon:<\/h2>\n<p>M\u00e1 12.5&#8243; hlave\u0148 s pomerom st\u00fapania 1:7&#8243;. Trojkomorov\u00e1 \u00fas\u0165ov\u00e1 brzda zni\u017euje sp\u00e4tn\u00fd r\u00e1z.<\/p>\n<h2>S\u00fa\u010das\u0165 balenia:<\/h2>\n<ul>\n<li>Jeden 10 alebo 30-n\u00e1bojov\u00fd polym\u00e9rov\u00fd z\u00e1sobn\u00edk<\/li>\n<li>MFT pa\u017eba kompatibiln\u00e1 s AR-15 z\u00e1sobn\u00edkovou r\u00farkou<\/li>\n<li>Sklopn\u00e9 n\u00fadzov\u00e9 mieridl\u00e1<\/li>\n<li>U\u017e\u00edvate\u013esk\u00fd manu\u00e1l<\/li>\n<\/ul>\n<\/div>\n","protected":false},"excerpt":{"rendered":"<p>V\u0161estrann\u00e1 poloautomatick\u00e1 pu\u0161ka kalibru 5,56\u00d745. 12,5-palcov\u00e1 hlave\u0148, li\u0161ty M-LOK, ambidextr\u00f3zna.<\/p>\n","protected":false},"featured_media":77589,"template":"","meta":{"_acf_changed":false},"product_brand":[11923],"product_cat":[13394,13397],"product_tag":[],"class_list":{"0":"post-78675","1":"product","2":"type-product","3":"status-publish","4":"has-post-thumbnail","6":"product_brand-tinck-arms","7":"product_cat-karabiny","8":"product_cat-puska","10":"first","11":"instock","12":"taxable","13":"shipping-taxable","14":"purchasable","15":"product-type-simple"},"acf":[],"_links":{"self":[{"href":"https:\/\/staging.nbg.eu\/sk\/wp-json\/wp\/v2\/product\/78675","targetHints":{"allow":["GET"]}}],"collection":[{"href":"https:\/\/staging.nbg.eu\/sk\/wp-json\/wp\/v2\/product"}],"about":[{"href":"https:\/\/staging.nbg.eu\/sk\/wp-json\/wp\/v2\/types\/product"}],"wp:featuredmedia":[{"embeddable":true,"href":"https:\/\/staging.nbg.eu\/sk\/wp-json\/wp\/v2\/media\/77589"}],"wp:attachment":[{"href":"https:\/\/staging.nbg.eu\/sk\/wp-json\/wp\/v2\/media?parent=78675"}],"wp:term":[{"taxonomy":"product_brand","embeddable":true,"href":"https:\/\/staging.nbg.eu\/sk\/wp-json\/wp\/v2\/product_brand?post=78675"},{"taxonomy":"product_cat","embeddable":true,"href":"https:\/\/staging.nbg.eu\/sk\/wp-json\/wp\/v2\/product_cat?post=78675"},{"taxonomy":"product_tag","embeddable":true,"href":"https:\/\/staging.nbg.eu\/sk\/wp-json\/wp\/v2\/product_tag?post=78675"}],"curies":[{"name":"wp","href":"https:\/\/api.w.org\/{rel}","templated":true}]}}