{"id":78631,"date":"2024-11-04T19:24:53","date_gmt":"2024-11-13T11:37:27","guid":{"rendered":"https:\/\/staging.nbg.eu\/product\/tinck-arms-semi-automatic-rifle-ar-x9\/"},"modified":"2024-11-13T11:54:48","modified_gmt":"2024-11-13T11:54:48","slug":"tinck-arms-samonabijacia-puska-ar-x9-kal-9x19-125","status":"publish","type":"product","link":"https:\/\/staging.nbg.eu\/sk\/produkt\/tinck-arms-samonabijacia-puska-ar-x9-kal-9x19-125\/","title":{"rendered":"Tinck Arms Samonab\u00edjacia pu\u0161ka AR X9 kal. 9&#215;19 &#8211; 12.5&#8243;"},"content":{"rendered":"<div class=\"product-description\">\n<h2>Tinck Arms Poloautomatick\u00fd Karab\u00edn Modul\u00e1rny ARX9<\/h2>\n<p>Tinck Arms ARX9 je prisp\u00f4sobite\u013en\u00fd 9mm karab\u00edn ur\u010den\u00fd pre taktick\u00e9 oper\u00e1cie a s\u00fa\u0165a\u017en\u00fa stre\u013ebu.<\/p>\n<h2>Hlavn\u00e9 vlastnosti:<\/h2>\n<ul>\n<li>Uzavret\u00fd z\u00e1ver s dynamick\u00fdm z\u00e1klzom<\/li>\n<li>Mo\u017enos\u0165 v\u00fdberu klasickej AR15 alebo s\u00fa\u0165a\u017enej sp\u00fa\u0161te<\/li>\n<li>\u013dahk\u00e9 hlavne s d\u013a\u017ekami od 8,5&#8243; do 14,5&#8243;<\/li>\n<li>Tov\u00e1rensky navrhnut\u00e1 \u00fas\u0165ov\u00e1 brzda<\/li>\n<li>CNC obroben\u00e9 pl\u00e1vaj\u00face predpa\u017ebie<\/li>\n<li>Obojstrann\u00e1 poistka a nap\u00ednacia p\u00e1ka<\/li>\n<li>Sklopn\u00e9 mieridl\u00e1<\/li>\n<li>MFT pa\u017eba s mo\u017enos\u0165ou nastavenia<\/li>\n<li>Kompatibilita s Glock z\u00e1sobn\u00edkmi<\/li>\n<\/ul>\n<h2>Technick\u00e9 \u0161pecifik\u00e1cie:<\/h2>\n<table>\n<tr>\n<td>Kaliber:<\/td>\n<td>9x19mm Parabellum<\/td>\n<\/tr>\n<tr>\n<td>Funkcia:<\/td>\n<td>Poloautomatick\u00e1<\/td>\n<\/tr>\n<tr>\n<td>D\u013a\u017eka (min\/max):<\/td>\n<td>700mm \/ 950mm<\/td>\n<\/tr>\n<tr>\n<td>\u0160\u00edrka:<\/td>\n<td>68mm (vr\u00e1tane nap\u00ednacej p\u00e1ky)<\/td>\n<\/tr>\n<tr>\n<td>V\u00fd\u0161ka:<\/td>\n<td>260mm (s 30-n\u00e1bojov\u00fdm z\u00e1sobn\u00edkom)<\/td>\n<\/tr>\n<tr>\n<td>Mo\u017enosti hlavne:<\/td>\n<td>Za studena kovan\u00e1 CrMoV oce\u013e (8,5&#8243;, 10,5&#8243;, 12,5&#8243;, 14,5&#8243;)<\/td>\n<\/tr>\n<tr>\n<td>St\u00fapanie dr\u00e1\u017eok:<\/td>\n<td>1:10&#8243; (250mm)<\/td>\n<\/tr>\n<tr>\n<td>Hmotnos\u0165:<\/td>\n<td>2,8kg (vr\u00e1tane 30-n\u00e1bojov\u00e9ho z\u00e1sobn\u00edka)<\/td>\n<\/tr>\n<tr>\n<td>D\u013a\u017eka mieridiel:<\/td>\n<td>Minim\u00e1lne 300mm<\/td>\n<\/tr>\n<tr>\n<td>Z\u00e1vit pre tlmi\u010d:<\/td>\n<td>1\/2&#8243;-28 (5\/8-24 dostupn\u00fd)<\/td>\n<\/tr>\n<tr>\n<td>NAR li\u0161ty:<\/td>\n<td>1+3 pre mont\u00e1\u017e pr\u00edslu\u0161enstva<\/td>\n<\/tr>\n<\/table>\n<p>Ka\u017ed\u00fd ARX9 sa dod\u00e1va s jedn\u00fdm 10-n\u00e1bojov\u00fdm (30-n\u00e1bojov\u00fdm, kde je to leg\u00e1lne) z\u00e1sobn\u00edkom kompatibiln\u00fdm s Glock a u\u017e\u00edvate\u013eskou pr\u00edru\u010dkou.<\/p>\n<\/div>\n","protected":false},"excerpt":{"rendered":"<p>V\u0161estrann\u00fd 9mm karab\u00edn s modul\u00e1rnym dizajnom, obojru\u010dn\u00fdm ovl\u00e1dan\u00edm a kompatibilitou so z\u00e1sobn\u00edkmi Glock.<\/p>\n","protected":false},"featured_media":77565,"template":"","meta":{"_acf_changed":false},"product_brand":[11923],"product_cat":[13394,13411,13397],"product_tag":[],"class_list":{"0":"post-78631","1":"product","2":"type-product","3":"status-publish","4":"has-post-thumbnail","6":"product_brand-tinck-arms","7":"product_cat-karabiny","8":"product_cat-pcc","9":"product_cat-puska","11":"first","12":"instock","13":"taxable","14":"shipping-taxable","15":"purchasable","16":"product-type-simple"},"acf":[],"_links":{"self":[{"href":"https:\/\/staging.nbg.eu\/sk\/wp-json\/wp\/v2\/product\/78631","targetHints":{"allow":["GET"]}}],"collection":[{"href":"https:\/\/staging.nbg.eu\/sk\/wp-json\/wp\/v2\/product"}],"about":[{"href":"https:\/\/staging.nbg.eu\/sk\/wp-json\/wp\/v2\/types\/product"}],"wp:featuredmedia":[{"embeddable":true,"href":"https:\/\/staging.nbg.eu\/sk\/wp-json\/wp\/v2\/media\/77565"}],"wp:attachment":[{"href":"https:\/\/staging.nbg.eu\/sk\/wp-json\/wp\/v2\/media?parent=78631"}],"wp:term":[{"taxonomy":"product_brand","embeddable":true,"href":"https:\/\/staging.nbg.eu\/sk\/wp-json\/wp\/v2\/product_brand?post=78631"},{"taxonomy":"product_cat","embeddable":true,"href":"https:\/\/staging.nbg.eu\/sk\/wp-json\/wp\/v2\/product_cat?post=78631"},{"taxonomy":"product_tag","embeddable":true,"href":"https:\/\/staging.nbg.eu\/sk\/wp-json\/wp\/v2\/product_tag?post=78631"}],"curies":[{"name":"wp","href":"https:\/\/api.w.org\/{rel}","templated":true}]}}