{"id":78609,"date":"2024-01-30T18:15:03","date_gmt":"2024-01-30T18:15:03","guid":{"rendered":"https:\/\/staging.nbg.eu\/product\/kmr-w-02-umbra-x\/"},"modified":"2025-02-19T16:16:59","modified_gmt":"2025-02-19T16:16:59","slug":"kmr-w-02-umbra-x","status":"publish","type":"product","link":"https:\/\/staging.nbg.eu\/sk\/produkt\/kmr-w-02-umbra-x\/","title":{"rendered":"KMR W-02 Umbra X"},"content":{"rendered":"<div class=\"product-description\">\n<h2>KMR W-02 Umbra X: IDPA Div\u00edzie<\/h2>\n<p>KMR W-02 Umbra X je \u013eahk\u00e1 pi\u0161to\u013e ur\u010den\u00e1 pre \u0161portov\u00fa a z\u00e1ujmov\u00fa stre\u013ebu. Je vhodn\u00e1 pre discipl\u00edny s obmedzenou hmotnos\u0165ou ako IDPA.<\/p>\n<h2>Hlavn\u00e9 vlastnosti:<\/h2>\n<ul>\n<li>4,5&#8243; \u0165a\u017ek\u00e1, dr\u00e1\u017ekovan\u00e1, nitridovan\u00e1 hlave\u0148 s BRS (syst\u00e9m stabiliz\u00e1cie hlavne)<\/li>\n<li>Rozhranie pre optiku (OR)<\/li>\n<li>CNC-obr\u00e1ban\u00e9 oce\u013eov\u00e9 telo<\/li>\n<li>SA\/DA sp\u00fa\u0161\u0165ov\u00fd mechanizmus s kr\u00e1tkym resetom<\/li>\n<li>Kapacita z\u00e1sobn\u00edka 16+1 n\u00e1bojov<\/li>\n<li>WAVES duralov\u00e9 rukov\u00e4te v tmavo\u010dervenej farbe<\/li>\n<li>Nastavite\u013en\u00e9 duralov\u00e9 tla\u010didlo uvo\u013enenia z\u00e1sobn\u00edka<\/li>\n<li>Vl\u00e1knovo-optick\u00e9 predn\u00e9 mieridlo (1 mm) a nastavite\u013en\u00e9 OR zadn\u00e9 mieridlo<\/li>\n<li>Nitridovan\u00e9 telo a z\u00e1ver v \u010diernej farbe<\/li>\n<\/ul>\n<h2>\u0160pecifik\u00e1cie:<\/h2>\n<ul>\n<li>Kaliber: 9&#215;19, 9&#215;21<\/li>\n<li>Celkov\u00e1 d\u013a\u017eka: 208 mm<\/li>\n<li>D\u013a\u017eka hlavne: 114 mm<\/li>\n<li>Hmotnos\u0165 s pr\u00e1zdnym z\u00e1sobn\u00edkom: 1210 g<\/li>\n<li>Odpor sp\u00fa\u0161te: 17,5 N (SA) \/ 45 N (DA)<\/li>\n<\/ul>\n<p>KMR W-02 Umbra X je dod\u00e1van\u00fd s pr\u00edslu\u0161enstvom KMR.<\/p>\n<p>Balenie obsahuje: 3 z\u00e1sobn\u00edky, puzdro na pi\u0161to\u013e KMR, \u010distiacu s\u00fapravu, olej KMR, mont\u00e1\u017eny adapt\u00e9r BRS, k\u013e\u00fa\u010d na nastavenie zadn\u00e9ho mieridla, u\u017e\u00edvate\u013esk\u00fa pr\u00edru\u010dku a z\u00e1ru\u010dn\u00fd list.<\/p>\n<\/div>\n","protected":false},"excerpt":{"rendered":"<p>I apologize, but there is no product description provided in your message for me to translate. Could you please share the specific product description you&#8217;d like translated to Slovak? Once you provide the text, I&#8217;ll be happy to translate it for you.<\/p>\n","protected":false},"featured_media":76075,"template":"","meta":{"_acf_changed":false},"product_brand":[11505],"product_cat":[13354,13344],"product_tag":[],"class_list":{"0":"post-78609","1":"product","2":"type-product","3":"status-publish","4":"has-post-thumbnail","6":"product_brand-kmr-precision","7":"product_cat-pistol","8":"product_cat-pistole","10":"first","11":"outofstock","12":"taxable","13":"shipping-taxable","14":"product-type-simple"},"acf":[],"_links":{"self":[{"href":"https:\/\/staging.nbg.eu\/sk\/wp-json\/wp\/v2\/product\/78609","targetHints":{"allow":["GET"]}}],"collection":[{"href":"https:\/\/staging.nbg.eu\/sk\/wp-json\/wp\/v2\/product"}],"about":[{"href":"https:\/\/staging.nbg.eu\/sk\/wp-json\/wp\/v2\/types\/product"}],"wp:featuredmedia":[{"embeddable":true,"href":"https:\/\/staging.nbg.eu\/sk\/wp-json\/wp\/v2\/media\/76075"}],"wp:attachment":[{"href":"https:\/\/staging.nbg.eu\/sk\/wp-json\/wp\/v2\/media?parent=78609"}],"wp:term":[{"taxonomy":"product_brand","embeddable":true,"href":"https:\/\/staging.nbg.eu\/sk\/wp-json\/wp\/v2\/product_brand?post=78609"},{"taxonomy":"product_cat","embeddable":true,"href":"https:\/\/staging.nbg.eu\/sk\/wp-json\/wp\/v2\/product_cat?post=78609"},{"taxonomy":"product_tag","embeddable":true,"href":"https:\/\/staging.nbg.eu\/sk\/wp-json\/wp\/v2\/product_tag?post=78609"}],"curies":[{"name":"wp","href":"https:\/\/api.w.org\/{rel}","templated":true}]}}