{"id":75476,"date":"2024-10-30T18:55:52","date_gmt":"2024-11-01T09:44:32","guid":{"rendered":"https:\/\/staging.nbg.eu\/product\/rhh-201-iwb-magazine-2\/"},"modified":"2024-11-01T09:46:35","modified_gmt":"2024-11-01T09:46:35","slug":"rhh-201-iwb-zasobnik","status":"publish","type":"product","link":"https:\/\/staging.nbg.eu\/sk\/produkt\/rhh-201-iwb-zasobnik\/","title":{"rendered":"# Rhh .201 IWB Z\u00e1sobn\u00edk"},"content":{"rendered":"<div class=\"product-description\">\n<h2>Rhh .201 IWB Puzdro na z\u00e1sobn\u00edk<\/h2>\n<p>Rhh .201 IWB puzdro na z\u00e1sobn\u00edk na nosenie vo vn\u00fatri p\u00e1sa obsahuje:<\/p>\n<ul>\n<li>Kydexov\u00e1 kon\u0161trukcia pre presn\u00e9 prisp\u00f4sobenie<\/li>\n<li>Ru\u010dne rezan\u00e9 hrany<\/li>\n<li>Nastavite\u013en\u00fd \u00fachop pre prisp\u00f4sobenie zadr\u017eania<\/li>\n<li>Deformovan\u00fd dizajn pre jednoduch\u00e9 \u010distenie<\/li>\n<li>2mm tenk\u00fd, odoln\u00fd kydexov\u00fd materi\u00e1l<\/li>\n<li>Mo\u017enosti nosenia okolo p\u00e1sa<\/li>\n<li>Vhodn\u00e9 na celoro\u010dn\u00e9 pou\u017eitie, najm\u00e4 v lete<\/li>\n<li>Dostupn\u00e9 s oce\u013eov\u00fdmi klipmi vo ve\u013ekostiach 40mm a 45mm<\/li>\n<li>Volite\u013en\u00e1 ochrana proti potu<\/li>\n<\/ul>\n<p>Ur\u010den\u00e9 pre skryt\u00e9 nosenie pod oble\u010den\u00edm. Vhodn\u00e9 pre prav\u00e1kov v poz\u00edcii 9 hod\u00edn.<\/p>\n<\/div>\n","protected":false},"excerpt":{"rendered":"<p>\u0160t\u00edhle, ukryt\u00e9 IWB puzdro na z\u00e1sobn\u00edk s nastavite\u013en\u00fdm \u00fachopom a ochranou proti potu.<\/p>\n","protected":false},"featured_media":74455,"template":"","meta":{"_acf_changed":false},"product_brand":[11638],"product_cat":[13340,13351],"product_tag":[],"class_list":{"0":"post-75476","1":"product","2":"type-product","3":"status-publish","4":"has-post-thumbnail","6":"product_brand-rh-holsters","7":"product_cat-drziaky-na-zasobniky","8":"product_cat-puzdro","9":"pa_belt-size-40mm-sk","10":"pa_model-glock-17-22-31-sk","11":"pa_model-glock-19-23-32-sk","12":"pa_model-glock-26-27-sk","13":"pa_strong-hand-right-sk","15":"first","16":"instock","17":"taxable","18":"shipping-taxable","19":"purchasable","20":"product-type-variable","21":"wvs-archive-product-wrapper"},"acf":[],"_links":{"self":[{"href":"https:\/\/staging.nbg.eu\/sk\/wp-json\/wp\/v2\/product\/75476","targetHints":{"allow":["GET"]}}],"collection":[{"href":"https:\/\/staging.nbg.eu\/sk\/wp-json\/wp\/v2\/product"}],"about":[{"href":"https:\/\/staging.nbg.eu\/sk\/wp-json\/wp\/v2\/types\/product"}],"wp:featuredmedia":[{"embeddable":true,"href":"https:\/\/staging.nbg.eu\/sk\/wp-json\/wp\/v2\/media\/74455"}],"wp:attachment":[{"href":"https:\/\/staging.nbg.eu\/sk\/wp-json\/wp\/v2\/media?parent=75476"}],"wp:term":[{"taxonomy":"product_brand","embeddable":true,"href":"https:\/\/staging.nbg.eu\/sk\/wp-json\/wp\/v2\/product_brand?post=75476"},{"taxonomy":"product_cat","embeddable":true,"href":"https:\/\/staging.nbg.eu\/sk\/wp-json\/wp\/v2\/product_cat?post=75476"},{"taxonomy":"product_tag","embeddable":true,"href":"https:\/\/staging.nbg.eu\/sk\/wp-json\/wp\/v2\/product_tag?post=75476"}],"curies":[{"name":"wp","href":"https:\/\/api.w.org\/{rel}","templated":true}]}}