{"id":75379,"date":"2024-10-30T18:50:16","date_gmt":"2024-11-01T09:27:28","guid":{"rendered":"https:\/\/staging.nbg.eu\/product\/rhh-081-owb-magazine\/"},"modified":"2024-11-01T09:29:31","modified_gmt":"2024-11-01T09:29:31","slug":"rhh-081-owb-zasobnik","status":"publish","type":"product","link":"https:\/\/staging.nbg.eu\/sk\/produkt\/rhh-081-owb-zasobnik\/","title":{"rendered":"Rhh .081 OWB Z\u00e1sobn\u00edk"},"content":{"rendered":"<div class=\"product-description\">\n<h2>Rhh .081 OWB puzdro na z\u00e1sobn\u00edk<\/h2>\n<p>Rhh .081 OWB puzdro na z\u00e1sobn\u00edk je Kydexov\u00e9 puzdro navrhnut\u00e9 pre pohodlie a funk\u010dnos\u0165. Hlavn\u00e9 vlastnosti zah\u0155\u0148aj\u00fa:<\/p>\n<ul>\n<li>2mm hrub\u00e1 kon\u0161trukcia z Kydexu pre odolnos\u0165<\/li>\n<li>Tvarovanie pod vysok\u00fdm tlakom pre presn\u00e9 prisp\u00f4sobenie z\u00e1sobn\u00edku<\/li>\n<li>Ostr\u00e9 z\u00e1rezy s hladk\u00fdmi ru\u010dne rezan\u00fdmi hranami<\/li>\n<li>Mo\u017enos\u0165 v\u00fdberu farby<\/li>\n<li>R\u00f4zne poz\u00edcie nosenia (9-7 hod\u00edn pre prav\u00e1kov)<\/li>\n<li>Vhodn\u00e9 pre strelnice, tr\u00e9ningov\u00e9 kurzy a s\u00fa\u0165a\u017ee<\/li>\n<li>Viacero mo\u017enost\u00ed upevnenia na opasok: Klasick\u00e9 slu\u010dky, SpeedLoops alebo MOLLE klipy<\/li>\n<li>Volite\u013en\u00e1 ochrana proti potu<\/li>\n<li>Nastavite\u013en\u00e9 nap\u00e4tie \u00fachopu<\/li>\n<\/ul>\n<p>Rhh .081 OWB puzdro na z\u00e1sobn\u00edk poskytuje dobr\u00e9 zadr\u017eanie a jednoduch\u00e9 pou\u017eitie.<\/p>\n<\/div>\n","protected":false},"excerpt":{"rendered":"<p>Odoln\u00e9 puzdro Kydex OWB na 2 z\u00e1sobn\u00edky. Prisp\u00f4sobite\u013en\u00e9, bezpe\u010dn\u00e9 uchytenie.<\/p>\n","protected":false},"featured_media":74406,"template":"","meta":{"_acf_changed":false},"product_brand":[11638],"product_cat":[13340,13351],"product_tag":[],"class_list":{"0":"post-75379","1":"product","2":"type-product","3":"status-publish","4":"has-post-thumbnail","6":"product_brand-rh-holsters","7":"product_cat-drziaky-na-zasobniky","8":"product_cat-puzdro","9":"pa_belt-size-40mm-sk","10":"pa_model-1911-sk","11":"pa_model-beretta-92x-sk-2","12":"pa_model-beretta-m9a3-sk","13":"pa_model-glock-17-22-31-sk","14":"pa_model-glock-19-23-32-sk","15":"pa_model-glock-26-27-sk","16":"pa_model-hk45-sk-2","17":"pa_model-sig-sauer-p226-bez-railu-sk","18":"pa_strong-hand-right-sk","20":"first","21":"instock","22":"taxable","23":"shipping-taxable","24":"purchasable","25":"product-type-variable","26":"wvs-archive-product-wrapper"},"acf":[],"_links":{"self":[{"href":"https:\/\/staging.nbg.eu\/sk\/wp-json\/wp\/v2\/product\/75379","targetHints":{"allow":["GET"]}}],"collection":[{"href":"https:\/\/staging.nbg.eu\/sk\/wp-json\/wp\/v2\/product"}],"about":[{"href":"https:\/\/staging.nbg.eu\/sk\/wp-json\/wp\/v2\/types\/product"}],"wp:featuredmedia":[{"embeddable":true,"href":"https:\/\/staging.nbg.eu\/sk\/wp-json\/wp\/v2\/media\/74406"}],"wp:attachment":[{"href":"https:\/\/staging.nbg.eu\/sk\/wp-json\/wp\/v2\/media?parent=75379"}],"wp:term":[{"taxonomy":"product_brand","embeddable":true,"href":"https:\/\/staging.nbg.eu\/sk\/wp-json\/wp\/v2\/product_brand?post=75379"},{"taxonomy":"product_cat","embeddable":true,"href":"https:\/\/staging.nbg.eu\/sk\/wp-json\/wp\/v2\/product_cat?post=75379"},{"taxonomy":"product_tag","embeddable":true,"href":"https:\/\/staging.nbg.eu\/sk\/wp-json\/wp\/v2\/product_tag?post=75379"}],"curies":[{"name":"wp","href":"https:\/\/api.w.org\/{rel}","templated":true}]}}