{"id":75339,"date":"2024-10-30T20:07:58","date_gmt":"2024-10-30T20:07:58","guid":{"rendered":"https:\/\/staging.nbg.eu\/product\/daa-hard-case-large-430\/"},"modified":"2024-11-01T09:08:21","modified_gmt":"2024-11-01T09:08:21","slug":"daa-tvrdy-kufor-large-430","status":"publish","type":"product","link":"https:\/\/staging.nbg.eu\/sk\/produkt\/daa-tvrdy-kufor-large-430\/","title":{"rendered":"DAA Tvrd\u00fd kufor Large-430"},"content":{"rendered":"<div class=\"product-description\">\n<h2>DAA Pevn\u00fd kufor Large-430<\/h2>\n<p>DAA Pevn\u00fd kufor Large-430 s certifik\u00e1ciou IP67 pon\u00faka ochranu pre va\u0161e cennosti. Vhodn\u00fd pre streln\u00e9 zbrane, fotografick\u00e9 vybavenie, n\u00e1morn\u00e9 vybavenie a \u010fal\u0161ie. Tento kufor je navrhnut\u00fd na odol\u00e1vanie extr\u00e9mnym podmienkam.<\/p>\n<ul>\n<li>Vodotesn\u00e9 tesnenie a automatick\u00fd ventil na uvo\u013enenie tlaku<\/li>\n<li>\u013dahko otv\u00e1rate\u013en\u00e9 dvojit\u00e9 z\u00e1padky a otvory na visiaci z\u00e1mok<\/li>\n<li>Stohovate\u013en\u00fd syst\u00e9m so vz\u00e1jomn\u00fdm z\u00e1mkom a dodato\u010dn\u00fdmi upev\u0148ovac\u00edmi bodmi<\/li>\n<li>Obsahuje 4-dielnu penov\u00fa sadu pre prisp\u00f4sobite\u013en\u00fd interi\u00e9r<\/li>\n<li>Dostupn\u00fd v \u010diernej alebo oran\u017eovej farbe<\/li>\n<\/ul>\n<p>Vonkaj\u0161ie rozmery: 464 x 366 x 176 mm (18,27 x 14,41 x 6,93 palcov)<br \/>\n  Vn\u00fatorn\u00e9 rozmery: 426 x 290 x 159 mm (16,77 x 11,41 x 6,26 palcov)<br \/>\n  Hmotnos\u0165: 3,1 kg<\/p>\n<\/div>\n","protected":false},"excerpt":{"rendered":"<p>Odoln\u00e9, vodotesn\u00e9 puzdro pre cenn\u00e9 vybavenie. Certifikovan\u00e9 IP67, v\u0161estrann\u00e9.<\/p>\n","protected":false},"featured_media":74481,"template":"","meta":{"_acf_changed":false},"product_brand":[11282],"product_cat":[13386,13364],"product_tag":[],"class_list":{"0":"post-75339","1":"product","2":"type-product","3":"status-publish","4":"has-post-thumbnail","6":"product_brand-doublealpha","7":"product_cat-prepravne-puzdra","8":"product_cat-vystroj","10":"first","11":"outofstock","12":"taxable","13":"shipping-taxable","14":"purchasable","15":"product-type-simple"},"acf":[],"_links":{"self":[{"href":"https:\/\/staging.nbg.eu\/sk\/wp-json\/wp\/v2\/product\/75339","targetHints":{"allow":["GET"]}}],"collection":[{"href":"https:\/\/staging.nbg.eu\/sk\/wp-json\/wp\/v2\/product"}],"about":[{"href":"https:\/\/staging.nbg.eu\/sk\/wp-json\/wp\/v2\/types\/product"}],"wp:featuredmedia":[{"embeddable":true,"href":"https:\/\/staging.nbg.eu\/sk\/wp-json\/wp\/v2\/media\/74481"}],"wp:attachment":[{"href":"https:\/\/staging.nbg.eu\/sk\/wp-json\/wp\/v2\/media?parent=75339"}],"wp:term":[{"taxonomy":"product_brand","embeddable":true,"href":"https:\/\/staging.nbg.eu\/sk\/wp-json\/wp\/v2\/product_brand?post=75339"},{"taxonomy":"product_cat","embeddable":true,"href":"https:\/\/staging.nbg.eu\/sk\/wp-json\/wp\/v2\/product_cat?post=75339"},{"taxonomy":"product_tag","embeddable":true,"href":"https:\/\/staging.nbg.eu\/sk\/wp-json\/wp\/v2\/product_tag?post=75339"}],"curies":[{"name":"wp","href":"https:\/\/api.w.org\/{rel}","templated":true}]}}