{"id":75321,"date":"2024-10-30T20:55:00","date_gmt":"2024-11-01T09:05:35","guid":{"rendered":"https:\/\/staging.nbg.eu\/product\/daa-hard-case-xl-505\/"},"modified":"2024-11-01T09:07:12","modified_gmt":"2024-11-01T09:07:12","slug":"daa-tvrdy-kufor-xl-505","status":"publish","type":"product","link":"https:\/\/staging.nbg.eu\/sk\/produkt\/daa-tvrdy-kufor-xl-505\/","title":{"rendered":"DAA Tvrd\u00fd kufor XL-505"},"content":{"rendered":"<div class=\"product-description\">\n<h2>DAA Pevn\u00fd kufor XL-505<\/h2>\n<p>DAA Pevn\u00fd kufor XL-505 s certifik\u00e1ciou IP67 poskytuje ochranu pre va\u0161e cenn\u00e9 predmety. Vhodn\u00fd pre streln\u00e9 zbrane, fotografick\u00e9 vybavenie, n\u00e1morn\u00e9 zariadenia a \u010fal\u0161ie. Tento kufor je vyroben\u00fd tak, aby odolal n\u00e1ro\u010dn\u00fdm podmienkam.<\/p>\n<ul>\n<li>Vodotesn\u00fd a prachotesn\u00fd dizajn<\/li>\n<li>Kon\u0161trukcia odoln\u00e1 vo\u010di n\u00e1razom<\/li>\n<li>Automatick\u00fd ventil na uvo\u013enenie tlaku<\/li>\n<li>\u0160tyri \u013eahko otv\u00e1rate\u013en\u00e9 dvojit\u00e9 z\u00e1padky<\/li>\n<li>Rukov\u00e4\u0165 s m\u00e4kk\u00fdm \u00fachopom a dvojit\u00e9 otvory na z\u00e1mok<\/li>\n<li>Stohovate\u013en\u00fd syst\u00e9m so vz\u00e1jomn\u00fdm z\u00e1mkom<\/li>\n<li>Prisp\u00f4sobite\u013en\u00e9 penov\u00e9 vn\u00fatro<\/li>\n<\/ul>\n<p>Dostupn\u00fd v \u010diernej alebo oran\u017eovej farbe, XL-505 m\u00e1 vonkaj\u0161ie rozmery 555 x 428 x 211 mm a v\u00e1\u017ei 4,1 kg. Tento kufor je rie\u0161en\u00edm na ochranu v\u00e1\u0161ho vybavenia v r\u00f4znych prostrediach.<\/p>\n<\/div>\n","protected":false},"excerpt":{"rendered":"<p>Odoln\u00e9 vodotesn\u00e9 puzdro na cenn\u00e9 vybavenie. Prisp\u00f4sobite\u013en\u00fd penov\u00fd interi\u00e9r.<\/p>\n","protected":false},"featured_media":74712,"template":"","meta":{"_acf_changed":false},"product_brand":[11282],"product_cat":[13386,13364],"product_tag":[],"class_list":{"0":"post-75321","1":"product","2":"type-product","3":"status-publish","4":"has-post-thumbnail","6":"product_brand-doublealpha","7":"product_cat-prepravne-puzdra","8":"product_cat-vystroj","10":"first","11":"instock","12":"taxable","13":"shipping-taxable","14":"purchasable","15":"product-type-simple"},"acf":[],"_links":{"self":[{"href":"https:\/\/staging.nbg.eu\/sk\/wp-json\/wp\/v2\/product\/75321","targetHints":{"allow":["GET"]}}],"collection":[{"href":"https:\/\/staging.nbg.eu\/sk\/wp-json\/wp\/v2\/product"}],"about":[{"href":"https:\/\/staging.nbg.eu\/sk\/wp-json\/wp\/v2\/types\/product"}],"wp:featuredmedia":[{"embeddable":true,"href":"https:\/\/staging.nbg.eu\/sk\/wp-json\/wp\/v2\/media\/74712"}],"wp:attachment":[{"href":"https:\/\/staging.nbg.eu\/sk\/wp-json\/wp\/v2\/media?parent=75321"}],"wp:term":[{"taxonomy":"product_brand","embeddable":true,"href":"https:\/\/staging.nbg.eu\/sk\/wp-json\/wp\/v2\/product_brand?post=75321"},{"taxonomy":"product_cat","embeddable":true,"href":"https:\/\/staging.nbg.eu\/sk\/wp-json\/wp\/v2\/product_cat?post=75321"},{"taxonomy":"product_tag","embeddable":true,"href":"https:\/\/staging.nbg.eu\/sk\/wp-json\/wp\/v2\/product_tag?post=75321"}],"curies":[{"name":"wp","href":"https:\/\/api.w.org\/{rel}","templated":true}]}}