{"id":74934,"date":"2024-10-21T09:31:15","date_gmt":"2024-10-31T11:16:16","guid":{"rendered":"https:\/\/staging.nbg.eu\/product\/grips-kmr-s-dotmatrix-ergo-silver\/"},"modified":"2024-10-31T11:17:45","modified_gmt":"2024-10-31T11:17:45","slug":"grip-kmr-s-dotmatrix-ergo-strieborny","status":"publish","type":"product","link":"https:\/\/staging.nbg.eu\/sk\/produkt\/grip-kmr-s-dotmatrix-ergo-strieborny\/","title":{"rendered":"GRIP KMR S DotMatrix &#8211; Ergo Strieborn\u00fd"},"content":{"rendered":"<h2>\u00daCHYTY KMR S DotMatrix &#8211; Ergo Strieborn\u00e9<\/h2>\n<p>\u00dachyty DotMatrix pre va\u0161u pi\u0161to\u013e KMR S-02. Vyroben\u00e9 z anodizovan\u00e9ho duralum\u00ednia, tieto dlh\u00e9 \u00fachyty maj\u00fa ergonomick\u00fd dizajn a vzor golfovej lopti\u010dky pre lep\u0161ie uchopenie a kontrolu.<\/p>\n<ul>\n<li>Kompatibiln\u00e9 v\u00fdhradne s r\u00e1mom KMR S-02 (\u0161\u00edrka 26mm)<\/li>\n<li>Kon\u0161trukcia z anodizovan\u00e9ho duralum\u00ednia pre odolnos\u0165 a n\u00edzku hmotnos\u0165<\/li>\n<li>Ergonomick\u00fd dizajn pre lep\u0161iu manipul\u00e1ciu a pohodlie<\/li>\n<li>Text\u00fara vzoru golfovej lopti\u010dky pre lep\u0161ie uchopenie za v\u0161etk\u00fdch podmienok<\/li>\n<li>Strieborn\u00e1 povrchov\u00e1 \u00faprava s logom KMR<\/li>\n<li>Obsahuje torx skrutky pre jednoduch\u00fa in\u0161tal\u00e1ciu<\/li>\n<\/ul>\n<p>Tieto \u00fachyty s\u00fa navrhnut\u00e9 \u0161peci\u00e1lne pre pi\u0161to\u013e KMR S-02 .22 LR. Nie s\u00fa kompatibiln\u00e9 s ve\u013ekos\u0165ami r\u00e1mu W-02 alebo L-02.<\/p>\n<dl class=\"data-sheet\">\n<dt class=\"name\">Pre zbrane KMR<\/dt>\n<dd class=\"value\">KMR S-01 LANCE (OR)<br \/>\nKMR S-02 DO ROKU 2023<\/dd>\n<dt class=\"name\">V\u00fdber pod\u013ea zbran\u00ed CZ<\/dt>\n<dd class=\"value\">CZ SHADOW 1<br \/>\nCZ SHADOW 2<br \/>\nCZ SHADOW 2 (OR)<br \/>\nCZ SP-01<\/dd>\n<\/dl>\n","protected":false},"excerpt":{"rendered":"<p>Ergonomick\u00e9 strieborn\u00e9 rukov\u00e4te pre pi\u0161tole KMR S-02.<br \/>\n0611-03001-0102<\/p>\n","protected":false},"featured_media":73856,"template":"","meta":{"_acf_changed":false},"product_brand":[11505],"product_cat":[13349],"product_tag":[],"class_list":{"0":"post-74934","1":"product","2":"type-product","3":"status-publish","4":"has-post-thumbnail","6":"product_brand-kmr-precision","7":"product_cat-kmr-diely","9":"first","10":"instock","11":"taxable","12":"shipping-taxable","13":"purchasable","14":"product-type-simple"},"acf":[],"_links":{"self":[{"href":"https:\/\/staging.nbg.eu\/sk\/wp-json\/wp\/v2\/product\/74934","targetHints":{"allow":["GET"]}}],"collection":[{"href":"https:\/\/staging.nbg.eu\/sk\/wp-json\/wp\/v2\/product"}],"about":[{"href":"https:\/\/staging.nbg.eu\/sk\/wp-json\/wp\/v2\/types\/product"}],"wp:featuredmedia":[{"embeddable":true,"href":"https:\/\/staging.nbg.eu\/sk\/wp-json\/wp\/v2\/media\/73856"}],"wp:attachment":[{"href":"https:\/\/staging.nbg.eu\/sk\/wp-json\/wp\/v2\/media?parent=74934"}],"wp:term":[{"taxonomy":"product_brand","embeddable":true,"href":"https:\/\/staging.nbg.eu\/sk\/wp-json\/wp\/v2\/product_brand?post=74934"},{"taxonomy":"product_cat","embeddable":true,"href":"https:\/\/staging.nbg.eu\/sk\/wp-json\/wp\/v2\/product_cat?post=74934"},{"taxonomy":"product_tag","embeddable":true,"href":"https:\/\/staging.nbg.eu\/sk\/wp-json\/wp\/v2\/product_tag?post=74934"}],"curies":[{"name":"wp","href":"https:\/\/api.w.org\/{rel}","templated":true}]}}