{"id":74846,"date":"2024-10-21T09:33:36","date_gmt":"2024-10-31T10:59:29","guid":{"rendered":"https:\/\/staging.nbg.eu\/product\/grips-kmr-s-dotmatrix-silver\/"},"modified":"2024-10-31T11:00:58","modified_gmt":"2024-10-31T11:00:58","slug":"grip-kmr-s-dotmatrix-strieborny","status":"publish","type":"product","link":"https:\/\/staging.nbg.eu\/sk\/produkt\/grip-kmr-s-dotmatrix-strieborny\/","title":{"rendered":"GRIP KMR S DotMatrix &#8211; Strieborn\u00fd"},"content":{"rendered":"<div class=\"product-description\">\n<h2>GRIPS KMR S DotMatrix &#8211; Strieborn\u00e9<\/h2>\n<p>GRIPS KMR S DotMatrix v striebornej farbe. Tieto dlh\u00e9 rukov\u00e4te s\u00fa vyroben\u00e9 z anodizovan\u00e9ho duralum\u00ednia s text\u00farou golfovej lopti\u010dky pre lep\u0161ie uchopenie.<\/p>\n<ul>\n<li>Ur\u010den\u00e9 pre modely KMR S-02 s 26 mm \u0161irok\u00fdmi hlin\u00edkov\u00fdmi r\u00e1mami<\/li>\n<li>Text\u00fara zais\u0165uje pevn\u00e9 uchopenie<\/li>\n<li>Vhodn\u00e9 na vylep\u0161enie existuj\u00facich pi\u0161tol\u00ed alebo na zostavenie s\u00fa\u0165a\u017en\u00fdch zbran\u00ed<\/li>\n<li>Bez vod\u00edtka z\u00e1sobn\u00edka pre v\u0161estrann\u00e9 pou\u017eitie<\/li>\n<li>Obsahuje torx skrutky pre jednoduch\u00fa in\u0161tal\u00e1ciu<\/li>\n<li>Obsahuje logo KMR<\/li>\n<\/ul>\n<p>Pozn\u00e1mka: Tieto rukov\u00e4te s\u00fa kompatibiln\u00e9 len s ve\u013ekos\u0165ami r\u00e1mov KMR S-02 a nie s\u00fa zamenite\u013en\u00e9 s modelmi W-02 alebo L-02. Pred in\u0161tal\u00e1ciou skontrolujte vn\u00fatorn\u00e9 ozna\u010denie (S) pre spr\u00e1vne osadenie.<\/p>\n<\/div>\n<dl class=\"data-sheet\">\n<dt class=\"name\">Pre zbrane KMR<\/dt>\n<dd class=\"value\">KMR S-01 LANCE (OR)<br \/>\nKMR S-02 DO ROKU 2023<\/dd>\n<dt class=\"name\">V\u00fdber pod\u013ea zbran\u00ed CZ<\/dt>\n<dd class=\"value\">CZ SHADOW 1<br \/>\nCZ SHADOW 2<br \/>\nCZ SHADOW 2 (OR)<br \/>\nCZ SP-01<\/dd>\n<\/dl>\n","protected":false},"excerpt":{"rendered":"<p>Odoln\u00e9 strieborn\u00e9 rukov\u00e4te s agres\u00edvnou text\u00farou pre sebaist\u00e9 dr\u017eanie.<br \/>\n 0611-02801-0102<\/p>\n","protected":false},"featured_media":73880,"template":"","meta":{"_acf_changed":false},"product_brand":[11505],"product_cat":[369],"product_tag":[],"class_list":{"0":"post-74846","1":"product","2":"type-product","3":"status-publish","4":"has-post-thumbnail","6":"product_brand-kmr-precision","7":"product_cat-uncategorized","9":"first","10":"instock","11":"taxable","12":"shipping-taxable","13":"purchasable","14":"product-type-simple"},"acf":[],"_links":{"self":[{"href":"https:\/\/staging.nbg.eu\/sk\/wp-json\/wp\/v2\/product\/74846","targetHints":{"allow":["GET"]}}],"collection":[{"href":"https:\/\/staging.nbg.eu\/sk\/wp-json\/wp\/v2\/product"}],"about":[{"href":"https:\/\/staging.nbg.eu\/sk\/wp-json\/wp\/v2\/types\/product"}],"wp:featuredmedia":[{"embeddable":true,"href":"https:\/\/staging.nbg.eu\/sk\/wp-json\/wp\/v2\/media\/73880"}],"wp:attachment":[{"href":"https:\/\/staging.nbg.eu\/sk\/wp-json\/wp\/v2\/media?parent=74846"}],"wp:term":[{"taxonomy":"product_brand","embeddable":true,"href":"https:\/\/staging.nbg.eu\/sk\/wp-json\/wp\/v2\/product_brand?post=74846"},{"taxonomy":"product_cat","embeddable":true,"href":"https:\/\/staging.nbg.eu\/sk\/wp-json\/wp\/v2\/product_cat?post=74846"},{"taxonomy":"product_tag","embeddable":true,"href":"https:\/\/staging.nbg.eu\/sk\/wp-json\/wp\/v2\/product_tag?post=74846"}],"curies":[{"name":"wp","href":"https:\/\/api.w.org\/{rel}","templated":true}]}}