{"id":74824,"date":"2024-10-21T09:29:53","date_gmt":"2024-10-31T10:55:59","guid":{"rendered":"https:\/\/staging.nbg.eu\/product\/grips-kmr-s-dotmatrix-black\/"},"modified":"2024-10-31T10:57:26","modified_gmt":"2024-10-31T10:57:26","slug":"grip-kmr-s-dotmatrix-cierny","status":"publish","type":"product","link":"https:\/\/staging.nbg.eu\/sk\/produkt\/grip-kmr-s-dotmatrix-cierny\/","title":{"rendered":"GRIP KMR S DotMatrix &#8211; \u010cierny"},"content":{"rendered":"<div class=\"product-description\">\n<h2>GRIPS KMR S DotMatrix &#8211; \u010cierne<\/h2>\n<p>GRIPS KMR S DotMatrix v \u010diernej farbe. Tieto pa\u017eby maj\u00fa text\u00farovan\u00fd povrch pre lep\u0161ie dr\u017eanie. Vhodn\u00e9 na vylep\u0161enie existuj\u00facej pi\u0161tole alebo pre s\u00fa\u0165a\u017en\u00e9 streleck\u00e9 discipl\u00edny.<\/p>\n<h3>Hlavn\u00e9 vlastnosti:<\/h3>\n<ul>\n<li>Dlh\u00e1 ve\u013ekos\u0165 pre optim\u00e1lne uchopenie<\/li>\n<li>Vyroben\u00e9 z anodizovan\u00e9ho duralum\u00ednia<\/li>\n<li>Vzor golfovej lopti\u010dky pre lep\u0161iu text\u00faru<\/li>\n<li>Navrhnut\u00e9 na pou\u017eitie bez vodidla z\u00e1sobn\u00edka<\/li>\n<li>Obsahuje torx skrutky pre jednoduch\u00fa in\u0161tal\u00e1ciu<\/li>\n<li>S logom KMR<\/li>\n<\/ul>\n<p>Kompatibiln\u00e9 v\u00fdlu\u010dne s modelmi KMR S-02 s 26 mm \u0161irok\u00fdm hlin\u00edkov\u00fdm r\u00e1mom. Nevhodn\u00e9 pre ve\u013ekosti r\u00e1mov W-02 alebo L-02. Ur\u010den\u00e9 pre pi\u0161tole KMR S-02 .22 LR.<\/p>\n<\/div>\n<dl class=\"data-sheet\">\n<dt class=\"name\">Pre zbrane KMR<\/dt>\n<dd class=\"value\">KMR S-01 LANCE (OR)<br \/>\nKMR S-02 DO ROKU 2023<\/dd>\n<dt class=\"name\">V\u00fdber pod\u013ea zbran\u00ed CZ<\/dt>\n<dd class=\"value\">CZ SHADOW 1<br \/>\nCZ SHADOW 2<br \/>\nCZ SHADOW 2 (OR)<br \/>\nCZ SP-01<\/dd>\n<\/dl>\n","protected":false},"excerpt":{"rendered":"<p>Odoln\u00e9 eloxovan\u00e9 duralov\u00e9 pi\u0161tolov\u00e9 rukov\u00e4te. Agres\u00edvna text\u00fara.<\/p>\n<p>0611-02801-0101<\/p>\n","protected":false},"featured_media":73832,"template":"","meta":{"_acf_changed":false},"product_brand":[11505],"product_cat":[13349],"product_tag":[],"class_list":{"0":"post-74824","1":"product","2":"type-product","3":"status-publish","4":"has-post-thumbnail","6":"product_brand-kmr-precision","7":"product_cat-kmr-diely","9":"first","10":"instock","11":"taxable","12":"shipping-taxable","13":"purchasable","14":"product-type-simple"},"acf":[],"_links":{"self":[{"href":"https:\/\/staging.nbg.eu\/sk\/wp-json\/wp\/v2\/product\/74824","targetHints":{"allow":["GET"]}}],"collection":[{"href":"https:\/\/staging.nbg.eu\/sk\/wp-json\/wp\/v2\/product"}],"about":[{"href":"https:\/\/staging.nbg.eu\/sk\/wp-json\/wp\/v2\/types\/product"}],"wp:featuredmedia":[{"embeddable":true,"href":"https:\/\/staging.nbg.eu\/sk\/wp-json\/wp\/v2\/media\/73832"}],"wp:attachment":[{"href":"https:\/\/staging.nbg.eu\/sk\/wp-json\/wp\/v2\/media?parent=74824"}],"wp:term":[{"taxonomy":"product_brand","embeddable":true,"href":"https:\/\/staging.nbg.eu\/sk\/wp-json\/wp\/v2\/product_brand?post=74824"},{"taxonomy":"product_cat","embeddable":true,"href":"https:\/\/staging.nbg.eu\/sk\/wp-json\/wp\/v2\/product_cat?post=74824"},{"taxonomy":"product_tag","embeddable":true,"href":"https:\/\/staging.nbg.eu\/sk\/wp-json\/wp\/v2\/product_tag?post=74824"}],"curies":[{"name":"wp","href":"https:\/\/api.w.org\/{rel}","templated":true}]}}