{"id":74376,"date":"2024-10-19T08:43:18","date_gmt":"2024-10-19T08:43:18","guid":{"rendered":"https:\/\/staging.nbg.eu\/product\/sg-timer-go\/"},"modified":"2025-10-01T15:49:53","modified_gmt":"2025-10-01T12:49:53","slug":"sg-timer-go","status":"publish","type":"product","link":"https:\/\/staging.nbg.eu\/sk\/produkt\/sg-timer-go\/","title":{"rendered":"SG Timer Go"},"content":{"rendered":"<h2>SG Timer Go: \u010casova\u010d<\/h2>\n<p>SG Timer Go je kompaktn\u00e9 zariadenie s pokro\u010dilou technol\u00f3giou. Obsahuje rovnak\u00fd inteligentn\u00fd senzor a algoritmy rozpozn\u00e1vania ako jeho predchodca.<\/p>\n<h2>Hlavn\u00e9 funkcie:<\/h2>\n<ul>\n<li>Bluetooth pripojenie<\/li>\n<li>Kompatibilita s aplik\u00e1ciou na cvi\u010denia<\/li>\n<li>Detekcia stre\u013eby na sucho s hodnoten\u00edm v\u00fdkonu<\/li>\n<li>Filtrovanie ozveny pre presn\u00e9 zaznamen\u00e1vanie v\u00fdstrelov<\/li>\n<li>Vstavan\u00e1 pam\u00e4\u0165 na 1 000 000 v\u00fdstrelov<\/li>\n<li>Nastavite\u013en\u00e9 PAR \u010dasy<\/li>\n<li>Nastavite\u013en\u00e1 citlivos\u0165 pre v\u0161etky kalibry<\/li>\n<li>Nastavite\u013en\u00e1 hlasitos\u0165 (5-100)<\/li>\n<li>&#8222;\u0160pion\u00e1\u017eny re\u017eim&#8220; na synchroniz\u00e1ciu s in\u00fdmi \u010dasova\u010dmi<\/li>\n<\/ul>\n<h2>Dizajn:<\/h2>\n<ul>\n<li>Displej na hornej strane<\/li>\n<li>Dvojtla\u010didlov\u00e9 rozhranie<\/li>\n<li>Spona na opasok s r\u00fdchlym uvo\u013enen\u00edm<\/li>\n<li>Spona na vrecko<\/li>\n<\/ul>\n<h2>V\u00fddr\u017e:<\/h2>\n<p>A\u017e 80 hod\u00edn nepretr\u017eit\u00e9ho pou\u017e\u00edvania na jedno nabitie, USB-C port na nab\u00edjanie.<\/p>\n<p>SG Timer Go kombinuje jednoduch\u00e9 ovl\u00e1danie s pokro\u010dil\u00fdmi funkciami.<\/p>\n","protected":false},"excerpt":{"rendered":"<p>Kompaktn\u00fd inteligentn\u00fd \u010dasova\u010d stre\u013eby s Bluetooth, pokro\u010dil\u00fdmi funkciami a dlhou v\u00fddr\u017eou bat\u00e9rie.<\/p>\n","protected":false},"featured_media":73228,"template":"","meta":{"_acf_changed":false},"product_brand":[11805],"product_cat":[13377,13364],"product_tag":[],"class_list":{"0":"post-74376","1":"product","2":"type-product","3":"status-publish","4":"has-post-thumbnail","6":"product_brand-shooters-global","7":"product_cat-casovace-striel","8":"product_cat-vystroj","10":"first","11":"outofstock","12":"taxable","13":"shipping-taxable","14":"purchasable","15":"product-type-simple"},"acf":[],"_links":{"self":[{"href":"https:\/\/staging.nbg.eu\/sk\/wp-json\/wp\/v2\/product\/74376","targetHints":{"allow":["GET"]}}],"collection":[{"href":"https:\/\/staging.nbg.eu\/sk\/wp-json\/wp\/v2\/product"}],"about":[{"href":"https:\/\/staging.nbg.eu\/sk\/wp-json\/wp\/v2\/types\/product"}],"wp:featuredmedia":[{"embeddable":true,"href":"https:\/\/staging.nbg.eu\/sk\/wp-json\/wp\/v2\/media\/73228"}],"wp:attachment":[{"href":"https:\/\/staging.nbg.eu\/sk\/wp-json\/wp\/v2\/media?parent=74376"}],"wp:term":[{"taxonomy":"product_brand","embeddable":true,"href":"https:\/\/staging.nbg.eu\/sk\/wp-json\/wp\/v2\/product_brand?post=74376"},{"taxonomy":"product_cat","embeddable":true,"href":"https:\/\/staging.nbg.eu\/sk\/wp-json\/wp\/v2\/product_cat?post=74376"},{"taxonomy":"product_tag","embeddable":true,"href":"https:\/\/staging.nbg.eu\/sk\/wp-json\/wp\/v2\/product_tag?post=74376"}],"curies":[{"name":"wp","href":"https:\/\/api.w.org\/{rel}","templated":true}]}}