{"id":74360,"date":"2024-10-19T08:24:33","date_gmt":"2024-10-30T09:32:39","guid":{"rendered":"https:\/\/staging.nbg.eu\/product\/sg-timer-2\/"},"modified":"2024-10-30T09:34:18","modified_gmt":"2024-10-30T09:34:18","slug":"sg-timer-2","status":"publish","type":"product","link":"https:\/\/staging.nbg.eu\/sk\/produkt\/sg-timer-2\/","title":{"rendered":"SG Timer 2"},"content":{"rendered":"<div class=\"product-description\">\n<h2>SG Timer 2: \u010casova\u010d v\u00fdstrelov pre strelcov<\/h2>\n<p>Predstavujeme SG Timer 2, pokro\u010dil\u00fd a v\u0161estrann\u00fd \u010dasova\u010d v\u00fdstrelov. S jeho funkciami a robustn\u00fdm dizajnom je vhodn\u00fd pre individu\u00e1lny tr\u00e9ning aj skupinov\u00e9 cvi\u010denia.<\/p>\n<h2>Hlavn\u00e9 funkcie:<\/h2>\n<ul>\n<li><strong>Hlasnej\u0161\u00ed:<\/strong> Akustick\u00fd zosil\u0148ova\u010d zvy\u0161uje hlasitos\u0165 \u010dasova\u010da.<\/li>\n<li><strong>Bezpe\u010dn\u00e9 a v\u0161estrann\u00e9 upevnenie:<\/strong> Nov\u00fd U-Grip so silnej\u0161\u00edmi magnetmi a pozi\u010dn\u00fdm hardv\u00e9rom pre lep\u0161iu stabilitu.<\/li>\n<li><strong>Pokro\u010dil\u00e1 konektivita:<\/strong> NFC a Bluetooth 5.4 pre pripojenie k smartf\u00f3nu a zv\u00fd\u0161en\u00fd dosah.<\/li>\n<li><strong>Detekcia v\u00fdstrelov:<\/strong> Citliv\u00fd senzor zachyt\u00e1va v\u00fdstrely od AEG a CO2 po v\u0161etky kalibre streln\u00fdch zbran\u00ed, vr\u00e1tane tlmen\u00fdch.<\/li>\n<li><strong>Nastavite\u013en\u00e9 parametre:<\/strong> Nastavite\u013en\u00e1 citlivos\u0165 a filtrovanie ozveny pre presn\u00fa detekciu v\u00fdstrelov.<\/li>\n<li><strong>Ve\u013ek\u00e1 pam\u00e4\u0165:<\/strong> Vstavan\u00e1 pam\u00e4\u0165 pre a\u017e 1 000 000 v\u00fdstrelov s podrobn\u00fdmi \u0161tatistikami.<\/li>\n<li><strong>Funkcia PAR:<\/strong> Pl\u00e1novanie tr\u00e9ningov a cvi\u010den\u00ed vopred.<\/li>\n<li><strong>Re\u017eim Spy:<\/strong> Synchroniz\u00e1cia s in\u00fdmi \u010dasova\u010dmi v\u00fdstrelov pre spolo\u010dn\u00fd tr\u00e9ning.<\/li>\n<\/ul>\n<p>Pre s\u00fa\u0165a\u017en\u00fdch strelcov, in\u0161truktorov stre\u013eby alebo nad\u0161encov pon\u00faka SG Timer 2 v\u00fdkon a spo\u013eahlivos\u0165. Zlep\u0161ite svoj tr\u00e9ning s t\u00fdmto pokro\u010dil\u00fdm \u010dasova\u010dom v\u00fdstrelov.<\/p>\n<\/div>\n","protected":false},"excerpt":{"rendered":"<p>Hlasnej\u0161\u00ed, inteligentnej\u0161\u00ed, v\u0161estrann\u00fd. Bezpe\u010dn\u00e9 uchopenie, Bluetooth 5.4, pokro\u010dil\u00fd senzor.<\/p>\n","protected":false},"featured_media":73089,"template":"","meta":{"_acf_changed":false},"product_brand":[11805],"product_cat":[13377,13364],"product_tag":[],"class_list":{"0":"post-74360","1":"product","2":"type-product","3":"status-publish","4":"has-post-thumbnail","6":"product_brand-shooters-global","7":"product_cat-casovace-striel","8":"product_cat-vystroj","10":"first","11":"instock","12":"taxable","13":"shipping-taxable","14":"purchasable","15":"product-type-simple"},"acf":[],"_links":{"self":[{"href":"https:\/\/staging.nbg.eu\/sk\/wp-json\/wp\/v2\/product\/74360","targetHints":{"allow":["GET"]}}],"collection":[{"href":"https:\/\/staging.nbg.eu\/sk\/wp-json\/wp\/v2\/product"}],"about":[{"href":"https:\/\/staging.nbg.eu\/sk\/wp-json\/wp\/v2\/types\/product"}],"wp:featuredmedia":[{"embeddable":true,"href":"https:\/\/staging.nbg.eu\/sk\/wp-json\/wp\/v2\/media\/73089"}],"wp:attachment":[{"href":"https:\/\/staging.nbg.eu\/sk\/wp-json\/wp\/v2\/media?parent=74360"}],"wp:term":[{"taxonomy":"product_brand","embeddable":true,"href":"https:\/\/staging.nbg.eu\/sk\/wp-json\/wp\/v2\/product_brand?post=74360"},{"taxonomy":"product_cat","embeddable":true,"href":"https:\/\/staging.nbg.eu\/sk\/wp-json\/wp\/v2\/product_cat?post=74360"},{"taxonomy":"product_tag","embeddable":true,"href":"https:\/\/staging.nbg.eu\/sk\/wp-json\/wp\/v2\/product_tag?post=74360"}],"curies":[{"name":"wp","href":"https:\/\/api.w.org\/{rel}","templated":true}]}}