{"id":74332,"date":"2024-10-18T19:45:03","date_gmt":"2024-10-30T09:24:38","guid":{"rendered":"https:\/\/staging.nbg.eu\/product\/sordin-supreme-pro-x-led-gel\/"},"modified":"2024-10-30T09:26:10","modified_gmt":"2024-10-30T09:26:10","slug":"sordin-supreme-pro-x-led-gel","status":"publish","type":"product","link":"https:\/\/staging.nbg.eu\/sk\/produkt\/sordin-supreme-pro-x-led-gel\/","title":{"rendered":"Sordin Supreme Pro-X LED GEL"},"content":{"rendered":"<h2>Sordin Supreme Pro-X LED<\/h2>\n<p>Sordin Supreme Pro-X LED je elektronick\u00fd chr\u00e1ni\u010d sluchu pre po\u013eovn\u00edkov a strelcov. Obsahuje zvukov\u00fd syst\u00e9m SordinHEAR2 so \u0161tyrmi zvukov\u00fdmi profilmi, pon\u00faka kvalitn\u00fd zvuk a ochranu.<\/p>\n<h2>Hlavn\u00e9 vlastnosti:<\/h2>\n<ul>\n<li>Zabudovan\u00e9 LED svetlo pre lep\u0161iu vidite\u013enos\u0165 v tme<\/li>\n<li>GEL tesniace kr\u00fa\u017eky pre pohodlie<\/li>\n<li>Vodotesnos\u0165 IP67<\/li>\n<li>Kompaktn\u00fd dizajn sl\u00fachadiel pre \u013eahk\u00e9 nosenie a stre\u013ebu<\/li>\n<li>Funkcia z\u00e1visl\u00e1 od \u00farovne hlasitosti pre vn\u00edmanie okolit\u00fdch zvukov<\/li>\n<li>400-hodinov\u00e1 v\u00fddr\u017e bat\u00e9rie s dvoma AAA bat\u00e9riami<\/li>\n<li>AUX vstup pre extern\u00e9 zvukov\u00e9 zdroje<\/li>\n<\/ul>\n<p>Poskytuje prirodzen\u00fa reprodukciu zvuku s kvalitn\u00fdmi reproduktormi a chr\u00e1ni pred nebezpe\u010dn\u00fdm hlukom. Supreme Pro-X LED zosil\u0148uje slab\u00e9 zvuky a obmedzuje v\u00fdstup na 82 dB, \u010d\u00edm zabezpe\u010duje ochranu sluchu.<\/p>\n<p>S textilnou \u010delenkou, \u013eahkou kon\u0161trukciou (376g) a efekt\u00edvnym tlmen\u00edm aj pri nosen\u00ed okuliarov, je Sordin Supreme Pro-X LED vhodn\u00fd pre po\u013eovn\u00edctvo a stre\u013ebu.<\/p>\n<p>NRR: 21 | SNR: 27 | H: 29 | M: 24 | L: 19<\/p>\n","protected":false},"excerpt":{"rendered":"<p>Elektronick\u00e1 ochrana sluchu s LED svetlom, 4 zvukov\u00fdmi profilmi a g\u00e9lov\u00fdmi tesneniami.<\/p>\n","protected":false},"featured_media":72226,"template":"","meta":{"_acf_changed":false},"product_brand":[11856],"product_cat":[13359,13364],"product_tag":[],"class_list":{"0":"post-74332","1":"product","2":"type-product","3":"status-publish","4":"has-post-thumbnail","6":"product_brand-sordin","7":"product_cat-ochrana-sluchu","8":"product_cat-vystroj","10":"first","11":"instock","12":"taxable","13":"shipping-taxable","14":"purchasable","15":"product-type-simple"},"acf":[],"_links":{"self":[{"href":"https:\/\/staging.nbg.eu\/sk\/wp-json\/wp\/v2\/product\/74332","targetHints":{"allow":["GET"]}}],"collection":[{"href":"https:\/\/staging.nbg.eu\/sk\/wp-json\/wp\/v2\/product"}],"about":[{"href":"https:\/\/staging.nbg.eu\/sk\/wp-json\/wp\/v2\/types\/product"}],"wp:featuredmedia":[{"embeddable":true,"href":"https:\/\/staging.nbg.eu\/sk\/wp-json\/wp\/v2\/media\/72226"}],"wp:attachment":[{"href":"https:\/\/staging.nbg.eu\/sk\/wp-json\/wp\/v2\/media?parent=74332"}],"wp:term":[{"taxonomy":"product_brand","embeddable":true,"href":"https:\/\/staging.nbg.eu\/sk\/wp-json\/wp\/v2\/product_brand?post=74332"},{"taxonomy":"product_cat","embeddable":true,"href":"https:\/\/staging.nbg.eu\/sk\/wp-json\/wp\/v2\/product_cat?post=74332"},{"taxonomy":"product_tag","embeddable":true,"href":"https:\/\/staging.nbg.eu\/sk\/wp-json\/wp\/v2\/product_tag?post=74332"}],"curies":[{"name":"wp","href":"https:\/\/api.w.org\/{rel}","templated":true}]}}