{"id":74286,"date":"2024-10-20T10:20:59","date_gmt":"2024-10-30T09:04:02","guid":{"rendered":"https:\/\/staging.nbg.eu\/product\/fully-adjustable-rear-sight-kmr\/"},"modified":"2024-10-30T09:05:31","modified_gmt":"2024-10-30T09:05:31","slug":"plne-nastavitelne-zadne-mieridlo-kmr","status":"publish","type":"product","link":"https:\/\/staging.nbg.eu\/sk\/produkt\/plne-nastavitelne-zadne-mieridlo-kmr\/","title":{"rendered":"Plne nastavite\u013en\u00e9 zadn\u00e9 mieridlo KMR"},"content":{"rendered":"<div class=\"product-description\">\n<h2>Plne nastavite\u013en\u00fd zadn\u00fd zameriava\u010d pre KMR<\/h2>\n<p>Zadn\u00fd zameriava\u010d navrhnut\u00fd pre modely KMR a CZ. Tento zameriava\u010d pon\u00faka:<\/p>\n<ul>\n<li>Kompatibilita s CZ SP01 Shadow 1 a CZ Shadow 2<\/li>\n<li>Vhodn\u00fd pre predn\u00e9 mieridl\u00e1 s v\u00fd\u0161kou 7,5-8,0 mm<\/li>\n<li>Nastavenia pre presnos\u0165<\/li>\n<li>Odoln\u00e1 kon\u0161trukcia<\/li>\n<\/ul>\n<p>Vylep\u0161ite zameriavac\u00ed syst\u00e9m va\u0161ej zbrane. Pozn\u00e1mka: Tento zameriava\u010d nie je kompatibiln\u00fd s modelmi CZ 75 TS.<\/p>\n<p>Plne nastavite\u013en\u00fd zadn\u00fd zameriava\u010d pre va\u0161u KMR alebo CZ pi\u0161to\u013e.<\/p>\n<\/div>\n","protected":false},"excerpt":{"rendered":"<p>Presn\u00e9 zadn\u00e9 mieridlo pre KMR a CZ.<\/p>\n","protected":false},"featured_media":73530,"template":"","meta":{"_acf_changed":false},"product_brand":[],"product_cat":[13349],"product_tag":[],"class_list":{"0":"post-74286","1":"product","2":"type-product","3":"status-publish","4":"has-post-thumbnail","6":"product_cat-kmr-diely","8":"first","9":"instock","10":"taxable","11":"shipping-taxable","12":"purchasable","13":"product-type-simple"},"acf":[],"_links":{"self":[{"href":"https:\/\/staging.nbg.eu\/sk\/wp-json\/wp\/v2\/product\/74286","targetHints":{"allow":["GET"]}}],"collection":[{"href":"https:\/\/staging.nbg.eu\/sk\/wp-json\/wp\/v2\/product"}],"about":[{"href":"https:\/\/staging.nbg.eu\/sk\/wp-json\/wp\/v2\/types\/product"}],"wp:featuredmedia":[{"embeddable":true,"href":"https:\/\/staging.nbg.eu\/sk\/wp-json\/wp\/v2\/media\/73530"}],"wp:attachment":[{"href":"https:\/\/staging.nbg.eu\/sk\/wp-json\/wp\/v2\/media?parent=74286"}],"wp:term":[{"taxonomy":"product_brand","embeddable":true,"href":"https:\/\/staging.nbg.eu\/sk\/wp-json\/wp\/v2\/product_brand?post=74286"},{"taxonomy":"product_cat","embeddable":true,"href":"https:\/\/staging.nbg.eu\/sk\/wp-json\/wp\/v2\/product_cat?post=74286"},{"taxonomy":"product_tag","embeddable":true,"href":"https:\/\/staging.nbg.eu\/sk\/wp-json\/wp\/v2\/product_tag?post=74286"}],"curies":[{"name":"wp","href":"https:\/\/api.w.org\/{rel}","templated":true}]}}