{"id":74264,"date":"2024-10-18T20:29:49","date_gmt":"2024-10-18T20:29:49","guid":{"rendered":"https:\/\/staging.nbg.eu\/product\/sg-pulse-electronic-level-picatinny-m-lok\/"},"modified":"2024-10-30T09:03:45","modified_gmt":"2024-10-30T09:03:45","slug":"sg-pulse-elektronicka-vodovaha-picatinny-m-lok","status":"publish","type":"product","link":"https:\/\/staging.nbg.eu\/sk\/produkt\/sg-pulse-elektronicka-vodovaha-picatinny-m-lok\/","title":{"rendered":"SG PULSE ELEKTRONICK\u00c1 VODOV\u00c1HA PICATINNY + M-LOK"},"content":{"rendered":"<h2>SG PULSE ELEKTRONICK\u00c1 VODOV\u00c1HA PICATINNY + M-LOK<\/h2>\n<p>SG PULSE ELEKTRONICK\u00c1 VODOV\u00c1HA zlep\u0161uje presnos\u0165 stre\u013eby. Toto zariadenie zabezpe\u010duje dokonal\u00e9 vertik\u00e1lne zarovnanie, eliminuje horizont\u00e1lny posun pre presn\u00e9 v\u00fdstrely. Obsahuje jasn\u00e9 LED di\u00f3dy pre sp\u00e4tn\u00fa v\u00e4zbu perif\u00e9rneho videnia a mo\u017enosti vlastnej kalibr\u00e1cie.<\/p>\n<ul>\n<li>Digit\u00e1lna vodov\u00e1ha proti n\u00e1klonu pre dokonal\u00e9 vertik\u00e1lne zarovnanie<\/li>\n<li>Re\u017eim stability zobrazuje MOA pre optim\u00e1lne na\u010dasovanie sp\u00fa\u0161te<\/li>\n<li>Indik\u00e1cia kos\u00ednusu pre v\u00fdstrely do kopca a z kopca<\/li>\n<li>Vyrovn\u00e1vanie pu\u0161koh\u013eadu jedn\u00fdm dotykom<\/li>\n<li>Sledovanie prechodov\u00e9ho \u010dasu pre anal\u00fdzu v\u00fdkonu<\/li>\n<li>Kompaktn\u00fd a odoln\u00fd dizajn<\/li>\n<li>R\u00f4zne mo\u017enosti mont\u00e1\u017ee (Picatinny a M-LOK)<\/li>\n<\/ul>\n<p>Kompatibiln\u00e1 s aplik\u00e1ciou Drills pre podrobn\u00fa anal\u00fdzu stability a dr\u00e1hy hlavne. SG PULSE ELEKTRONICK\u00c1 VODOV\u00c1HA vylep\u0161uje va\u0161u pu\u0161ku a zvy\u0161uje presnos\u0165.<\/p>\n","protected":false},"excerpt":{"rendered":"<p>SG PULSE: Presn\u00e1 elektronick\u00e1 vodov\u00e1ha pre dokonal\u00e9 zarovnanie pu\u0161ky.<\/p>\n","protected":false},"featured_media":72669,"template":"","meta":{"_acf_changed":false},"product_brand":[],"product_cat":[13364],"product_tag":[],"class_list":{"0":"post-74264","1":"product","2":"type-product","3":"status-publish","4":"has-post-thumbnail","6":"product_cat-vystroj","8":"first","9":"instock","10":"taxable","11":"shipping-taxable","12":"purchasable","13":"product-type-simple"},"acf":[],"_links":{"self":[{"href":"https:\/\/staging.nbg.eu\/sk\/wp-json\/wp\/v2\/product\/74264","targetHints":{"allow":["GET"]}}],"collection":[{"href":"https:\/\/staging.nbg.eu\/sk\/wp-json\/wp\/v2\/product"}],"about":[{"href":"https:\/\/staging.nbg.eu\/sk\/wp-json\/wp\/v2\/types\/product"}],"wp:featuredmedia":[{"embeddable":true,"href":"https:\/\/staging.nbg.eu\/sk\/wp-json\/wp\/v2\/media\/72669"}],"wp:attachment":[{"href":"https:\/\/staging.nbg.eu\/sk\/wp-json\/wp\/v2\/media?parent=74264"}],"wp:term":[{"taxonomy":"product_brand","embeddable":true,"href":"https:\/\/staging.nbg.eu\/sk\/wp-json\/wp\/v2\/product_brand?post=74264"},{"taxonomy":"product_cat","embeddable":true,"href":"https:\/\/staging.nbg.eu\/sk\/wp-json\/wp\/v2\/product_cat?post=74264"},{"taxonomy":"product_tag","embeddable":true,"href":"https:\/\/staging.nbg.eu\/sk\/wp-json\/wp\/v2\/product_tag?post=74264"}],"curies":[{"name":"wp","href":"https:\/\/api.w.org\/{rel}","templated":true}]}}