{"id":74220,"date":"2024-10-18T20:28:40","date_gmt":"2024-10-30T08:48:45","guid":{"rendered":"https:\/\/staging.nbg.eu\/product\/extractor-l-02-40sw-kmr\/"},"modified":"2024-10-30T08:50:13","modified_gmt":"2024-10-30T08:50:13","slug":"vytahovac-l-02-40sw-kmr","status":"publish","type":"product","link":"https:\/\/staging.nbg.eu\/sk\/produkt\/vytahovac-l-02-40sw-kmr\/","title":{"rendered":"Vy\u0165ahova\u010d L-02 .40SW &#8211; KMR"},"content":{"rendered":"<div class=\"product-description\">\n<h2>Extraktor L-02 .40SW &#8211; KMR<\/h2>\n<p>Tento extraktor je ur\u010den\u00fd pre pi\u0161to\u013e KMR L-02. Je navrhnut\u00fd pre kaliber .40 S&amp;W a zabezpe\u010duje spo\u013eahliv\u00e9 vy\u0165ahovanie n\u00e1bojn\u00edc. Vyroben\u00fd je z odoln\u00fdch materi\u00e1lov pre dlhodob\u00e9 pou\u017e\u00edvanie. Tento n\u00e1hradn\u00fd diel zlep\u0161uje presnos\u0165 a spo\u013eahlivos\u0165 zbrane.<\/p>\n<\/div>\n","protected":false},"excerpt":{"rendered":"<p>Presn\u00fd extraktor pre n\u00e1boje kalibru 40 S&amp;W ur\u010den\u00fd pre pi\u0161to\u013e KMR L-02.<\/p>\n","protected":false},"featured_media":72599,"template":"","meta":{"_acf_changed":false},"product_brand":[],"product_cat":[13349],"product_tag":[],"class_list":{"0":"post-74220","1":"product","2":"type-product","3":"status-publish","4":"has-post-thumbnail","6":"product_cat-kmr-diely","8":"first","9":"instock","10":"taxable","11":"shipping-taxable","12":"purchasable","13":"product-type-simple"},"acf":[],"_links":{"self":[{"href":"https:\/\/staging.nbg.eu\/sk\/wp-json\/wp\/v2\/product\/74220","targetHints":{"allow":["GET"]}}],"collection":[{"href":"https:\/\/staging.nbg.eu\/sk\/wp-json\/wp\/v2\/product"}],"about":[{"href":"https:\/\/staging.nbg.eu\/sk\/wp-json\/wp\/v2\/types\/product"}],"wp:featuredmedia":[{"embeddable":true,"href":"https:\/\/staging.nbg.eu\/sk\/wp-json\/wp\/v2\/media\/72599"}],"wp:attachment":[{"href":"https:\/\/staging.nbg.eu\/sk\/wp-json\/wp\/v2\/media?parent=74220"}],"wp:term":[{"taxonomy":"product_brand","embeddable":true,"href":"https:\/\/staging.nbg.eu\/sk\/wp-json\/wp\/v2\/product_brand?post=74220"},{"taxonomy":"product_cat","embeddable":true,"href":"https:\/\/staging.nbg.eu\/sk\/wp-json\/wp\/v2\/product_cat?post=74220"},{"taxonomy":"product_tag","embeddable":true,"href":"https:\/\/staging.nbg.eu\/sk\/wp-json\/wp\/v2\/product_tag?post=74220"}],"curies":[{"name":"wp","href":"https:\/\/api.w.org\/{rel}","templated":true}]}}