{"id":74198,"date":"2024-10-20T09:56:58","date_gmt":"2024-10-30T08:45:50","guid":{"rendered":"https:\/\/staging.nbg.eu\/product\/holosun-hs-mount-aems-low\/"},"modified":"2024-10-30T08:47:22","modified_gmt":"2024-10-30T08:47:22","slug":"holosun-hs-mount-aems-low","status":"publish","type":"product","link":"https:\/\/staging.nbg.eu\/sk\/produkt\/holosun-hs-mount-aems-low\/","title":{"rendered":"Holosun HS-MOUNT-AEMS-LOW"},"content":{"rendered":"<h2>Holosun HS-MOUNT-AEMS-LOW<\/h2>\n<p>Holosun HS-MOUNT-AEMS-LOW je n\u00edzko profilov\u00fd dr\u017eiak navrhnut\u00fd pre \u010derven\u00fd zameriava\u010d AEMS. Tento hlin\u00edkov\u00fd dr\u017eiak je odoln\u00fd a \u013eahko sa pou\u017e\u00edva, vhodn\u00fd pre streln\u00e9 zbrane s konven\u010dn\u00fdmi pa\u017ebami.<\/p>\n<h2>Hlavn\u00e9 vlastnosti:<\/h2>\n<ul>\n<li>Kompatibiln\u00fd s Picatinny\/Weaver li\u0161tami<\/li>\n<li>N\u00edzko profilov\u00fd dizajn pre optim\u00e1lne zarovnanie zameriava\u010da<\/li>\n<li>R\u00fdchla in\u0161tal\u00e1cia pomocou Torx k\u013e\u00fa\u010da<\/li>\n<li>\u013dahk\u00e1 a odoln\u00e1 hlin\u00edkov\u00e1 kon\u0161trukcia<\/li>\n<li>Opakovate\u013en\u00e1 presnos\u0165<\/li>\n<\/ul>\n<h2>\u0160pecifik\u00e1cie:<\/h2>\n<ul>\n<li>Rozmery: 50x35x11 mm<\/li>\n<li>Hmotnos\u0165: 34g<\/li>\n<li>Farba: \u010cierna<\/li>\n<li>Prev\u00e1dzkov\u00e1 teplota: -30\u00b0C a\u017e 60\u00b0C<\/li>\n<li>Skladovacia teplota: -40\u00b0C a\u017e 70\u00b0C<\/li>\n<\/ul>\n<p>Holosun HS-MOUNT-AEMS-LOW je navrhnut\u00fd pre presnos\u0165 a spo\u013eahlivos\u0165 v r\u00f4znych podmienkach.<\/p>\n","protected":false},"excerpt":{"rendered":"<p>Extr\u00e9mne odoln\u00fd hlin\u00edkov\u00fd dr\u017eiak pre kolim\u00e1tory Holosun AEMS.<\/p>\n","protected":false},"featured_media":73344,"template":"","meta":{"_acf_changed":false},"product_brand":[11442],"product_cat":[13374,13373],"product_tag":[],"class_list":{"0":"post-74198","1":"product","2":"type-product","3":"status-publish","4":"has-post-thumbnail","6":"product_brand-holosun","7":"product_cat-cervene-bodove-mieridla","8":"product_cat-mierenie","10":"first","11":"instock","12":"taxable","13":"shipping-taxable","14":"purchasable","15":"product-type-simple"},"acf":[],"_links":{"self":[{"href":"https:\/\/staging.nbg.eu\/sk\/wp-json\/wp\/v2\/product\/74198","targetHints":{"allow":["GET"]}}],"collection":[{"href":"https:\/\/staging.nbg.eu\/sk\/wp-json\/wp\/v2\/product"}],"about":[{"href":"https:\/\/staging.nbg.eu\/sk\/wp-json\/wp\/v2\/types\/product"}],"wp:featuredmedia":[{"embeddable":true,"href":"https:\/\/staging.nbg.eu\/sk\/wp-json\/wp\/v2\/media\/73344"}],"wp:attachment":[{"href":"https:\/\/staging.nbg.eu\/sk\/wp-json\/wp\/v2\/media?parent=74198"}],"wp:term":[{"taxonomy":"product_brand","embeddable":true,"href":"https:\/\/staging.nbg.eu\/sk\/wp-json\/wp\/v2\/product_brand?post=74198"},{"taxonomy":"product_cat","embeddable":true,"href":"https:\/\/staging.nbg.eu\/sk\/wp-json\/wp\/v2\/product_cat?post=74198"},{"taxonomy":"product_tag","embeddable":true,"href":"https:\/\/staging.nbg.eu\/sk\/wp-json\/wp\/v2\/product_tag?post=74198"}],"curies":[{"name":"wp","href":"https:\/\/api.w.org\/{rel}","templated":true}]}}