{"id":74176,"date":"2024-10-18T20:15:25","date_gmt":"2024-10-30T08:39:27","guid":{"rendered":"https:\/\/staging.nbg.eu\/product\/nitehog-sight-spot-hog-red-dot\/"},"modified":"2024-10-30T08:41:03","modified_gmt":"2024-10-30T08:41:03","slug":"nitehog-sight-spot-hog-cerveny-kolimator","status":"publish","type":"product","link":"https:\/\/staging.nbg.eu\/sk\/produkt\/nitehog-sight-spot-hog-cerveny-kolimator\/","title":{"rendered":"NiteHog Sight Spot Hog \u010cerven\u00fd Kolim\u00e1tor"},"content":{"rendered":"<div class=\"product-description\">\n<h2>NiteHog Sight Spot Hog \u010derven\u00fd bod<\/h2>\n<p>Spot Hog \u010derven\u00fd bod je 1x17x24 optika bez paralaxy. M\u00e1 3MOA bod s 8 \u00farov\u0148ami jasu a 2 nastaveniami pre no\u010dn\u00e9 videnie, vhodn\u00fd pre r\u00f4zne sveteln\u00e9 podmienky.<\/p>\n<ul>\n<li>Odoln\u00fd vo\u010di n\u00e1razom a vode (IPX6)<\/li>\n<li>Kompatibiln\u00fd s 9mm, 45ACP, 12GA a Lapua Magnum 338 mun\u00edciou<\/li>\n<li>Tenk\u00fd dizajn s n\u00edzkou hmotnos\u0165ou<\/li>\n<li>Automatick\u00e9 vypnutie po 2 min\u00fatach ne\u010dinnosti<\/li>\n<li>50 000 hod\u00edn \u017eivotnosti bat\u00e9rie pri najni\u017e\u0161om nastaven\u00ed (bat\u00e9ria CR2032, nie je s\u00fa\u010das\u0165ou balenia)<\/li>\n<li>Weaver mont\u00e1\u017e pre jednoduch\u00fa in\u0161tal\u00e1ciu<\/li>\n<\/ul>\n<p>Spot Hog je kompaktn\u00fd a spo\u013eahliv\u00fd.<\/p>\n<\/div>\n","protected":false},"excerpt":{"rendered":"<p>Odoln\u00fd, paralaxu neobsahuj\u00faci 1x17x24 kolim\u00e1tor s \u010dervenou bodkou a 8 \u00farov\u0148ami intenzity.<\/p>\n","protected":false},"featured_media":72552,"template":"","meta":{"_acf_changed":false},"product_brand":[11598],"product_cat":[13374,13407,13373],"product_tag":[],"class_list":{"0":"post-74176","1":"product","2":"type-product","3":"status-publish","4":"has-post-thumbnail","6":"product_brand-nitehog","7":"product_cat-cervene-bodove-mieridla","8":"product_cat-kolimatory-na-pusky","9":"product_cat-mierenie","11":"first","12":"instock","13":"taxable","14":"shipping-taxable","15":"purchasable","16":"product-type-simple"},"acf":[],"_links":{"self":[{"href":"https:\/\/staging.nbg.eu\/sk\/wp-json\/wp\/v2\/product\/74176","targetHints":{"allow":["GET"]}}],"collection":[{"href":"https:\/\/staging.nbg.eu\/sk\/wp-json\/wp\/v2\/product"}],"about":[{"href":"https:\/\/staging.nbg.eu\/sk\/wp-json\/wp\/v2\/types\/product"}],"wp:featuredmedia":[{"embeddable":true,"href":"https:\/\/staging.nbg.eu\/sk\/wp-json\/wp\/v2\/media\/72552"}],"wp:attachment":[{"href":"https:\/\/staging.nbg.eu\/sk\/wp-json\/wp\/v2\/media?parent=74176"}],"wp:term":[{"taxonomy":"product_brand","embeddable":true,"href":"https:\/\/staging.nbg.eu\/sk\/wp-json\/wp\/v2\/product_brand?post=74176"},{"taxonomy":"product_cat","embeddable":true,"href":"https:\/\/staging.nbg.eu\/sk\/wp-json\/wp\/v2\/product_cat?post=74176"},{"taxonomy":"product_tag","embeddable":true,"href":"https:\/\/staging.nbg.eu\/sk\/wp-json\/wp\/v2\/product_tag?post=74176"}],"curies":[{"name":"wp","href":"https:\/\/api.w.org\/{rel}","templated":true}]}}