{"id":74154,"date":"2024-10-18T19:52:52","date_gmt":"2024-10-30T08:31:47","guid":{"rendered":"https:\/\/staging.nbg.eu\/product\/mag-release-button-kmr-black\/"},"modified":"2024-10-30T08:33:22","modified_gmt":"2024-10-30T08:33:22","slug":"tlacidlo-uvolnenia-zasobnika-kmr-cierne","status":"publish","type":"product","link":"https:\/\/staging.nbg.eu\/sk\/produkt\/tlacidlo-uvolnenia-zasobnika-kmr-cierne\/","title":{"rendered":"Tla\u010didlo uvo\u013enenia z\u00e1sobn\u00edka KMR, \u010cierne"},"content":{"rendered":"<dl class=\"data-sheet\">\n<dt class=\"name\">Pre zbrane KMR<\/dt>\n<dd class=\"value\">KMR L-02 EMIQ<br \/>\nKMR L-02 EMIQ (OR)<br \/>\nKMR L-02 ORCA DO 2023<br \/>\nKMR L-02 SPECTRA OD 2024<br \/>\nKMR L-02 SPECTRA DO 2023<br \/>\nKMR L-02 UMBRA OD 2024<br \/>\nKMR L-02 UMBRA DO 2023<br \/>\nKMR S-01 LANCE (OR)<br \/>\nKMR S-02 DO 2023<br \/>\nKMR W-02 CUDA OD 2024<br \/>\nKMR W-02 CUDA DO 2023<br \/>\nKMR W-02 UMBRA<br \/>\nKMR W-02 UMBRA (OR)<\/dd>\n<dt class=\"name\">V\u00fdber pod\u013ea zbran\u00ed CZ<\/dt>\n<dd class=\"value\">CZ SHADOW 2<br \/>\nCZ SHADOW 2 (OR)<\/dd>\n<\/dl>\n","protected":false},"excerpt":{"rendered":"<p>0180-00801-0101<\/p>\n<p>(Note: This is a product code or number, which typically remains the same across languages and does not require translation.)<\/p>\n","protected":false},"featured_media":72250,"template":"","meta":{"_acf_changed":false},"product_brand":[],"product_cat":[13349],"product_tag":[],"class_list":{"0":"post-74154","1":"product","2":"type-product","3":"status-publish","4":"has-post-thumbnail","6":"product_cat-kmr-diely","8":"first","9":"instock","10":"taxable","11":"shipping-taxable","12":"purchasable","13":"product-type-simple"},"acf":[],"_links":{"self":[{"href":"https:\/\/staging.nbg.eu\/sk\/wp-json\/wp\/v2\/product\/74154","targetHints":{"allow":["GET"]}}],"collection":[{"href":"https:\/\/staging.nbg.eu\/sk\/wp-json\/wp\/v2\/product"}],"about":[{"href":"https:\/\/staging.nbg.eu\/sk\/wp-json\/wp\/v2\/types\/product"}],"wp:featuredmedia":[{"embeddable":true,"href":"https:\/\/staging.nbg.eu\/sk\/wp-json\/wp\/v2\/media\/72250"}],"wp:attachment":[{"href":"https:\/\/staging.nbg.eu\/sk\/wp-json\/wp\/v2\/media?parent=74154"}],"wp:term":[{"taxonomy":"product_brand","embeddable":true,"href":"https:\/\/staging.nbg.eu\/sk\/wp-json\/wp\/v2\/product_brand?post=74154"},{"taxonomy":"product_cat","embeddable":true,"href":"https:\/\/staging.nbg.eu\/sk\/wp-json\/wp\/v2\/product_cat?post=74154"},{"taxonomy":"product_tag","embeddable":true,"href":"https:\/\/staging.nbg.eu\/sk\/wp-json\/wp\/v2\/product_tag?post=74154"}],"curies":[{"name":"wp","href":"https:\/\/api.w.org\/{rel}","templated":true}]}}