{"id":74130,"date":"2024-10-18T19:20:25","date_gmt":"2024-10-29T10:07:11","guid":{"rendered":"https:\/\/staging.nbg.eu\/product\/casio-prw-61y-3er\/"},"modified":"2024-10-29T10:08:38","modified_gmt":"2024-10-29T10:08:38","slug":"casio-prw-61y-3er","status":"publish","type":"product","link":"https:\/\/staging.nbg.eu\/sk\/produkt\/casio-prw-61y-3er\/","title":{"rendered":"Casio PRW-61Y-3ER"},"content":{"rendered":"<div class=\"product-description\">\n<h2>Casio PRW-61Y-3ER: Ekologick\u00e9 hodinky pre vonkaj\u0161ie pou\u017eitie<\/h2>\n<p>PRO TREK PRW-61Y-3ER s\u00fa prv\u00e9 hodinky Casio, ktor\u00e9 pou\u017e\u00edvaj\u00fa ekologick\u00e9 bioplasty v puzdre a remienku. Tieto hodinky kombinuj\u00fa udr\u017eate\u013enos\u0165 s odolnos\u0165ou, poskytuj\u00fa odolnos\u0165 vo\u010di n\u00e1ro\u010dn\u00e9mu pou\u017e\u00edvaniu a pohodlie.<\/p>\n<ul>\n<li>Ekologick\u00e9 bioplasty vyroben\u00e9 z ric\u00ednov\u00fdch semien a kukurice<\/li>\n<li>Cifern\u00edk s vysok\u00fdm kontrastom a bielymi indexmi pre optim\u00e1lnu vidite\u013enos\u0165<\/li>\n<li>Trojit\u00fd senzor: digit\u00e1lny kompas, barometer\/v\u00fd\u0161komer a teplomer<\/li>\n<li>Multi Band 6 r\u00e1diom riaden\u00e9 meranie \u010dasu<\/li>\n<li>Sol\u00e1rny nap\u00e1jac\u00ed syst\u00e9m Tough Solar<\/li>\n<li>Super Illuminator s vysoko jasn\u00fdm plne automatick\u00fdm dvojit\u00fdm LED svetlom<\/li>\n<li>M\u00e4kk\u00fd uret\u00e1nov\u00fd remienok pre pohodlie<\/li>\n<li>Luneta z nehrdzavej\u00facej ocele s vyryt\u00fdmi k\u00f3dmi miest<\/li>\n<li>Kompaktn\u00fd dizajn pre neobmedzen\u00fd pohyb z\u00e1p\u00e4stia<\/li>\n<\/ul>\n<p>PRW-61Y-3ER s\u00fa vhodn\u00e9 pre milovn\u00edkov outdooru, ktor\u00ed si cenia v\u00fdkon aj environment\u00e1lnu zodpovednos\u0165.<\/p>\n<\/div>\n","protected":false},"excerpt":{"rendered":"<p>\u201eEkologick\u00e9 hodinky PRO TREK s bioplastmi a funkciami pre outdoorov\u00e9 aktivity.&#8220;<\/p>\n","protected":false},"featured_media":71879,"template":"","meta":{"_acf_changed":false},"product_brand":[11212],"product_cat":[13387,13363],"product_tag":[],"class_list":{"0":"post-74130","1":"product","2":"type-product","3":"status-publish","4":"has-post-thumbnail","6":"product_brand-casio","7":"product_cat-edc","8":"product_cat-hodinky","10":"first","11":"instock","12":"taxable","13":"shipping-taxable","14":"purchasable","15":"product-type-simple"},"acf":[],"_links":{"self":[{"href":"https:\/\/staging.nbg.eu\/sk\/wp-json\/wp\/v2\/product\/74130","targetHints":{"allow":["GET"]}}],"collection":[{"href":"https:\/\/staging.nbg.eu\/sk\/wp-json\/wp\/v2\/product"}],"about":[{"href":"https:\/\/staging.nbg.eu\/sk\/wp-json\/wp\/v2\/types\/product"}],"wp:featuredmedia":[{"embeddable":true,"href":"https:\/\/staging.nbg.eu\/sk\/wp-json\/wp\/v2\/media\/71879"}],"wp:attachment":[{"href":"https:\/\/staging.nbg.eu\/sk\/wp-json\/wp\/v2\/media?parent=74130"}],"wp:term":[{"taxonomy":"product_brand","embeddable":true,"href":"https:\/\/staging.nbg.eu\/sk\/wp-json\/wp\/v2\/product_brand?post=74130"},{"taxonomy":"product_cat","embeddable":true,"href":"https:\/\/staging.nbg.eu\/sk\/wp-json\/wp\/v2\/product_cat?post=74130"},{"taxonomy":"product_tag","embeddable":true,"href":"https:\/\/staging.nbg.eu\/sk\/wp-json\/wp\/v2\/product_tag?post=74130"}],"curies":[{"name":"wp","href":"https:\/\/api.w.org\/{rel}","templated":true}]}}