{"id":74108,"date":"2024-10-18T19:05:21","date_gmt":"2024-10-29T10:04:22","guid":{"rendered":"https:\/\/staging.nbg.eu\/product\/casio-prg-340t-7er\/"},"modified":"2024-10-29T10:05:50","modified_gmt":"2024-10-29T10:05:50","slug":"casio-prg-340t-7er","status":"publish","type":"product","link":"https:\/\/staging.nbg.eu\/sk\/produkt\/casio-prg-340t-7er\/","title":{"rendered":"Casio PRG-340T-7ER"},"content":{"rendered":"<h2>Casio PRG-340T-7ER<\/h2>\n<p>Casio PRG-340T-7ER obsahuje tieto funkcie:<\/p>\n<ul>\n<li>Digit\u00e1lny kompas<\/li>\n<li>V\u00fd\u0161komer a barometer<\/li>\n<li>Teplomer<\/li>\n<li>Duplexn\u00fd LCD displej<\/li>\n<li>Kon\u0161trukcia z bioplastov<\/li>\n<li>Tla\u010didl\u00e1 priamych funkci\u00ed<\/li>\n<li>Sol\u00e1rne nap\u00e1janie<\/li>\n<li>Osvetlenie Super Illuminator<\/li>\n<\/ul>\n<p>PRG-340T-7ER m\u00e1 vodotesnos\u0165 do 10 barov, odolnos\u0165 vo\u010di n\u00edzkym teplot\u00e1m, svetov\u00fd \u010das a zobrazenie \u010dasu v\u00fdchodu a z\u00e1padu slnka.<\/p>\n","protected":false},"excerpt":{"rendered":"<p>Odoln\u00e9 outdoorov\u00e9 hodinky s kompasom, v\u00fd\u0161komerom a ekologick\u00fdm dizajnom.<\/p>\n","protected":false},"featured_media":71763,"template":"","meta":{"_acf_changed":false},"product_brand":[11212],"product_cat":[13387,13363],"product_tag":[],"class_list":{"0":"post-74108","1":"product","2":"type-product","3":"status-publish","4":"has-post-thumbnail","6":"product_brand-casio","7":"product_cat-edc","8":"product_cat-hodinky","10":"first","11":"instock","12":"taxable","13":"shipping-taxable","14":"purchasable","15":"product-type-simple"},"acf":[],"_links":{"self":[{"href":"https:\/\/staging.nbg.eu\/sk\/wp-json\/wp\/v2\/product\/74108","targetHints":{"allow":["GET"]}}],"collection":[{"href":"https:\/\/staging.nbg.eu\/sk\/wp-json\/wp\/v2\/product"}],"about":[{"href":"https:\/\/staging.nbg.eu\/sk\/wp-json\/wp\/v2\/types\/product"}],"wp:featuredmedia":[{"embeddable":true,"href":"https:\/\/staging.nbg.eu\/sk\/wp-json\/wp\/v2\/media\/71763"}],"wp:attachment":[{"href":"https:\/\/staging.nbg.eu\/sk\/wp-json\/wp\/v2\/media?parent=74108"}],"wp:term":[{"taxonomy":"product_brand","embeddable":true,"href":"https:\/\/staging.nbg.eu\/sk\/wp-json\/wp\/v2\/product_brand?post=74108"},{"taxonomy":"product_cat","embeddable":true,"href":"https:\/\/staging.nbg.eu\/sk\/wp-json\/wp\/v2\/product_cat?post=74108"},{"taxonomy":"product_tag","embeddable":true,"href":"https:\/\/staging.nbg.eu\/sk\/wp-json\/wp\/v2\/product_tag?post=74108"}],"curies":[{"name":"wp","href":"https:\/\/api.w.org\/{rel}","templated":true}]}}