{"id":74086,"date":"2024-10-18T18:54:11","date_gmt":"2024-10-29T10:02:26","guid":{"rendered":"https:\/\/staging.nbg.eu\/product\/casio-prg-270-1er\/"},"modified":"2024-10-29T10:03:53","modified_gmt":"2024-10-29T10:03:53","slug":"casio-prg-270-1er","status":"publish","type":"product","link":"https:\/\/staging.nbg.eu\/sk\/produkt\/casio-prg-270-1er\/","title":{"rendered":"Casio PRG-270-1ER"},"content":{"rendered":"<div class=\"product-description\">\n<h2>Casio PRG-270-1ER: Hodinky pre vonkaj\u0161ie aktivity<\/h2>\n<p>Casio PRG-270-1ER je vybaven\u00fd technol\u00f3giou Triple Sensor Version 3. Tento kompaktn\u00fd model PRO TREK poskytuje merania nadmorskej v\u00fd\u0161ky, barometrick\u00e9ho tlaku a smeru.<\/p>\n<ul>\n<li>Sol\u00e1rne nap\u00e1janie<\/li>\n<li>Triple Sensor: Kompas, Barometer\/Teplomer, V\u00fd\u0161komer<\/li>\n<li>Odolnos\u0165 vo\u010di n\u00edzkym teplot\u00e1m (-10\u00baC\/14\u00baF)<\/li>\n<li>Vodotesnos\u0165 do 100 metrov<\/li>\n<li>Alarm zmeny barometrick\u00e9ho tlaku<\/li>\n<li>Ve\u013ek\u00e9 bo\u010dn\u00e9 tla\u010didl\u00e1<\/li>\n<li>Zobrazenie \u010dasu v\u00fdchodu\/z\u00e1padu slnka<\/li>\n<li>Automatick\u00e9 podsvietenie pri n\u00edzkej vidite\u013enosti<\/li>\n<\/ul>\n<p>Tieto hodinky s\u00fa navrhnut\u00e9 pre outdoor aktivity. Casio PRG-270-1ER je vhodn\u00fd pre r\u00f4zne vonkaj\u0161ie podmienky.<\/p>\n<\/div>\n","protected":false},"excerpt":{"rendered":"<p>Odoln\u00e9 outdoorov\u00e9 hodinky s trojit\u00fdm senzorom a sol\u00e1rnym nap\u00e1jan\u00edm Tough Solar.<\/p>\n","protected":false},"featured_media":71532,"template":"","meta":{"_acf_changed":false},"product_brand":[11212],"product_cat":[13387,13363],"product_tag":[],"class_list":{"0":"post-74086","1":"product","2":"type-product","3":"status-publish","4":"has-post-thumbnail","6":"product_brand-casio","7":"product_cat-edc","8":"product_cat-hodinky","10":"first","11":"instock","12":"taxable","13":"shipping-taxable","14":"purchasable","15":"product-type-simple"},"acf":[],"_links":{"self":[{"href":"https:\/\/staging.nbg.eu\/sk\/wp-json\/wp\/v2\/product\/74086","targetHints":{"allow":["GET"]}}],"collection":[{"href":"https:\/\/staging.nbg.eu\/sk\/wp-json\/wp\/v2\/product"}],"about":[{"href":"https:\/\/staging.nbg.eu\/sk\/wp-json\/wp\/v2\/types\/product"}],"wp:featuredmedia":[{"embeddable":true,"href":"https:\/\/staging.nbg.eu\/sk\/wp-json\/wp\/v2\/media\/71532"}],"wp:attachment":[{"href":"https:\/\/staging.nbg.eu\/sk\/wp-json\/wp\/v2\/media?parent=74086"}],"wp:term":[{"taxonomy":"product_brand","embeddable":true,"href":"https:\/\/staging.nbg.eu\/sk\/wp-json\/wp\/v2\/product_brand?post=74086"},{"taxonomy":"product_cat","embeddable":true,"href":"https:\/\/staging.nbg.eu\/sk\/wp-json\/wp\/v2\/product_cat?post=74086"},{"taxonomy":"product_tag","embeddable":true,"href":"https:\/\/staging.nbg.eu\/sk\/wp-json\/wp\/v2\/product_tag?post=74086"}],"curies":[{"name":"wp","href":"https:\/\/api.w.org\/{rel}","templated":true}]}}