{"id":74064,"date":"2024-10-16T20:20:06","date_gmt":"2024-10-29T09:58:13","guid":{"rendered":"https:\/\/staging.nbg.eu\/product\/produkt-6\/"},"modified":"2024-10-29T09:58:33","modified_gmt":"2024-10-29T09:58:33","slug":"casio-gba-900uu-5aer","status":"publish","type":"product","link":"https:\/\/staging.nbg.eu\/sk\/produkt\/casio-gba-900uu-5aer\/","title":{"rendered":"Casio GBA-900UU-5AER"},"content":{"rendered":"<h2>Casio GBA-900UU-5AER: Hodinky pre mestsk\u00fd tr\u00e9ning<\/h2>\n<p>Casio GBA-900UU-5AER je G-SQUAD hodinky, ktor\u00e9 kombinuj\u00fa mestsk\u00fd \u0161t\u00fdl s pokro\u010dil\u00fdmi tr\u00e9ningov\u00fdmi funkciami.<\/p>\n<ul>\n<li>Presn\u00e9 meranie vzdialenosti s po\u010d\u00edtan\u00edm krokov a GPS \u00fapravou<\/li>\n<li>Kombinovan\u00fd cifern\u00edk zobrazuj\u00faci \u010das a merania<\/li>\n<li>Ergonomick\u00fd dizajn s lep\u0161ou ovl\u00e1date\u013enos\u0165ou a ventil\u00e1ciou<\/li>\n<li>Multifunk\u010dn\u00fd digit\u00e1lny displej s grafom intenzity cvi\u010denia<\/li>\n<li>Komplexn\u00e9 be\u017eeck\u00e9 merania vr\u00e1tane vzdialenosti, r\u00fdchlosti a tempa<\/li>\n<li>Automatick\u00e9 sledovanie krokov s denn\u00fdm indik\u00e1torom pokroku<\/li>\n<li>Intervalov\u00fd \u010dasova\u010d s integr\u00e1ciou smartf\u00f3nu<\/li>\n<li>Super Illuminator dvojit\u00e9 LED osvetlenie pre lep\u0161iu vidite\u013enos\u0165<\/li>\n<\/ul>\n<p>Casio GBA-900UU-5AER sp\u00e1ja \u0161t\u00fdl a funkcionalitu pre mestsk\u00e9 dobrodru\u017estv\u00e1 a vonkaj\u0161\u00ed tr\u00e9ning.<\/p>\n","protected":false},"excerpt":{"rendered":"<p>\u0160portov\u00e9 hodinky G-SQUAD s mestsk\u00fdm \u0161t\u00fdlom, sledovan\u00edm fitness aktiv\u00edt a LED svetlom.<\/p>\n","protected":false},"featured_media":71299,"template":"","meta":{"_acf_changed":false},"product_brand":[11212],"product_cat":[13387,13363],"product_tag":[],"class_list":{"0":"post-74064","1":"product","2":"type-product","3":"status-publish","4":"has-post-thumbnail","6":"product_brand-casio","7":"product_cat-edc","8":"product_cat-hodinky","10":"first","11":"instock","12":"taxable","13":"shipping-taxable","14":"purchasable","15":"product-type-simple"},"acf":[],"_links":{"self":[{"href":"https:\/\/staging.nbg.eu\/sk\/wp-json\/wp\/v2\/product\/74064","targetHints":{"allow":["GET"]}}],"collection":[{"href":"https:\/\/staging.nbg.eu\/sk\/wp-json\/wp\/v2\/product"}],"about":[{"href":"https:\/\/staging.nbg.eu\/sk\/wp-json\/wp\/v2\/types\/product"}],"wp:featuredmedia":[{"embeddable":true,"href":"https:\/\/staging.nbg.eu\/sk\/wp-json\/wp\/v2\/media\/71299"}],"wp:attachment":[{"href":"https:\/\/staging.nbg.eu\/sk\/wp-json\/wp\/v2\/media?parent=74064"}],"wp:term":[{"taxonomy":"product_brand","embeddable":true,"href":"https:\/\/staging.nbg.eu\/sk\/wp-json\/wp\/v2\/product_brand?post=74064"},{"taxonomy":"product_cat","embeddable":true,"href":"https:\/\/staging.nbg.eu\/sk\/wp-json\/wp\/v2\/product_cat?post=74064"},{"taxonomy":"product_tag","embeddable":true,"href":"https:\/\/staging.nbg.eu\/sk\/wp-json\/wp\/v2\/product_tag?post=74064"}],"curies":[{"name":"wp","href":"https:\/\/api.w.org\/{rel}","templated":true}]}}