{"id":74038,"date":"2024-10-16T20:26:30","date_gmt":"2024-10-25T14:30:11","guid":{"rendered":"https:\/\/staging.nbg.eu\/product\/casio-gbdh2000-1aer\/"},"modified":"2024-10-25T14:31:33","modified_gmt":"2024-10-25T14:31:33","slug":"casio-gbdh2000-1aer","status":"publish","type":"product","link":"https:\/\/staging.nbg.eu\/sk\/produkt\/casio-gbdh2000-1aer\/","title":{"rendered":"Casio GBDH2000-1AER"},"content":{"rendered":"<h2>Casio GBDH2000-1AER: Hodinky na sledovanie fitness<\/h2>\n<p>Casio GBDH2000-1AER m\u00e1 6 senzorov a GPS funkciu. Tieto hodinky monitoruj\u00fa fyzick\u00fa aktivitu v re\u00e1lnom \u010dase v 8 r\u00f4znych \u0161portoch, vr\u00e1tane behu, cyklistiky a pl\u00e1vania.<\/p>\n<ul>\n<li>Sleduje vzdialenos\u0165, r\u00fdchlos\u0165, \u010das, tempo, srdcov\u00fd tep a sp\u00e1len\u00e9 kal\u00f3rie<\/li>\n<li>Meria hladinu kysl\u00edka v krvi<\/li>\n<li>Dvojvrstvov\u00fd r\u00e1m<\/li>\n<li>Sol\u00e1rne nab\u00edjanie pre pred\u013a\u017eenie \u017eivotnosti bat\u00e9rie<\/li>\n<li>Inteligentn\u00e9 funkcie zah\u0155\u0148aj\u00fa notifik\u00e1cie a svetov\u00fd \u010das pre 300 miest<\/li>\n<\/ul>\n<p>GBDH2000-1AER je vyroben\u00fd z bioplastov. Hodinky kombinuj\u00fa technol\u00f3giu s oh\u013eadom na \u017eivotn\u00e9 prostredie. S\u00fa vhodn\u00e9 pre \u0161portovcov aj be\u017en\u00fdch pou\u017e\u00edvate\u013eov na sledovanie zdravia a fitness cie\u013eov.<\/p>\n","protected":false},"excerpt":{"rendered":"<p>\u0160portov\u00e9 hodinky s GPS a 6 senzormi, sleduj\u00face 8 aktiv\u00edt.<\/p>\n","protected":false},"featured_media":71416,"template":"","meta":{"_acf_changed":false},"product_brand":[11212],"product_cat":[13387,13363],"product_tag":[],"class_list":{"0":"post-74038","1":"product","2":"type-product","3":"status-publish","4":"has-post-thumbnail","6":"product_brand-casio","7":"product_cat-edc","8":"product_cat-hodinky","10":"first","11":"instock","12":"taxable","13":"shipping-taxable","14":"purchasable","15":"product-type-simple"},"acf":[],"_links":{"self":[{"href":"https:\/\/staging.nbg.eu\/sk\/wp-json\/wp\/v2\/product\/74038","targetHints":{"allow":["GET"]}}],"collection":[{"href":"https:\/\/staging.nbg.eu\/sk\/wp-json\/wp\/v2\/product"}],"about":[{"href":"https:\/\/staging.nbg.eu\/sk\/wp-json\/wp\/v2\/types\/product"}],"wp:featuredmedia":[{"embeddable":true,"href":"https:\/\/staging.nbg.eu\/sk\/wp-json\/wp\/v2\/media\/71416"}],"wp:attachment":[{"href":"https:\/\/staging.nbg.eu\/sk\/wp-json\/wp\/v2\/media?parent=74038"}],"wp:term":[{"taxonomy":"product_brand","embeddable":true,"href":"https:\/\/staging.nbg.eu\/sk\/wp-json\/wp\/v2\/product_brand?post=74038"},{"taxonomy":"product_cat","embeddable":true,"href":"https:\/\/staging.nbg.eu\/sk\/wp-json\/wp\/v2\/product_cat?post=74038"},{"taxonomy":"product_tag","embeddable":true,"href":"https:\/\/staging.nbg.eu\/sk\/wp-json\/wp\/v2\/product_tag?post=74038"}],"curies":[{"name":"wp","href":"https:\/\/api.w.org\/{rel}","templated":true}]}}